{"id":4965,"date":"2024-05-01T11:51:24","date_gmt":"2024-05-01T11:51:24","guid":{"rendered":"https:\/\/grass.10dxgroup.com\/mitarbeiter\/testimonials\/"},"modified":"2024-08-13T09:18:51","modified_gmt":"2024-08-13T09:18:51","slug":"testimonials","status":"publish","type":"page","link":"https:\/\/grass.10dxgroup.com\/de\/mitarbeiter\/testimonials\/","title":{"rendered":"Testimonials"},"content":{"rendered":"<section id=\"bt_bb_section6a093bb7f1950\" class=\"bt_bb_section bt_bb_layout_boxed_1200 bt_bb_vertical_align_top bt_bb_top_spacing_large bt_bb_bottom_spacing_normal bt_bb_highlighted_no\"  data-bt-override-class=\"{&quot;bt_bb_top_spacing_&quot;:{&quot;current_class&quot;:&quot;bt_bb_top_spacing_large&quot;,&quot;xxl&quot;:&quot;large&quot;},&quot;bt_bb_bottom_spacing_&quot;:{&quot;current_class&quot;:&quot;bt_bb_bottom_spacing_normal&quot;,&quot;xxl&quot;:&quot;normal&quot;}}\"><div class=\"bt_bb_port\"><div class=\"bt_bb_cell\"><div class=\"bt_bb_cell_inner\"><div class=\"bt_bb_row_wrapper\"><div  class=\"bt_bb_row\"  data-bt-override-class=\"{}\"><div  class=\"bt_bb_column col-xxl-2 col-xl-2 bt_bb_vertical_align_top bt_bb_align_left bt_bb_padding_normal\"  data-width=\"2\" data-bt-override-class=\"{}\"><div class=\"bt_bb_column_content\"><div class=\"bt_bb_column_content_inner\"><\/div><\/div><\/div><div  class=\"bt_bb_column col-xxl-8 col-xl-8 bt_bb_vertical_align_top bt_bb_align_center bt_bb_padding_normal bt_bb_animation_fade_in bt_bb_animation_move_up animate bt_bb_highlighted_no\"  data-width=\"8\" data-bt-override-class=\"{}\"><div class=\"bt_bb_column_content\"><div class=\"bt_bb_column_content_inner\"><header data-bb-version=\"4.8.8\" class=\"bt_bb_headline bt_bb_dash_bottom bt_bb_size_large bt_bb_align_inherit\" data-bt-override-class=\"{&quot;bt_bb_size_&quot;:{&quot;current_class&quot;:&quot;bt_bb_size_large&quot;,&quot;xxl&quot;:&quot;large&quot;},&quot;bt_bb_align_&quot;:{&quot;current_class&quot;:&quot;bt_bb_align_inherit&quot;,&quot;xxl&quot;:&quot;inherit&quot;}}\"><h2><span class=\"bt_bb_headline_content\"><span><strong>Was Kandidaten \u00fcber uns sagen:<\/strong><\/span><\/span><\/h2><\/header><div class=\"bt_bb_separator bt_bb_border_style_none bt_bb_bottom_spacing_large\" data-bt-override-class=\"null\"><\/div><\/div><\/div><\/div><div  class=\"bt_bb_column col-xxl-2 col-xl-2 bt_bb_vertical_align_top bt_bb_align_left bt_bb_padding_normal\"  data-width=\"2\" data-bt-override-class=\"{}\"><div class=\"bt_bb_column_content\"><div class=\"bt_bb_column_content_inner\"><\/div><\/div><\/div><\/div><\/div><div class=\"bt_bb_row_wrapper\"><div  class=\"bt_bb_row\"  data-bt-override-class=\"{}\"><div  class=\"bt_bb_column col-xxl-12 col-xl-12 col-xs-12 col-sm-12 col-md-12 col-lg-12 bt_bb_vertical_align_top bt_bb_align_left bt_bb_padding_normal\"  data-width=\"12\" data-bt-override-class=\"{}\"><div class=\"bt_bb_column_content\"><div class=\"bt_bb_column_content_inner\"><div  class=\"bt_bb_text\" ><div class=\"strong-view strong-view-id-1 default wpmtst-default slider-container carousel slider-mode-horizontal slider-stretch controls-type-sides-outside controls-style-buttons2 pager-type-full pager-style-buttons nav-position-outside\" data-count=15 data-slider-var=strong_slider_id_1 data-state=idle>\n<div class=\"strong-content wpmslider-content\">\n<div class=\"wpmtst-testimonial testimonial t-slide post-5307\">\n<div class=\"wpmtst-testimonial-inner testimonial-inner\">\n<div data-infinite-loop=\"true\"   class=\"wpmtst-testimonial-content testimonial-content\">\n<div class=\"maybe-clear\"><\/div>\n<blockquote>\n<p>Sehr gute, professionell durchgef\u00fchrte Workshops, von denen ich viel mitnehmen und auch anwenden konnte.<br \/>\nAlles sehr professionell und der Fokus liegt auf den Menschen.<br \/>\nGut, dass Sie auch kritische Aussagen machen.  <\/p>\n<\/blockquote>\n<\/div>\n<div class=\"wpmtst-testimonial-field testimonial-field testimonial-name\">B. S. from Buchs<\/div>\n<div class=\"clear\"><\/div>\n<\/div>\n<\/div>\n<div class=\"wpmtst-testimonial testimonial t-slide post-5311\">\n<div class=\"wpmtst-testimonial-inner testimonial-inner\">\n<div data-infinite-loop=\"true\"   class=\"wpmtst-testimonial-content testimonial-content\">\n<div class=\"maybe-clear\"><\/div>\n<blockquote>\n<p>Ich habe viel an mir gearbeitet und Schritte unternommen, um herauszufinden, was ich als n\u00e4chstes will.<br \/>\nEs f\u00fchlt sich wirklich gut an, die n\u00e4chste berufliche Rolle, in der ich mich sehe, gefunden\/erhalten zu haben.<br \/>\nVielen Dank f\u00fcr Ihre sehr hilfreiche Unterst\u00fctzung und Anleitung, f\u00fcr die n\u00fctzlichen \u00dcbungen und Diskussionen, die ich f\u00fchren konnte, und die wichtigen Grass-Workshops, an denen ich teilnehmen konnte.<br \/>\nSie alle waren Schritte auf meinem Weg zum Erfolg.   <\/p>\n<\/blockquote>\n<\/div>\n<div class=\"wpmtst-testimonial-field testimonial-field testimonial-name\">R. M. from Aarau<\/div>\n<div class=\"clear\"><\/div>\n<\/div>\n<\/div>\n<div class=\"wpmtst-testimonial testimonial t-slide post-5304\">\n<div class=\"wpmtst-testimonial-inner testimonial-inner\">\n<div data-infinite-loop=\"true\"   class=\"wpmtst-testimonial-content testimonial-content\">\n<div class=\"maybe-clear\"><\/div>\n<blockquote>\n<p>Indem ich in unseren Sitzungen herausfand, was ich suche und was ich zu bieten habe, gewann ich Klarheit dar\u00fcber, wohin mich die Zukunft f\u00fchren k\u00f6nnte.<br \/>\nSo konnte ich meinen Lebenslauf optimieren und ihn an die (&#8230;) Branche anpassen.<br \/>\nIhre Ratschl\u00e4ge und auch das Exit Statement waren f\u00fcr mich eine sehr n\u00fctzliche Hilfe.<br \/>\nIch m\u00f6chte diese Gelegenheit nutzen, um Ihnen noch einmal f\u00fcr die motivierende und inspirierende Arbeit zu danken, die wir gemeinsam geleistet haben.   <\/p>\n<\/blockquote>\n<\/div>\n<div class=\"wpmtst-testimonial-field testimonial-field testimonial-name\">M. G. from Meilen<\/div>\n<div class=\"clear\"><\/div>\n<\/div>\n<\/div>\n<div class=\"wpmtst-testimonial testimonial t-slide post-5308\">\n<div class=\"wpmtst-testimonial-inner testimonial-inner\">\n<div data-infinite-loop=\"true\"   class=\"wpmtst-testimonial-content testimonial-content\">\n<div class=\"maybe-clear\"><\/div>\n<blockquote>\n<p>Das Outplacement-Programm mit Grass &amp; Partner hat mir in vielerlei Hinsicht geholfen.<br \/>\nEs schafft Struktur, liefert wichtige Informationen und die wertvollen Tipps, die ich von meinem Berater bekommen habe, haben mir die Suche nach einer neuen Stelle sehr erleichtert. <\/p>\n<\/blockquote>\n<\/div>\n<div class=\"wpmtst-testimonial-field testimonial-field testimonial-name\">P. G. from Auslikon<\/div>\n<div class=\"clear\"><\/div>\n<\/div>\n<\/div>\n<div class=\"wpmtst-testimonial testimonial t-slide post-5272\">\n<div class=\"wpmtst-testimonial-inner testimonial-inner\">\n<div data-infinite-loop=\"true\"   class=\"wpmtst-testimonial-content testimonial-content\">\n<div class=\"maybe-clear\"><\/div>\n<blockquote>\n<p>Es bringt Klarheit in die Situation und nimmt den Druck in Ihrem Privatleben weg.<br \/>\nDas schafft Motivation und belebt den Geist. <\/p>\n<\/blockquote>\n<\/div>\n<div class=\"wpmtst-testimonial-field testimonial-field testimonial-name\">U. L. from Zuzwil<\/div>\n<div class=\"clear\"><\/div>\n<\/div>\n<\/div>\n<div class=\"wpmtst-testimonial testimonial t-slide post-5312\">\n<div class=\"wpmtst-testimonial-inner testimonial-inner\">\n<div data-infinite-loop=\"true\"   class=\"wpmtst-testimonial-content testimonial-content\">\n<div class=\"maybe-clear\"><\/div>\n<blockquote>\n<p>Zu lernen, wie ich eine neue Richtung einschlagen und meine Karriere planen kann &#8211; das wird mir auch in Zukunft helfen.<\/p>\n<\/blockquote>\n<\/div>\n<div class=\"wpmtst-testimonial-field testimonial-field testimonial-name\">L. C. from Gossau<\/div>\n<div class=\"clear\"><\/div>\n<\/div>\n<\/div>\n<div class=\"wpmtst-testimonial testimonial t-slide post-5277\">\n<div class=\"wpmtst-testimonial-inner testimonial-inner\">\n<div data-infinite-loop=\"true\"   class=\"wpmtst-testimonial-content testimonial-content\">\n<div class=\"maybe-clear\"><\/div>\n<blockquote>\n<p>Ich finde es immer noch faszinierend, was einem Menschen passieren kann, ohne dass er wirklich merkt, wann und warum<\/p>\n<\/blockquote>\n<\/div>\n<div class=\"wpmtst-testimonial-field testimonial-field testimonial-name\">N. G. from Trogen<\/div>\n<div class=\"clear\"><\/div>\n<\/div>\n<\/div>\n<div class=\"wpmtst-testimonial testimonial t-slide post-5279\">\n<div class=\"wpmtst-testimonial-inner testimonial-inner\">\n<div data-infinite-loop=\"true\"   class=\"wpmtst-testimonial-content testimonial-content\">\n<div class=\"maybe-clear\"><\/div>\n<blockquote>\n<p>W\u00e4hrend des Coaching-Prozesses wurde mir klar, wie selten ich mir in der Vergangenheit Zeit genommen habe, um nachzudenken und zu entscheiden, was ich wirklich will.<\/p>\n<\/blockquote>\n<\/div>\n<div class=\"wpmtst-testimonial-field testimonial-field testimonial-name\">P. B. from St. Gallen<\/div>\n<div class=\"clear\"><\/div>\n<\/div>\n<\/div>\n<div class=\"wpmtst-testimonial testimonial t-slide post-5273\">\n<div class=\"wpmtst-testimonial-inner testimonial-inner\">\n<div data-infinite-loop=\"true\"   class=\"wpmtst-testimonial-content testimonial-content\">\n<div class=\"maybe-clear\"><\/div>\n<blockquote>\n<p>Vor allem das Programmkonzept und die klare Struktur haben mich dazu bewogen, Grass &amp; Partner zu w\u00e4hlen.<\/p>\n<\/blockquote>\n<\/div>\n<div class=\"wpmtst-testimonial-field testimonial-field testimonial-name\">C. F. from Fruence<\/div>\n<div class=\"clear\"><\/div>\n<\/div>\n<\/div>\n<div class=\"wpmtst-testimonial testimonial t-slide post-5278\">\n<div class=\"wpmtst-testimonial-inner testimonial-inner\">\n<div data-infinite-loop=\"true\"   class=\"wpmtst-testimonial-content testimonial-content\">\n<div class=\"maybe-clear\"><\/div>\n<blockquote>\n<p class=\"quote\">F\u00fcr einen erfolgreichen Jobwechsel brauchen Sie professionelle Unterst\u00fctzung, sonst ist die Gefahr gro\u00df, dass Sie auf der Stelle treten.<\/p>\n<\/blockquote>\n<\/div>\n<div class=\"wpmtst-testimonial-field testimonial-field testimonial-name\">W. W. from Aarau<\/div>\n<div class=\"clear\"><\/div>\n<\/div>\n<\/div>\n<div class=\"wpmtst-testimonial testimonial t-slide post-5179\">\n<div class=\"wpmtst-testimonial-inner testimonial-inner\">\n<div data-infinite-loop=\"true\"   class=\"wpmtst-testimonial-content testimonial-content\">\n<div class=\"maybe-clear\"><\/div>\n<blockquote>\n<p>Ich f\u00fchlte mich immer sehr gut verstanden, das Konzept wurde eingehalten und es gab sehr gute Diskussionen, die mich weitergebracht haben.<\/p>\n<\/blockquote>\n<\/div>\n<div class=\"wpmtst-testimonial-field testimonial-field testimonial-name\">D.K. Kanton Freiburg<\/div>\n<div class=\"clear\"><\/div>\n<\/div>\n<\/div>\n<div class=\"wpmtst-testimonial testimonial t-slide post-5284\">\n<div class=\"wpmtst-testimonial-inner testimonial-inner\">\n<div data-infinite-loop=\"true\"   class=\"wpmtst-testimonial-content testimonial-content\">\n<div class=\"maybe-clear\"><\/div>\n<blockquote>\n<p>Ich war sehr zufrieden mit der Betreuung durch meinen pers\u00f6nlichen Coach!<br \/>\nDer Coach hatte immer ein offenes Ohr und konnte meine Fragen direkt, kompetent und zielgerichtet beantworten, nochmals vielen Dank! <\/p>\n<\/blockquote>\n<\/div>\n<div class=\"wpmtst-testimonial-field testimonial-field testimonial-name\">S.F. Kanton Solothurn<\/div>\n<div class=\"clear\"><\/div>\n<\/div>\n<\/div>\n<div class=\"wpmtst-testimonial testimonial t-slide post-5315\">\n<div class=\"wpmtst-testimonial-inner testimonial-inner\">\n<div data-infinite-loop=\"true\"   class=\"wpmtst-testimonial-content testimonial-content\">\n<div class=\"maybe-clear\"><\/div>\n<blockquote>\n<p>Neben der professionellen und sehr informativen Pr\u00e4sentation des Unternehmens war mein Berater als Person einer der Hauptgr\u00fcnde, warum ich mich f\u00fcr das Programm bei Grass &amp; Partner entschieden habe.<br \/>\nImmer absolut professionell, ehrlich, direkt, mit der richtigen &#8222;Portion&#8220; Einf\u00fchlungsverm\u00f6gen und Humor <\/p>\n<\/blockquote>\n<\/div>\n<div class=\"wpmtst-testimonial-field testimonial-field testimonial-name\">U.A. Bern<\/div>\n<div class=\"clear\"><\/div>\n<\/div>\n<\/div>\n<div class=\"wpmtst-testimonial testimonial t-slide post-5289\">\n<div class=\"wpmtst-testimonial-inner testimonial-inner\">\n<div data-infinite-loop=\"true\"   class=\"wpmtst-testimonial-content testimonial-content\">\n<div class=\"maybe-clear\"><\/div>\n<blockquote>\n<p>Das Assessment mit meiner Beraterin bei Grass Bern war f\u00fcr mich eine Best\u00e4tigung, dass ich den Weg in die Selbstst\u00e4ndigkeit einschlage.<br \/>\nSie hat diesen Prozess mit wertvollen Ratschl\u00e4gen begleitet, die definitiv zum erfolgreichen Start meiner heutigen Beratungst\u00e4tigkeit beigetragen haben. <\/p>\n<\/blockquote>\n<\/div>\n<div class=\"wpmtst-testimonial-field testimonial-field testimonial-name\">P.K. Freiburg<\/div>\n<div class=\"clear\"><\/div>\n<\/div>\n<\/div>\n<div class=\"wpmtst-testimonial testimonial t-slide post-5283\">\n<div class=\"wpmtst-testimonial-inner testimonial-inner\">\n<div data-infinite-loop=\"true\"   class=\"wpmtst-testimonial-content testimonial-content\">\n<div class=\"maybe-clear\"><\/div>\n<blockquote>\n<p>Die Konfrontation mit mir selbst war einer der wichtigsten Punkte bei der Bestimmung meiner aktuellen Position und ebnete den Weg, um herauszufinden, was ich in Zukunft will und wohin ich gehen m\u00f6chte.<br \/>\nDer vielseitige und offene Austausch mit Walter Burkhalter hat mir sehr geholfen, meine neue Herausforderung zu finden. <\/p>\n<\/blockquote>\n<\/div>\n<div class=\"wpmtst-testimonial-field testimonial-field testimonial-name\">P.Z. Bern<\/div>\n<div class=\"clear\"><\/div>\n<\/div>\n<\/div>\n<\/div>\n<\/div>\n<header><\/header>\n<header><\/header>\n<header><\/header>\n<header><\/header>\n<header><\/header>\n<header><\/header>\n<\/div><\/div><\/div><\/div><\/div><\/div><\/div><!-- cell_inner --><\/div><!-- cell --><\/div><!-- port --><\/section><section id=\"bt_bb_section6a093bb80697a\" class=\"bt_bb_section bt_bb_color_scheme_2 bt_bb_layout_boxed_1200 bt_bb_vertical_align_middle bt_bb_background_overlay_light_solid bt_bb_top_spacing_extra_large bt_bb_bottom_spacing_extra_large bt_bb_highlighted_no\" style=\"; --section-primary-color:#000000; --section-secondary-color:#ffffff;;background-color:#ffffff;\" data-bt-override-class=\"null\"><div class=\"bt_bb_background_image_holder_wrapper\"><div class=\"bt_bb_background_image_holder\"  data-parallax-zoom-start=\"1\" data-parallax-zoom-end=\"1\" data-parallax-blur-start=\"0\" data-parallax-blur-end=\"0\" data-parallax-opacity-start=\"1\" data-parallax-opacity-end=\"1\" style=\" background-image:url(&#039;https:\/\/grass.10dxgroup.com\/wp-content\/uploads\/2024\/04\/leadership-scaled.jpg&#039;);\"><\/div><\/div><div class=\"bt_bb_port\"><div class=\"bt_bb_cell\"><div class=\"bt_bb_cell_inner\"><div class=\"bt_bb_row_wrapper\"><div  class=\"bt_bb_row\"  data-bt-override-class=\"{}\"><div  class=\"bt_bb_column col-xxl-12 col-xl-12 bt_bb_vertical_align_top bt_bb_align_center bt_bb_padding_normal bt_bb_animation_fade_in bt_bb_animation_zoom_out animate bt_bb_highlighted_no\"  data-width=\"12\" data-bt-override-class=\"{}\"><div class=\"bt_bb_column_content\"><div class=\"bt_bb_column_content_inner\"><div class=\"bt_bb_image bt_bb_shape_square bt_bb_target_self bt_bb_align_inherit bt_bb_hover_style_simple bt_bb_content_display_always bt_bb_content_align_middle\" data-bt-override-class=\"{}\"><span><img decoding=\"async\" width=\"62\" height=\"58\" src=\"https:\/\/grass.10dxgroup.com\/wp-content\/uploads\/2018\/01\/quote.png\" class=\"attachment-full size-full\" alt=\"https:\/\/grass.10dxgroup.com\/wp-content\/uploads\/2018\/01\/quote.png\" data-full_image_src=\"https:\/\/grass.10dxgroup.com\/wp-content\/uploads\/2018\/01\/quote.png\" title=\"quote\" \/><\/span><\/div><div class=\"bt_bb_separator bt_bb_border_style_none bt_bb_bottom_spacing_medium\" data-bt-override-class=\"null\"><\/div><header class=\"bt_bb_headline bt_bb_font_weight_light bt_bb_dash_bottom bt_bb_subheadline bt_bb_size_large bt_bb_align_inherit bt_bb_hidden_xs bt_bb_hidden_ms bt_bb_hidden_sm\" data-bt-override-class=\"null\"><h2><span class=\"bt_bb_headline_content\"><span>Ihre Marke ist das, was andere Leute \u00fcber Sie sagen, wenn Sie nicht im Raum sind.<\/span><\/span><\/h2><div class=\"bt_bb_headline_subheadline\">Jeff Bezos<\/div><\/header><header class=\"bt_bb_headline bt_bb_font_weight_light bt_bb_dash_bottom bt_bb_subheadline bt_bb_size_large bt_bb_align_inherit bt_bb_hidden_md bt_bb_hidden_lg\" data-bt-override-class=\"null\"><h2><span class=\"bt_bb_headline_content\"><span><strong>Jeder Mensch hat einzigartige Gaben<\/strong>, und diese Gaben geben ihm oder ihr die Kraft und die M\u00f6glichkeit, gro\u00dfe Dinge zu vollbringen.<\/span><\/span><\/h2><div class=\"bt_bb_headline_subheadline\">Zig Ziglar<\/div><\/header><\/div><\/div><\/div><\/div><\/div><div class=\"bt_bb_row_wrapper\"><div  class=\"bt_bb_row\"  data-bt-override-class=\"{}\"><div  class=\"bt_bb_column col-xxl-12 col-xl-12 bt_bb_vertical_align_top bt_bb_align_left bt_bb_padding_normal\"  data-width=\"12\" data-bt-override-class=\"{}\"><div class=\"bt_bb_column_content\"><div class=\"bt_bb_column_content_inner\"><div class=\"bt_bb_separator bt_bb_border_style_none bt_bb_bottom_spacing_extra_large\" data-bt-override-class=\"null\"><\/div><\/div><\/div><\/div><\/div><\/div><\/div><!-- cell_inner --><\/div><!-- cell --><\/div><!-- port --><\/section><section id=\"bt_bb_section6a093bb807d82\" class=\"bt_bb_section bt_bb_layout_boxed_left_1200 bt_bb_vertical_align_top bt_bb_top_negative_margin_extra_large bt_bb_highlighted_no\" style=\"background: linear-gradient(to right, #f71c52 0%, #b40d4a 100%); z-index: 1;\" data-bt-override-class=\"null\"><div class=\"bt_bb_port\"><div class=\"bt_bb_cell\"><div class=\"bt_bb_cell_inner\"><div class=\"bt_bb_row_wrapper\"><div  class=\"bt_bb_row\"  data-bt-override-class=\"{}\"><div  class=\"bt_bb_column col-xxl-12 col-xl-12 bt_bb_vertical_align_top bt_bb_align_left bt_bb_padding_normal\"  data-width=\"12\" data-bt-override-class=\"{}\"><div class=\"bt_bb_column_content\"><div class=\"bt_bb_column_content_inner\"><div class=\"bt_bb_separator bt_bb_border_style_none bt_bb_bottom_spacing_small\" data-bt-override-class=\"null\"><\/div><\/div><\/div><\/div><\/div><\/div><\/div><!-- cell_inner --><\/div><!-- cell --><\/div><!-- port --><\/section><section id=\"bt_bb_section6a093bb80826c\" class=\"bt_bb_section bt_bb_layout_boxed_left_1200 bt_bb_vertical_align_top bt_bb_highlighted_no\" style=\"z-index: 2;;background-color:#ffffff;\" data-bt-override-class=\"null\"><div class=\"bt_bb_port\"><div class=\"bt_bb_cell\"><div class=\"bt_bb_cell_inner\"><div class=\"bt_bb_row_wrapper\"><div  class=\"bt_bb_row bt_bb_column_gap_20\"  data-bt-override-class=\"{}\"><div  class=\"bt_bb_column col-xxl-6 col-xl-6 bt_bb_vertical_align_middle bt_bb_align_center bt_bb_padding_double bt_bb_animation_fade_in bt_bb_animation_zoom_out animate bt_bb_highlighted_no\"  data-width=\"6\" data-bt-override-class=\"{}\"><div class=\"bt_bb_column_content\"><div class=\"bt_bb_column_content_inner\"><div class=\"bt_bb_separator bt_bb_border_style_none bt_bb_bottom_spacing_large\" data-bt-override-class=\"null\"><\/div><header class=\"bt_bb_headline bt_bb_dash_bottom bt_bb_subheadline bt_bb_size_large bt_bb_align_inherit\" data-bt-override-class=\"null\"><h3><span class=\"bt_bb_headline_content\"><span><strong>Kontaktieren Sie uns<\/strong> f\u00fcr ein individuelles Angebot<\/span><\/span><\/h3><div class=\"bt_bb_headline_subheadline\">Das Erreichen Ihrer beruflichen Ziele kann zu positiven Ver\u00e4nderungen in allen Bereichen Ihres Lebens f\u00fchren.<br \/>\nCoaching bef\u00e4higt Sie dazu, Ihre Karriere selbst in die Hand zu nehmen und den Erfolg zu erreichen, von dem Sie getr\u00e4umt haben. <\/div><\/header><div class=\"bt_bb_separator bt_bb_border_style_none bt_bb_bottom_spacing_large\" data-bt-override-class=\"null\"><\/div><\/div><\/div><\/div><div  class=\"bt_bb_column col-xxl-6 col-xl-6 bt_bb_vertical_align_top bt_bb_align_left bt_bb_padding_double bt_bb_animation_fade_in bt_bb_animation_zoom_out animate bt_bb_highlighted_no\" style=\"border-left: 1px solid rgba(0,0,0,.1);\" data-width=\"6\" data-bt-override-class=\"{}\"><div class=\"bt_bb_column_content\"><div class=\"bt_bb_column_content_inner\"><div class=\"bt_bb_separator bt_bb_border_style_none bt_bb_top_spacing_normal bt_bb_bottom_spacing_large bt_bb_hidden_xs bt_bb_hidden_ms bt_bb_hidden_sm\" data-bt-override-class=\"null\"><\/div><div  class=\"bt_bb_text\" >\n<div class=\"wpcf7 no-js\" id=\"wpcf7-f5296-o1\" lang=\"de-DE\" dir=\"ltr\">\n<div class=\"screen-reader-response\"><p role=\"status\" aria-live=\"polite\" aria-atomic=\"true\"><\/p> <ul><\/ul><\/div>\n<form action=\"\/de\/wp-json\/wp\/v2\/pages\/4965#wpcf7-f5296-o1\" method=\"post\" class=\"wpcf7-form init\" aria-label=\"Kontaktformular\" novalidate=\"novalidate\" data-status=\"init\">\n<div style=\"display: none;\">\n<input type=\"hidden\" name=\"_wpcf7\" value=\"5296\" \/>\n<input type=\"hidden\" name=\"_wpcf7_version\" value=\"5.9.2\" \/>\n<input type=\"hidden\" name=\"_wpcf7_locale\" value=\"de_DE\" \/>\n<input type=\"hidden\" name=\"_wpcf7_unit_tag\" value=\"wpcf7-f5296-o1\" \/>\n<input type=\"hidden\" name=\"_wpcf7_container_post\" value=\"0\" \/>\n<input type=\"hidden\" name=\"_wpcf7_posted_data_hash\" value=\"\" \/>\n<\/div>\n<p><span class=\"wpcf7-form-control-wrap\" data-name=\"your-name\"><input size=\"40\" class=\"wpcf7-form-control wpcf7-text wpcf7-validates-as-required\" aria-required=\"true\" aria-invalid=\"false\" placeholder=\"Ihr Name *\" value=\"\" type=\"text\" name=\"your-name\" \/><\/span>\n<\/p>\n<p><span class=\"wpcf7-form-control-wrap\" data-name=\"your-email\"><input size=\"40\" class=\"wpcf7-form-control wpcf7-email wpcf7-validates-as-required wpcf7-text wpcf7-validates-as-email\" aria-required=\"true\" aria-invalid=\"false\" placeholder=\"Ihre E-Mail Adresse *\" value=\"\" type=\"email\" name=\"your-email\" \/><\/span>\n<\/p>\n<p><span class=\"wpcf7-form-control-wrap\" data-name=\"comments\"><textarea cols=\"40\" rows=\"8\" class=\"wpcf7-form-control wpcf7-textarea wpcf7-validates-as-required\" aria-required=\"true\" aria-invalid=\"false\" placeholder=\"Ihre Fragen, Zweifel, Probleme... *\" name=\"comments\"><\/textarea><\/span>\n<\/p>\n<p><input class=\"wpcf7-form-control wpcf7-submit has-spinner\" type=\"submit\" value=\"FORMULAR SCHICKEN\" \/>\n<\/p><div class=\"wpcf7-response-output\" aria-hidden=\"true\"><\/div>\n<\/form>\n<\/div>\n<\/div><div class=\"bt_bb_separator bt_bb_border_style_none bt_bb_bottom_spacing_large\" data-bt-override-class=\"null\"><\/div><\/div><\/div><\/div><\/div><\/div><\/div><!-- cell_inner --><\/div><!-- cell --><\/div><!-- port --><\/section><section data-bb-version=\"4.8.8\" id=\"bt_bb_section6a093bb80a5f1\" class=\"bt_bb_section bt_bb_layout_boxed_1200\"  data-bt-override-class=\"null\"><div class=\"bt_bb_port\"><div class=\"bt_bb_cell\"><div class=\"bt_bb_cell_inner\"><div class=\"bt_bb_row_wrapper\"><div  class=\"bt_bb_row\"  data-bt-override-class=\"{}\"><div data-bb-version=\"4.8.8\"  class=\"bt_bb_column col-xxl-12 col-xl-12 col-xs-12 col-sm-12 col-md-12 col-lg-12 bt_bb_vertical_align_top bt_bb_align_left bt_bb_padding_normal\"  data-width=\"12\" data-bt-override-class=\"{}\"><div class=\"bt_bb_column_content\"><div class=\"bt_bb_column_content_inner\"><\/div><\/div><\/div><\/div><\/div><\/div><!-- cell_inner --><\/div><!-- cell --><\/div><!-- port --><\/section>","protected":false},"excerpt":{"rendered":"<p>Setzen Sie auf ein leistungsf\u00e4higes E-Business nach benutzerfreundlichem intellektuellem Kapital.<br \/>\nAktualisieren Sie Front-End-Prozesse interaktiv mit effektiven konvergenzbasierten Methoden. <\/p>\n","protected":false},"author":1,"featured_media":4755,"parent":4872,"menu_order":0,"comment_status":"closed","ping_status":"closed","template":"","meta":{"_acf_changed":false,"footnotes":""},"class_list":["post-4965","page","type-page","status-publish","has-post-thumbnail","hentry"],"acf":[],"_links":{"self":[{"href":"https:\/\/grass.10dxgroup.com\/de\/wp-json\/wp\/v2\/pages\/4965","targetHints":{"allow":["GET"]}}],"collection":[{"href":"https:\/\/grass.10dxgroup.com\/de\/wp-json\/wp\/v2\/pages"}],"about":[{"href":"https:\/\/grass.10dxgroup.com\/de\/wp-json\/wp\/v2\/types\/page"}],"author":[{"embeddable":true,"href":"https:\/\/grass.10dxgroup.com\/de\/wp-json\/wp\/v2\/users\/1"}],"replies":[{"embeddable":true,"href":"https:\/\/grass.10dxgroup.com\/de\/wp-json\/wp\/v2\/comments?post=4965"}],"version-history":[{"count":1,"href":"https:\/\/grass.10dxgroup.com\/de\/wp-json\/wp\/v2\/pages\/4965\/revisions"}],"predecessor-version":[{"id":4968,"href":"https:\/\/grass.10dxgroup.com\/de\/wp-json\/wp\/v2\/pages\/4965\/revisions\/4968"}],"up":[{"embeddable":true,"href":"https:\/\/grass.10dxgroup.com\/de\/wp-json\/wp\/v2\/pages\/4872"}],"wp:featuredmedia":[{"embeddable":true,"href":"https:\/\/grass.10dxgroup.com\/de\/wp-json\/wp\/v2\/media\/4755"}],"wp:attachment":[{"href":"https:\/\/grass.10dxgroup.com\/de\/wp-json\/wp\/v2\/media?parent=4965"}],"curies":[{"name":"wp","href":"https:\/\/api.w.org\/{rel}","templated":true}]}}