{"id":5004,"date":"2024-05-16T13:43:57","date_gmt":"2024-05-16T13:43:57","guid":{"rendered":"https:\/\/grass.10dxgroup.com\/giovanni-adornetto\/"},"modified":"2024-08-13T09:19:18","modified_gmt":"2024-08-13T09:19:18","slug":"giovanni-adornetto","status":"publish","type":"page","link":"https:\/\/grass.10dxgroup.com\/de\/standorte-team\/team\/giovanni-adornetto\/","title":{"rendered":"Giovanni Adornetto"},"content":{"rendered":"<section id=\"bt_bb_section6a093aa7db5e7\" class=\"bt_bb_section bt_bb_layout_wide bt_bb_vertical_align_top bt_bb_highlighted_no\"  data-bt-override-class=\"null\"><div class=\"bt_bb_port\"><div class=\"bt_bb_cell\"><div class=\"bt_bb_cell_inner\"><div class=\"bt_bb_row_wrapper\"><div  class=\"bt_bb_row\"  data-bt-override-class=\"{}\"><div data-bb-version=\"4.8.8\"  class=\"bt_bb_column col-xxl-6 col-xl-6 col-xs-12 col-sm-6 col-md-6 col-lg-6 bt_bb_vertical_align_top bt_bb_align_center bt_bb_padding_none bt_bb_highlighted_no\"  data-width=\"6\" data-bt-override-class=\"{&quot;bt_bb_align_&quot;:{&quot;current_class&quot;:&quot;bt_bb_align_center&quot;,&quot;xxl&quot;:&quot;center&quot;},&quot;bt_bb_padding_&quot;:{&quot;current_class&quot;:&quot;bt_bb_padding_none&quot;,&quot;xxl&quot;:&quot;none&quot;}}\"><div class=\"bt_bb_column_content\"><div class=\"bt_bb_column_content_inner\"><div data-bb-version=\"4.8.8\" class=\"bt_bb_separator bt_bb_border_style_none bt_bb_top_spacing_none bt_bb_bottom_spacing_medium\" data-bt-override-class=\"{&quot;bt_bb_top_spacing_&quot;:{&quot;current_class&quot;:&quot;bt_bb_top_spacing_none&quot;,&quot;xxl&quot;:&quot;none&quot;},&quot;bt_bb_bottom_spacing_&quot;:{&quot;current_class&quot;:&quot;bt_bb_bottom_spacing_medium&quot;,&quot;xxl&quot;:&quot;medium&quot;}}\"><\/div><div data-bb-version=\"4.8.8\" class=\"bt_bb_image bt_bb_shape_soft-rounded bt_bb_target_self bt_bb_align_inherit bt_bb_hover_style_simple bt_bb_content_display_always bt_bb_content_align_middle\" data-bt-override-class=\"{&quot;bt_bb_align_&quot;:{&quot;current_class&quot;:&quot;bt_bb_align_inherit&quot;,&quot;xxl&quot;:&quot;inherit&quot;},&quot;bt_bb_content_display_&quot;:{&quot;current_class&quot;:&quot;bt_bb_content_display_always&quot;,&quot;xxl&quot;:&quot;always&quot;}}\"><span><img fetchpriority=\"high\" decoding=\"async\" width=\"354\" height=\"400\" src=\"https:\/\/grass.10dxgroup.com\/wp-content\/uploads\/2024\/05\/Portrait_hoch_Adornetto_Web_CF710625.jpg\" class=\"attachment-full size-full\" alt=\"https:\/\/grass.10dxgroup.com\/wp-content\/uploads\/2024\/05\/Portrait_hoch_Adornetto_Web_CF710625.jpg\" data-full_image_src=\"https:\/\/grass.10dxgroup.com\/wp-content\/uploads\/2024\/05\/Portrait_hoch_Adornetto_Web_CF710625.jpg\" title=\"Portrait_hoch_Adornetto_Web_CF710625\" srcset=\"https:\/\/grass.10dxgroup.com\/wp-content\/uploads\/2024\/05\/Portrait_hoch_Adornetto_Web_CF710625.jpg 354w, https:\/\/grass.10dxgroup.com\/wp-content\/uploads\/2024\/05\/Portrait_hoch_Adornetto_Web_CF710625-320x362.jpg 320w\" sizes=\"(max-width: 354px) 100vw, 354px\" \/><\/span><\/div><div data-bb-version=\"4.8.8\" class=\"bt_bb_separator bt_bb_border_style_none bt_bb_top_spacing_none bt_bb_bottom_spacing_medium\" data-bt-override-class=\"{&quot;bt_bb_top_spacing_&quot;:{&quot;current_class&quot;:&quot;bt_bb_top_spacing_none&quot;,&quot;xxl&quot;:&quot;none&quot;},&quot;bt_bb_bottom_spacing_&quot;:{&quot;current_class&quot;:&quot;bt_bb_bottom_spacing_medium&quot;,&quot;xxl&quot;:&quot;medium&quot;}}\"><\/div><div data-bb-version=\"4.8.8\" class=\"bt_bb_icon bt_bb_style_outline bt_bb_size_xsmall bt_bb_shape_circle bt_bb_align_inherit\" data-bt-override-class=\"{&quot;bt_bb_size_&quot;:{&quot;current_class&quot;:&quot;bt_bb_size_xsmall&quot;,&quot;xxl&quot;:&quot;xsmall&quot;},&quot;bt_bb_align_&quot;:{&quot;current_class&quot;:&quot;bt_bb_align_inherit&quot;,&quot;xxl&quot;:&quot;inherit&quot;}}\"><a href=\"https:\/\/ch.linkedin.com\/in\/giovanni-adornetto\"  target=\"_self\" data-ico-fontawesome=\"&#xf0e1;\" class=\"bt_bb_icon_holder\"><\/a><\/div><div data-bb-version=\"4.8.8\" class=\"bt_bb_icon bt_bb_style_outline bt_bb_size_xsmall bt_bb_shape_circle bt_bb_align_inherit\" data-bt-override-class=\"{&quot;bt_bb_size_&quot;:{&quot;current_class&quot;:&quot;bt_bb_size_xsmall&quot;,&quot;xxl&quot;:&quot;xsmall&quot;},&quot;bt_bb_align_&quot;:{&quot;current_class&quot;:&quot;bt_bb_align_inherit&quot;,&quot;xxl&quot;:&quot;inherit&quot;}}\"><a href=\"https:\/\/www.xing.com\/profile\/Giovanni_Adornetto\"  target=\"_self\" data-ico-fontawesome=\"&#xf168;\" class=\"bt_bb_icon_holder\"><\/a><\/div><div data-bb-version=\"4.8.8\" class=\"bt_bb_separator bt_bb_border_style_none bt_bb_top_spacing_none bt_bb_bottom_spacing_medium\" data-bt-override-class=\"{&quot;bt_bb_top_spacing_&quot;:{&quot;current_class&quot;:&quot;bt_bb_top_spacing_none&quot;,&quot;xxl&quot;:&quot;none&quot;},&quot;bt_bb_bottom_spacing_&quot;:{&quot;current_class&quot;:&quot;bt_bb_bottom_spacing_medium&quot;,&quot;xxl&quot;:&quot;medium&quot;}}\"><\/div><div class=\"bt_bb_image bt_bb_shape_square bt_bb_target_self bt_bb_align_inherit bt_bb_hover_style_simple bt_bb_content_display_always bt_bb_content_align_middle\" data-bt-override-class=\"{}\"><span><img decoding=\"async\" width=\"62\" height=\"58\" src=\"https:\/\/grass.10dxgroup.com\/wp-content\/uploads\/2018\/01\/quote.png\" class=\"attachment-full size-full\" alt=\"https:\/\/grass.10dxgroup.com\/wp-content\/uploads\/2018\/01\/quote.png\" data-full_image_src=\"https:\/\/grass.10dxgroup.com\/wp-content\/uploads\/2018\/01\/quote.png\" title=\"quote\" \/><\/span><\/div><header data-bb-version=\"4.8.8\" class=\"bt_bb_headline team-member-image bt_bb_font_weight_light bt_bb_dash_bottom bt_bb_subheadline bt_bb_size_large bt_bb_align_inherit\" data-bt-override-class=\"{&quot;bt_bb_size_&quot;:{&quot;current_class&quot;:&quot;bt_bb_size_large&quot;,&quot;xxl&quot;:&quot;large&quot;},&quot;bt_bb_align_&quot;:{&quot;current_class&quot;:&quot;bt_bb_align_inherit&quot;,&quot;xxl&quot;:&quot;inherit&quot;}}\"><h3><span class=\"bt_bb_headline_content\"><span>Cogito, ergo sum<\/span><\/span><\/h3><div class=\"bt_bb_headline_subheadline\">Ren\u00e9 Descartes, 1644, *1596; \u20201650<\/div><\/header><div data-bb-version=\"4.8.8\" class=\"bt_bb_separator bt_bb_border_style_none bt_bb_top_spacing_none bt_bb_bottom_spacing_medium\" data-bt-override-class=\"{&quot;bt_bb_top_spacing_&quot;:{&quot;current_class&quot;:&quot;bt_bb_top_spacing_none&quot;,&quot;xxl&quot;:&quot;none&quot;},&quot;bt_bb_bottom_spacing_&quot;:{&quot;current_class&quot;:&quot;bt_bb_bottom_spacing_medium&quot;,&quot;xxl&quot;:&quot;medium&quot;}}\"><\/div><\/div><\/div><\/div><div data-bb-version=\"4.8.8\"  class=\"bt_bb_column col-xxl-6 col-xl-6 col-xs-12 col-sm-6 col-md-6 col-lg-6 bt_bb_vertical_align_middle bt_bb_align_left bt_bb_padding_none bt_bb_animation_fade_in animate bt_bb_highlighted_no\"  data-width=\"6\" data-bt-override-class=\"{&quot;bt_bb_align_&quot;:{&quot;current_class&quot;:&quot;bt_bb_align_left&quot;,&quot;xxl&quot;:&quot;left&quot;},&quot;bt_bb_padding_&quot;:{&quot;current_class&quot;:&quot;bt_bb_padding_none&quot;,&quot;xxl&quot;:&quot;none&quot;}}\"><div class=\"bt_bb_column_content\"><div class=\"bt_bb_column_content_inner\"><div data-bb-version=\"4.8.8\" class=\"bt_bb_separator bt_bb_border_style_none bt_bb_top_spacing_none bt_bb_bottom_spacing_medium\" data-bt-override-class=\"{&quot;bt_bb_top_spacing_&quot;:{&quot;current_class&quot;:&quot;bt_bb_top_spacing_none&quot;,&quot;xxl&quot;:&quot;none&quot;},&quot;bt_bb_bottom_spacing_&quot;:{&quot;current_class&quot;:&quot;bt_bb_bottom_spacing_medium&quot;,&quot;xxl&quot;:&quot;medium&quot;}}\"><\/div><header data-bb-version=\"4.8.8\" class=\"bt_bb_headline team-member-profile bt_bb_dash_bottom bt_bb_subheadline bt_bb_size_normal bt_bb_align_inherit\" data-bt-override-class=\"{&quot;bt_bb_size_&quot;:{&quot;current_class&quot;:&quot;bt_bb_size_normal&quot;,&quot;xxl&quot;:&quot;normal&quot;},&quot;bt_bb_align_&quot;:{&quot;current_class&quot;:&quot;bt_bb_align_inherit&quot;,&quot;xxl&quot;:&quot;inherit&quot;}}\"><h1><span class=\"bt_bb_headline_content\"><span>Giovanni Adornetto<\/span><\/span><\/h1><div class=\"bt_bb_headline_subheadline\">Niederlassungsleiter Basel\/Partner<\/div><\/header><div data-bb-version=\"4.8.8\" class=\"bt_bb_separator bt_bb_border_style_none bt_bb_top_spacing_none bt_bb_bottom_spacing_medium\" data-bt-override-class=\"{&quot;bt_bb_top_spacing_&quot;:{&quot;current_class&quot;:&quot;bt_bb_top_spacing_none&quot;,&quot;xxl&quot;:&quot;none&quot;},&quot;bt_bb_bottom_spacing_&quot;:{&quot;current_class&quot;:&quot;bt_bb_bottom_spacing_medium&quot;,&quot;xxl&quot;:&quot;medium&quot;}}\"><\/div><div data-bb-version=\"4.8.8\"  class=\"bt_bb_text team-member-profile\" ><p>Meine internationale Erfahrung in den Bereichen Personalmanagement, Verhandlungsstrategie, F\u00fchrung und Coaching stelle ich unseren Kunden zur Verf\u00fcgung, um ihre Karriere weiter voranzutreiben.<br \/>\nAls ich aufwuchs, ahnte ich kaum, dass dieses Motto und seine kraftvolle Ausstrahlung auf das mitteleurop\u00e4ische Zeitalter der Aufkl\u00e4rung einen so starken Einfluss auf meinen Charakter und meine Entwicklung haben w\u00fcrde.<br \/>\nSchon in jungen Jahren hatte ich regelm\u00e4\u00dfig Auseinandersetzungen mit Kindern und vor allem mit Erwachsenen, genauer gesagt mit meinen patriarchalischen italienischen Eltern.<br \/>\nDank meines sieben Jahre \u00e4lteren Bruders, der ein wichtiges Vorbild f\u00fcr mich ist, habe ich schon fr\u00fch gelernt, meine Meinung zu sagen.<br \/>\n&#8222;Musst du immer alles diskutieren und deine Meinung vehement verteidigen!&#8220;, waren die ver\u00e4rgerten Ausrufe, die ich regelm\u00e4\u00dfig zu h\u00f6ren bekam.<br \/>\nDer Groschen fiel w\u00e4hrend meiner Zeit auf dem Gymnasium.<br \/>\nEs war mein vorbildlicher Geschichtslehrer, der mich die Bedeutung dieses vermeintlich einfachen Satzes lehrte: &#8222;Ich denke, also bin ich&#8220;.<br \/>\nIch &#8222;bin&#8220; nicht nur ich, sondern ich bin &#8222;DER Steuermann\/die Steuerfrau&#8220; meiner Gedanken, meiner Handlungen und letztendlich meines Lebens!<br \/>\nInspiriert von dieser erleuchteten Erkenntnis, wollte ich nicht l\u00e4nger &#8222;Dr\u00e4mmeler&#8220; oder Kinderarzt werden.<br \/>\nVielmehr wollte ich verstehen, warum sich der Einzelne &#8211; wie manchmal zu beobachten ist &#8211; vermeintlich irrational verh\u00e4lt.<br \/>\nDabei wollte ich die Menschen in ihrer Rolle als Arbeitnehmer und mehr noch in ihrer Rolle als Manager aufkl\u00e4ren, sie aber gleichzeitig bei der Entwicklung einer liberalen Wirtschaftsordnung unterst\u00fctzen.<br \/>\nAus diesem Grund begann ich ein Studium der Psychologie im Hauptfach und der Betriebswirtschaftslehre\/HRM im Nebenfach, das ich sp\u00e4ter mit einem Master in Wirtschafts- und Sozialpsychologie an der Universit\u00e4t Basel abschloss.<br \/>\nW\u00e4hrend dieser Zeit war ich bereits als Teilzeit-Archivar bei einer gro\u00dfen Schweizer Bank angestellt, es folgten Jobs als IT-Supporter\/Berater und als Kommunikationstrainer.<br \/>\nAnschlie\u00dfend war ich als SAP-IT-Berater und im Personalmanagement eines gro\u00dfen Pharmakonzerns und eines f\u00fchrenden FMCG-Unternehmens t\u00e4tig.<br \/>\nIm Laufe von f\u00fcnfzehn Jahren konnte ich in verschiedenen Funktionen alle Aspekte des Personalwesens kennenlernen und anwenden, vom operativen Gesch\u00e4ft bis zur Strategie.<br \/>\nIn diesen anspruchsvollen Funktionen, die die Beaufsichtigung und Beratung des Top-Managements umfassten, lernte ich die aufregende und interessante, bisweilen aber auch komplexe Welt der F\u00fchrung und des Coachings von Menschen kennen.<br \/>\nDank meines Masters in Advanced Studies in Human Resource Management verf\u00fcge ich nun \u00fcber fundierte Kenntnisse und F\u00e4higkeiten in der gesamten Wertsch\u00f6pfungskette des modernen Personalmanagements, insbesondere in den Bereichen Beratung und Projektarbeit einschlie\u00dflich Fusionen, Reorganisationen, Organisationsentwicklung sowie Change- und Talentmanagement.<br \/>\nAufgewachsen im multikulturellen Klein-Basel mit sizilianischen Wurzeln, wurde ich schon fr\u00fch von Werten wie Ehrlichkeit, Offenheit, Optimismus und Wertsch\u00e4tzung geleitet, die die Entwicklung meiner Pers\u00f6nlichkeit entscheidend gepr\u00e4gt haben und bis heute mein Denken und Handeln beeinflussen.<br \/>\n&#8222;Cogito, ergo sum&#8220; soll auch Ihren beruflichen Werdegang mitpr\u00e4gen.<br \/>\nGerne begleite ich Sie oder Ihre Mitarbeiter bei der anspruchsvollen, aber sehr lohnenden Aufgabe, sich selbst ehrlich kennen zu lernen und Herr \u00fcber Ihre berufliche Entwicklung zu sein.<br \/>\nDie Grass &amp; Partner AG ist seit mehr als 25 Jahren in der Outplacement- und Karriereberatung t\u00e4tig.                     Im Laufe dieser Jahre haben wir ein umfangreiches Netzwerk aufgebaut, das es uns erm\u00f6glicht, schnell spannende Karrierem\u00f6glichkeiten und Unternehmen f\u00fcr unsere Kunden zu finden.  <strong>Sie w\u00fcnschen sich mehr Verhandlungsmacht in Ihrer Rolle als F\u00fchrungskraft?<\/strong>  Sie m\u00f6chten Vorstandsmitglied eines Unternehmens werden?<br \/>\nSie m\u00f6chten ein Unternehmen \u00fcbernehmen und Unternehmer werden?<br \/>\nOder wollen Sie einfach nur Ihre Karriere umkrempeln?    <strong>Sie sind ein Personalleiter, der Mitarbeiter entlassen muss?<\/strong>  Wir k\u00fcmmern uns um sie. Als Teil des Prozesses entwickeln wir ein ma\u00dfgeschneidertes Programm, das zu einer neuen beruflichen T\u00e4tigkeit f\u00fcr den Kandidaten f\u00fchren soll.  <strong>Als Personalleiter wollen Sie Mitarbeiter einstellen und sie an sich binden?<\/strong>  Wir begleiten den Onboarding-Prozess.<br \/>\nAu\u00dferdem k\u00fcmmern wir uns um ihren Ehepartner, wenn der neue Job einen Umzug mit sich bringt.<br \/>\nDar\u00fcber hinaus sind wir Experten, wenn es um &#8222;sp\u00e4te Karrieren&#8220; und um die Gestaltung von Karrieren f\u00fcr Kunden \u00fcber 50 geht.<br \/>\nBitte nehmen Sie Kontakt mit mir auf und vereinbaren Sie einen unverbindlichen Termin.<br \/>\nEs w\u00e4re mir eine Freude, f\u00fcr eine kurze Zeit in unserem Leben einen gemeinsamen Weg zu beschreiten.<br \/>\nIch freue mich darauf, Sie kennenzulernen.       <strong>Sind Sie ein Kunde von uns?<br \/>\nOder waren Sie in der Vergangenheit einer? <\/strong>  Dann freue ich mich darauf, Sie bei einer unserer n\u00e4chsten Netzwerkveranstaltungen zu treffen.<\/p>\n<\/div><div data-bb-version=\"4.8.8\" class=\"bt_bb_separator bt_bb_border_style_none bt_bb_top_spacing_none bt_bb_bottom_spacing_medium\" data-bt-override-class=\"{&quot;bt_bb_top_spacing_&quot;:{&quot;current_class&quot;:&quot;bt_bb_top_spacing_none&quot;,&quot;xxl&quot;:&quot;none&quot;},&quot;bt_bb_bottom_spacing_&quot;:{&quot;current_class&quot;:&quot;bt_bb_bottom_spacing_medium&quot;,&quot;xxl&quot;:&quot;medium&quot;}}\"><\/div><\/div><\/div><\/div><\/div><\/div><\/div><!-- cell_inner --><\/div><!-- cell --><\/div><!-- port --><\/section>","protected":false},"excerpt":{"rendered":"<p>Setzen Sie auf ein leistungsf\u00e4higes E-Business nach benutzerfreundlichem intellektuellem Kapital.<br \/>\nAktualisieren Sie Front-End-Prozesse interaktiv mit effektiven konvergenzbasierten Methoden. <\/p>\n","protected":false},"author":1,"featured_media":0,"parent":5031,"menu_order":0,"comment_status":"closed","ping_status":"closed","template":"","meta":{"_acf_changed":false,"footnotes":""},"class_list":["post-5004","page","type-page","status-publish","hentry"],"acf":[],"_links":{"self":[{"href":"https:\/\/grass.10dxgroup.com\/de\/wp-json\/wp\/v2\/pages\/5004","targetHints":{"allow":["GET"]}}],"collection":[{"href":"https:\/\/grass.10dxgroup.com\/de\/wp-json\/wp\/v2\/pages"}],"about":[{"href":"https:\/\/grass.10dxgroup.com\/de\/wp-json\/wp\/v2\/types\/page"}],"author":[{"embeddable":true,"href":"https:\/\/grass.10dxgroup.com\/de\/wp-json\/wp\/v2\/users\/1"}],"replies":[{"embeddable":true,"href":"https:\/\/grass.10dxgroup.com\/de\/wp-json\/wp\/v2\/comments?post=5004"}],"version-history":[{"count":1,"href":"https:\/\/grass.10dxgroup.com\/de\/wp-json\/wp\/v2\/pages\/5004\/revisions"}],"predecessor-version":[{"id":5012,"href":"https:\/\/grass.10dxgroup.com\/de\/wp-json\/wp\/v2\/pages\/5004\/revisions\/5012"}],"up":[{"embeddable":true,"href":"https:\/\/grass.10dxgroup.com\/de\/wp-json\/wp\/v2\/pages\/5031"}],"wp:attachment":[{"href":"https:\/\/grass.10dxgroup.com\/de\/wp-json\/wp\/v2\/media?parent=5004"}],"curies":[{"name":"wp","href":"https:\/\/api.w.org\/{rel}","templated":true}]}}