{"id":5013,"date":"2024-05-16T13:28:44","date_gmt":"2024-05-16T13:28:44","guid":{"rendered":"https:\/\/grass.10dxgroup.com\/martin-kueppers\/"},"modified":"2024-08-13T09:19:19","modified_gmt":"2024-08-13T09:19:19","slug":"martin-kueppers","status":"publish","type":"page","link":"https:\/\/grass.10dxgroup.com\/de\/standorte-team\/team\/martin-kueppers\/","title":{"rendered":"Martin K\u00fcppers"},"content":{"rendered":"<section id=\"bt_bb_section6a093cda70aa3\" class=\"bt_bb_section bt_bb_layout_wide bt_bb_vertical_align_top bt_bb_highlighted_no\"  data-bt-override-class=\"null\"><div class=\"bt_bb_port\"><div class=\"bt_bb_cell\"><div class=\"bt_bb_cell_inner\"><div class=\"bt_bb_row_wrapper\"><div  class=\"bt_bb_row\"  data-bt-override-class=\"{}\"><div data-bb-version=\"4.8.8\"  class=\"bt_bb_column col-xxl-6 col-xl-6 col-xs-12 col-sm-6 col-md-6 col-lg-6 bt_bb_vertical_align_top bt_bb_align_center bt_bb_padding_none bt_bb_highlighted_no\"  data-width=\"6\" data-bt-override-class=\"{&quot;bt_bb_align_&quot;:{&quot;current_class&quot;:&quot;bt_bb_align_center&quot;,&quot;xxl&quot;:&quot;center&quot;},&quot;bt_bb_padding_&quot;:{&quot;current_class&quot;:&quot;bt_bb_padding_none&quot;,&quot;xxl&quot;:&quot;none&quot;}}\"><div class=\"bt_bb_column_content\"><div class=\"bt_bb_column_content_inner\"><div data-bb-version=\"4.8.8\" class=\"bt_bb_separator bt_bb_border_style_none bt_bb_top_spacing_none bt_bb_bottom_spacing_medium\" data-bt-override-class=\"{&quot;bt_bb_top_spacing_&quot;:{&quot;current_class&quot;:&quot;bt_bb_top_spacing_none&quot;,&quot;xxl&quot;:&quot;none&quot;},&quot;bt_bb_bottom_spacing_&quot;:{&quot;current_class&quot;:&quot;bt_bb_bottom_spacing_medium&quot;,&quot;xxl&quot;:&quot;medium&quot;}}\"><\/div><div data-bb-version=\"4.8.8\" class=\"bt_bb_image bt_bb_shape_soft-rounded bt_bb_target_self bt_bb_align_inherit bt_bb_hover_style_simple bt_bb_content_display_always bt_bb_content_align_middle\" data-bt-override-class=\"{&quot;bt_bb_align_&quot;:{&quot;current_class&quot;:&quot;bt_bb_align_inherit&quot;,&quot;xxl&quot;:&quot;inherit&quot;},&quot;bt_bb_content_display_&quot;:{&quot;current_class&quot;:&quot;bt_bb_content_display_always&quot;,&quot;xxl&quot;:&quot;always&quot;}}\"><span><img fetchpriority=\"high\" decoding=\"async\" width=\"354\" height=\"400\" src=\"https:\/\/grass.10dxgroup.com\/wp-content\/uploads\/2024\/03\/koeppers_lautenschlager_004b_hoch_web-2.jpg\" class=\"attachment-full size-full\" alt=\"https:\/\/grass.10dxgroup.com\/wp-content\/uploads\/2024\/03\/koeppers_lautenschlager_004b_hoch_web-2.jpg\" data-full_image_src=\"https:\/\/grass.10dxgroup.com\/wp-content\/uploads\/2024\/03\/koeppers_lautenschlager_004b_hoch_web-2.jpg\" title=\"koeppers_lautenschlager_004b_hoch_web (2)\" srcset=\"https:\/\/grass.10dxgroup.com\/wp-content\/uploads\/2024\/03\/koeppers_lautenschlager_004b_hoch_web-2.jpg 354w, https:\/\/grass.10dxgroup.com\/wp-content\/uploads\/2024\/03\/koeppers_lautenschlager_004b_hoch_web-2-320x362.jpg 320w\" sizes=\"(max-width: 354px) 100vw, 354px\" \/><\/span><\/div><div data-bb-version=\"4.8.8\" class=\"bt_bb_separator bt_bb_border_style_none bt_bb_top_spacing_none bt_bb_bottom_spacing_medium\" data-bt-override-class=\"{&quot;bt_bb_top_spacing_&quot;:{&quot;current_class&quot;:&quot;bt_bb_top_spacing_none&quot;,&quot;xxl&quot;:&quot;none&quot;},&quot;bt_bb_bottom_spacing_&quot;:{&quot;current_class&quot;:&quot;bt_bb_bottom_spacing_medium&quot;,&quot;xxl&quot;:&quot;medium&quot;}}\"><\/div><div data-bb-version=\"4.8.8\" class=\"bt_bb_icon bt_bb_style_outline bt_bb_size_xsmall bt_bb_shape_circle bt_bb_align_inherit\" data-bt-override-class=\"{&quot;bt_bb_size_&quot;:{&quot;current_class&quot;:&quot;bt_bb_size_xsmall&quot;,&quot;xxl&quot;:&quot;xsmall&quot;},&quot;bt_bb_align_&quot;:{&quot;current_class&quot;:&quot;bt_bb_align_inherit&quot;,&quot;xxl&quot;:&quot;inherit&quot;}}\"><a href=\"https:\/\/www.linkedin.com\/in\/martin-kueppers-9299b270\/\"  target=\"_self\" data-ico-fontawesome=\"&#xf0e1;\" class=\"bt_bb_icon_holder\"><\/a><\/div><div data-bb-version=\"4.8.8\" class=\"bt_bb_icon bt_bb_style_outline bt_bb_size_xsmall bt_bb_shape_circle bt_bb_align_inherit\" data-bt-override-class=\"{&quot;bt_bb_size_&quot;:{&quot;current_class&quot;:&quot;bt_bb_size_xsmall&quot;,&quot;xxl&quot;:&quot;xsmall&quot;},&quot;bt_bb_align_&quot;:{&quot;current_class&quot;:&quot;bt_bb_align_inherit&quot;,&quot;xxl&quot;:&quot;inherit&quot;}}\"><a href=\"https:\/\/www.xing.com\/profile\/Martin_Kueppers6\/cv\"  target=\"_self\" data-ico-fontawesome=\"&#xf168;\" class=\"bt_bb_icon_holder\"><\/a><\/div><div data-bb-version=\"4.8.8\" class=\"bt_bb_separator bt_bb_border_style_none bt_bb_top_spacing_none bt_bb_bottom_spacing_medium\" data-bt-override-class=\"{&quot;bt_bb_top_spacing_&quot;:{&quot;current_class&quot;:&quot;bt_bb_top_spacing_none&quot;,&quot;xxl&quot;:&quot;none&quot;},&quot;bt_bb_bottom_spacing_&quot;:{&quot;current_class&quot;:&quot;bt_bb_bottom_spacing_medium&quot;,&quot;xxl&quot;:&quot;medium&quot;}}\"><\/div><div class=\"bt_bb_image bt_bb_shape_square bt_bb_target_self bt_bb_align_inherit bt_bb_hover_style_simple bt_bb_content_display_always bt_bb_content_align_middle\" data-bt-override-class=\"{}\"><span><img decoding=\"async\" width=\"62\" height=\"58\" src=\"https:\/\/grass.10dxgroup.com\/wp-content\/uploads\/2018\/01\/quote.png\" class=\"attachment-full size-full\" alt=\"https:\/\/grass.10dxgroup.com\/wp-content\/uploads\/2018\/01\/quote.png\" data-full_image_src=\"https:\/\/grass.10dxgroup.com\/wp-content\/uploads\/2018\/01\/quote.png\" title=\"quote\" \/><\/span><\/div><header data-bb-version=\"4.8.8\" class=\"bt_bb_headline team-member-image bt_bb_font_weight_light bt_bb_dash_bottom bt_bb_subheadline bt_bb_size_large bt_bb_align_inherit\" data-bt-override-class=\"{&quot;bt_bb_size_&quot;:{&quot;current_class&quot;:&quot;bt_bb_size_large&quot;,&quot;xxl&quot;:&quot;large&quot;},&quot;bt_bb_align_&quot;:{&quot;current_class&quot;:&quot;bt_bb_align_inherit&quot;,&quot;xxl&quot;:&quot;inherit&quot;}}\"><h3><span class=\"bt_bb_headline_content\"><span>Wege werden durch Gehen geschaffen.<\/span><\/span><\/h3><div class=\"bt_bb_headline_subheadline\">Franz Kafka - Deutscher Schriftsteller (1883-1924)<\/div><\/header><div data-bb-version=\"4.8.8\" class=\"bt_bb_separator bt_bb_border_style_none bt_bb_top_spacing_none bt_bb_bottom_spacing_medium\" data-bt-override-class=\"{&quot;bt_bb_top_spacing_&quot;:{&quot;current_class&quot;:&quot;bt_bb_top_spacing_none&quot;,&quot;xxl&quot;:&quot;none&quot;},&quot;bt_bb_bottom_spacing_&quot;:{&quot;current_class&quot;:&quot;bt_bb_bottom_spacing_medium&quot;,&quot;xxl&quot;:&quot;medium&quot;}}\"><\/div><\/div><\/div><\/div><div data-bb-version=\"4.8.8\"  class=\"bt_bb_column col-xxl-6 col-xl-6 col-xs-12 col-sm-6 col-md-6 col-lg-6 bt_bb_vertical_align_middle bt_bb_align_left bt_bb_padding_none bt_bb_animation_fade_in animate bt_bb_highlighted_no\"  data-width=\"6\" data-bt-override-class=\"{&quot;bt_bb_align_&quot;:{&quot;current_class&quot;:&quot;bt_bb_align_left&quot;,&quot;xxl&quot;:&quot;left&quot;},&quot;bt_bb_padding_&quot;:{&quot;current_class&quot;:&quot;bt_bb_padding_none&quot;,&quot;xxl&quot;:&quot;none&quot;}}\"><div class=\"bt_bb_column_content\"><div class=\"bt_bb_column_content_inner\"><div data-bb-version=\"4.8.8\" class=\"bt_bb_separator bt_bb_border_style_none bt_bb_top_spacing_none bt_bb_bottom_spacing_medium\" data-bt-override-class=\"{&quot;bt_bb_top_spacing_&quot;:{&quot;current_class&quot;:&quot;bt_bb_top_spacing_none&quot;,&quot;xxl&quot;:&quot;none&quot;},&quot;bt_bb_bottom_spacing_&quot;:{&quot;current_class&quot;:&quot;bt_bb_bottom_spacing_medium&quot;,&quot;xxl&quot;:&quot;medium&quot;}}\"><\/div><header data-bb-version=\"4.8.8\" class=\"bt_bb_headline team-member-profile bt_bb_dash_bottom bt_bb_subheadline bt_bb_size_normal bt_bb_align_inherit\" data-bt-override-class=\"{&quot;bt_bb_size_&quot;:{&quot;current_class&quot;:&quot;bt_bb_size_normal&quot;,&quot;xxl&quot;:&quot;normal&quot;},&quot;bt_bb_align_&quot;:{&quot;current_class&quot;:&quot;bt_bb_align_inherit&quot;,&quot;xxl&quot;:&quot;inherit&quot;}}\"><h1><span class=\"bt_bb_headline_content\"><span>Martin K\u00fcppers<\/span><\/span><\/h1><div class=\"bt_bb_headline_subheadline\">Gesch\u00e4ftsf\u00fchrender Gesellschafter \/ Mitglied des Verwaltungsrats<\/div><\/header><div data-bb-version=\"4.8.8\" class=\"bt_bb_separator bt_bb_border_style_none bt_bb_top_spacing_none bt_bb_bottom_spacing_medium\" data-bt-override-class=\"{&quot;bt_bb_top_spacing_&quot;:{&quot;current_class&quot;:&quot;bt_bb_top_spacing_none&quot;,&quot;xxl&quot;:&quot;none&quot;},&quot;bt_bb_bottom_spacing_&quot;:{&quot;current_class&quot;:&quot;bt_bb_bottom_spacing_medium&quot;,&quot;xxl&quot;:&quot;medium&quot;}}\"><\/div><div data-bb-version=\"4.8.8\"  class=\"bt_bb_text team-member-profile\" ><p>&nbsp;<\/p>\n<div class=\"ym-wrapper\">\n<div class=\"ym-wbox\">\n<div class=\"content-wrapper\">\n<div id=\"c1801\" class=\"frame frame-default frame-type-text frame-layout-2\">  Meine internationale Erfahrung in den Bereichen Vertrieb, Verhandlungsstrategie, F\u00fchrung und Coaching stehe unseren Kunden zur Verf\u00fcgung, um ihre Karriere voranzutreiben.<br \/>\nAufgewachsen zwischen D\u00fcsseldorf und K\u00f6ln in Neuss am Rhein, habe ich die Freude und Offenheit f\u00fcr Menschen geerbt, f\u00fcr die das Rheinland bekannt ist.<br \/>\nNach meinem Abschluss als Maschinenbauingenieur begann ich meine Karriere bei Saurer.<br \/>\nZehn Jahre sp\u00e4ter wechselte ich zur Karl Mayer Gruppe, wo ich in einem der Gesch\u00e4ftsbereiche die Verantwortung f\u00fcr den Vertrieb von Textilmaschinen \u00fcbernahm.<br \/>\nZuvor hatte ich mehrere internationale Teams geleitet und zahlreiche Textilmaschinen-Kunden rund um den Globus besucht.<br \/>\nNun war es an der Zeit, mein Wissen in den Bereichen Unternehmertum, Management, Finanzen und F\u00fchrung zu erweitern.<br \/>\nDaher schrieb ich mich f\u00fcr einen Executive MBA am International Institute for Management Development (IMD) in Lausanne ein.<br \/>\nNach meinem Abschluss begann f\u00fcr mich ein neues, aufregendes Kapitel, sowohl in Bezug auf meine Karriere als auch auf meine Familie.<br \/>\nSaurer berief mich in das Executive Committee.<br \/>\nEine Gelegenheit, die es mir erm\u00f6glichte, mein neu erworbenes Wissen anzuwenden, was zu einer Verdoppelung des Umsatzes und der Rentabilit\u00e4t in meinem Verantwortungsbereich f\u00fchrte.<br \/>\nDurch meine Arbeit im Team und die Tatsache, dass ich f\u00fcr 1&#8217;200 Mitarbeiter verantwortlich war, konnte ich meine F\u00e4higkeiten in Sachen F\u00fchrung und Coaching weiter ausbauen.<br \/>\nMit der Zeit wurde ich in den Vorstand der Gesch\u00e4ftseinheiten in Indien, Mexiko und der T\u00fcrkei berufen.<br \/>\nW\u00e4hrend dieser Zeit bat mich Saurer, n\u00e4her an den Hauptsitz in der Schweiz zu ziehen.<br \/>\nSeitdem leben meine Frau, mein Sohn und ich in Arbon \/ TG, das am sch\u00f6nen Bodenseeufer liegt.<br \/>\nKurz nach unserem Umzug hatte ich die Ehre, Mitglied von Rotary zu werden.<br \/>\nDa ich mit Erfolg und Gl\u00fcck gesegnet bin, war es mir wichtig, etwas von meinem Gl\u00fcck an Menschen zur\u00fcckzugeben, die weniger Gl\u00fcck haben.<br \/>\nEin Projekt, das mir sehr am Herzen liegt.<br \/>\nAll diese Erfahrungen f\u00fchrten zu einem wichtigen Schritt in meiner Karriere.<br \/>\nIch wurde Unternehmer.<br \/>\nZusammen mit einigen Gesch\u00e4ftspartnern gr\u00fcndete ich ein Unternehmen namens &#8222;Laketree Industrie AG&#8220;, das Wachstum, finanzielle Umstrukturierung und Nachfolgeplanung unterst\u00fctzt und in diese Bereiche investiert.<br \/>\nIm Rahmen der Nachfolgeplanung der Grass &amp; Partner AG habe ich zusammen mit zwei Partnern das Unternehmen \u00fcbernommen, das seit mehr als 25 Jahren im Bereich Outplacement und Karriereberatung t\u00e4tig ist.<br \/>\nIn diesen Jahren haben wir ein umfangreiches Netzwerk aufgebaut, das es uns erm\u00f6glicht, schnell spannende Karrierem\u00f6glichkeiten und Unternehmen f\u00fcr unsere Kunden zu finden.                       <strong>Sie sind ein Personalleiter, der Mitarbeiter entlassen muss?<\/strong>  Wir k\u00fcmmern uns um sie. Als Teil des Prozesses entwickeln wir ein ma\u00dfgeschneidertes Programm, das zu einer neuen beruflichen T\u00e4tigkeit f\u00fcr den Kandidaten f\u00fchren soll.  <strong>Als Personalleiter wollen Sie Mitarbeiter einstellen und sie an sich binden?<\/strong>  Wir begleiten den Onboarding-Prozess.<br \/>\nAu\u00dferdem k\u00fcmmern wir uns um ihren Ehepartner, wenn der neue Job einen Umzug mit sich bringt.<br \/>\nAu\u00dferdem sind wir Experten, wenn es um &#8222;sp\u00e4te Karrieren&#8220; und die Gestaltung von Karrieren f\u00fcr Kunden geht, die \u00fcber 50 sind.<br \/>\nSie w\u00fcnschen sich mehr Verhandlungsmacht in Ihrer Rolle als F\u00fchrungskraft?<br \/>\nSie m\u00f6chten Mitglied des Vorstands eines Unternehmens werden?<br \/>\nSie m\u00f6chten ein Unternehmen \u00fcbernehmen und Unternehmer werden?<br \/>\nOder wollen Sie einfach nur Ihre Karriere umkrempeln?<br \/>\nBitte kontaktieren Sie mich und vereinbaren Sie einen unverbindlichen Termin.<br \/>\nEs w\u00e4re mir eine Freude, f\u00fcr eine kurze Zeit in unserem Leben einen gemeinsamen Weg zu beschreiten.<br \/>\nIch freue mich darauf, Sie kennenzulernen.           <strong>Sind Sie ein Kunde von uns?<br \/>\nOder waren Sie in der Vergangenheit einer? <\/strong>  Dann freue ich mich darauf, Sie bei einer unserer n\u00e4chsten Netzwerkveranstaltungen zu treffen.  <\/div>\n<\/div>\n<\/div>\n<\/div>\n<p>&nbsp;<\/p>\n<div class=\"ym-wrapper\">\n<div class=\"ym-wbox\">\n<footer class=\"ym-noprint\">\n<div class=\"ym-grid\">\n<div class=\"ym-gl\">\n<div class=\"ce-bodytext\">\n<div id=\"c3\" class=\"frame frame-default frame-type-text frame-layout-0\"><\/div>\n<\/div>\n<\/div>\n<\/div>\n<\/footer>\n<\/div>\n<\/div>\n<\/div><div data-bb-version=\"4.8.8\" class=\"bt_bb_separator bt_bb_border_style_none bt_bb_top_spacing_none bt_bb_bottom_spacing_medium\" data-bt-override-class=\"{&quot;bt_bb_top_spacing_&quot;:{&quot;current_class&quot;:&quot;bt_bb_top_spacing_none&quot;,&quot;xxl&quot;:&quot;none&quot;},&quot;bt_bb_bottom_spacing_&quot;:{&quot;current_class&quot;:&quot;bt_bb_bottom_spacing_medium&quot;,&quot;xxl&quot;:&quot;medium&quot;}}\"><\/div><\/div><\/div><\/div><\/div><\/div><\/div><!-- cell_inner --><\/div><!-- cell --><\/div><!-- port --><\/section>","protected":false},"excerpt":{"rendered":"<p>Setzen Sie auf ein leistungsf\u00e4higes E-Business nach benutzerfreundlichem intellektuellem Kapital.<br \/>\nAktualisieren Sie Front-End-Prozesse interaktiv mit effektiven konvergenzbasierten Methoden. <\/p>\n","protected":false},"author":1,"featured_media":0,"parent":5031,"menu_order":0,"comment_status":"closed","ping_status":"closed","template":"","meta":{"_acf_changed":false,"footnotes":""},"class_list":["post-5013","page","type-page","status-publish","hentry"],"acf":[],"_links":{"self":[{"href":"https:\/\/grass.10dxgroup.com\/de\/wp-json\/wp\/v2\/pages\/5013","targetHints":{"allow":["GET"]}}],"collection":[{"href":"https:\/\/grass.10dxgroup.com\/de\/wp-json\/wp\/v2\/pages"}],"about":[{"href":"https:\/\/grass.10dxgroup.com\/de\/wp-json\/wp\/v2\/types\/page"}],"author":[{"embeddable":true,"href":"https:\/\/grass.10dxgroup.com\/de\/wp-json\/wp\/v2\/users\/1"}],"replies":[{"embeddable":true,"href":"https:\/\/grass.10dxgroup.com\/de\/wp-json\/wp\/v2\/comments?post=5013"}],"version-history":[{"count":10,"href":"https:\/\/grass.10dxgroup.com\/de\/wp-json\/wp\/v2\/pages\/5013\/revisions"}],"predecessor-version":[{"id":5036,"href":"https:\/\/grass.10dxgroup.com\/de\/wp-json\/wp\/v2\/pages\/5013\/revisions\/5036"}],"up":[{"embeddable":true,"href":"https:\/\/grass.10dxgroup.com\/de\/wp-json\/wp\/v2\/pages\/5031"}],"wp:attachment":[{"href":"https:\/\/grass.10dxgroup.com\/de\/wp-json\/wp\/v2\/media?parent=5013"}],"curies":[{"name":"wp","href":"https:\/\/api.w.org\/{rel}","templated":true}]}}