{"id":5122,"date":"2024-05-07T13:09:51","date_gmt":"2024-05-07T13:09:51","guid":{"rendered":"https:\/\/grass.10dxgroup.com\/arbeitgeber\/trennungsmanagement\/"},"modified":"2024-08-13T09:19:42","modified_gmt":"2024-08-13T09:19:42","slug":"trennungsmanagement","status":"publish","type":"page","link":"https:\/\/grass.10dxgroup.com\/de\/arbeitgeber\/trennungsmanagement\/","title":{"rendered":"Trennungsmanagement"},"content":{"rendered":"<section id=\"bt_bb_section6a093dc5f3f2e\" class=\"bt_bb_section bt_bb_layout_boxed_1200 bt_bb_vertical_align_top bt_bb_top_spacing_large bt_bb_bottom_spacing_normal bt_bb_highlighted_no\"  data-bt-override-class=\"{&quot;bt_bb_top_spacing_&quot;:{&quot;current_class&quot;:&quot;bt_bb_top_spacing_large&quot;,&quot;xxl&quot;:&quot;large&quot;},&quot;bt_bb_bottom_spacing_&quot;:{&quot;current_class&quot;:&quot;bt_bb_bottom_spacing_normal&quot;,&quot;xxl&quot;:&quot;normal&quot;}}\"><div class=\"bt_bb_port\"><div class=\"bt_bb_cell\"><div class=\"bt_bb_cell_inner\"><div class=\"bt_bb_row_wrapper\"><div  class=\"bt_bb_row\"  data-bt-override-class=\"{}\"><div  class=\"bt_bb_column col-xxl-2 col-xl-2 bt_bb_vertical_align_top bt_bb_align_left bt_bb_padding_normal\"  data-width=\"2\" data-bt-override-class=\"{}\"><div class=\"bt_bb_column_content\"><div class=\"bt_bb_column_content_inner\"><\/div><\/div><\/div><div  class=\"bt_bb_column col-xxl-8 col-xl-8 bt_bb_vertical_align_top bt_bb_align_center bt_bb_padding_normal bt_bb_animation_fade_in bt_bb_animation_move_up animate bt_bb_highlighted_no\"  data-width=\"8\" data-bt-override-class=\"{}\"><div class=\"bt_bb_column_content\"><div class=\"bt_bb_column_content_inner\"><header data-bb-version=\"4.8.8\" class=\"bt_bb_headline bt_bb_dash_bottom bt_bb_subheadline bt_bb_size_large bt_bb_align_inherit\" style=\";font-family:&#039;Roboto&#039;\" data-bt-override-class=\"{&quot;bt_bb_size_&quot;:{&quot;current_class&quot;:&quot;bt_bb_size_large&quot;,&quot;xxl&quot;:&quot;large&quot;},&quot;bt_bb_align_&quot;:{&quot;current_class&quot;:&quot;bt_bb_align_inherit&quot;,&quot;xxl&quot;:&quot;inherit&quot;}}\"><h2 style=\";font-family:'Roboto'\"><span class=\"bt_bb_headline_content\"><span>Begleitung durch den <strong>\u00dcbergang: <\/strong>Unterst\u00fctzende <strong>Trennungsdienste<\/strong> von Grass & Partner<\/span><\/span><\/h2><div class=\"bt_bb_headline_subheadline\">Eine Trennung ist eine schwierige Situation, nicht nur f\u00fcr den von der Entlassung betroffenen Mitarbeiter, sondern auch f\u00fcr seine Manager.<br \/>\nWir unterst\u00fctzen Ihre Personalabteilung und Ihre Vorgesetzten w\u00e4hrend des gesamten Trennungsprozesses. <\/div><\/header><div class=\"bt_bb_separator bt_bb_border_style_none bt_bb_bottom_spacing_large\" data-bt-override-class=\"null\"><\/div><\/div><\/div><\/div><div  class=\"bt_bb_column col-xxl-2 col-xl-2 bt_bb_vertical_align_top bt_bb_align_left bt_bb_padding_normal\"  data-width=\"2\" data-bt-override-class=\"{}\"><div class=\"bt_bb_column_content\"><div class=\"bt_bb_column_content_inner\"><\/div><\/div><\/div><\/div><\/div><div class=\"bt_bb_row_wrapper\"><div  class=\"bt_bb_row\"  data-bt-override-class=\"{}\"><div  class=\"bt_bb_column col-xxl-12 col-xl-12 col-xs-12 col-sm-12 col-md-12 col-lg-12 bt_bb_vertical_align_top bt_bb_align_left bt_bb_padding_normal\"  data-width=\"12\" data-bt-override-class=\"{}\"><div class=\"bt_bb_column_content\"><div class=\"bt_bb_column_content_inner\"><header data-bb-version=\"4.8.8\" class=\"bt_bb_headline bt_bb_dash_none bt_bb_size_large bt_bb_align_inherit\" data-bt-override-class=\"{&quot;bt_bb_size_&quot;:{&quot;current_class&quot;:&quot;bt_bb_size_large&quot;,&quot;xxl&quot;:&quot;large&quot;},&quot;bt_bb_align_&quot;:{&quot;current_class&quot;:&quot;bt_bb_align_inherit&quot;,&quot;xxl&quot;:&quot;inherit&quot;}}\"><h2><span class=\"bt_bb_headline_content\"><span>Ihre <strong>Vorteile <\/strong>als Arbeitnehmer  <\/span><\/span><\/h2><\/header><div data-bb-version=\"4.8.8\" class=\"bt_bb_separator bt_bb_border_style_none bt_bb_top_spacing_large bt_bb_bottom_spacing_large bt_bb_hidden_xs bt_bb_hidden_ms bt_bb_hidden_sm\" data-bt-override-class=\"{&quot;bt_bb_top_spacing_&quot;:{&quot;current_class&quot;:&quot;bt_bb_top_spacing_large&quot;,&quot;xxl&quot;:&quot;large&quot;},&quot;bt_bb_bottom_spacing_&quot;:{&quot;current_class&quot;:&quot;bt_bb_bottom_spacing_large&quot;,&quot;xxl&quot;:&quot;large&quot;}}\"><\/div><div data-bb-version=\"4.8.8\" class=\"bt_bb_separator bt_bb_border_style_none bt_bb_top_spacing_normal bt_bb_bottom_spacing_large bt_bb_hidden_md bt_bb_hidden_lg bt_bb_hidden_xl\" data-bt-override-class=\"{&quot;bt_bb_top_spacing_&quot;:{&quot;current_class&quot;:&quot;bt_bb_top_spacing_normal&quot;,&quot;xxl&quot;:&quot;normal&quot;},&quot;bt_bb_bottom_spacing_&quot;:{&quot;current_class&quot;:&quot;bt_bb_bottom_spacing_large&quot;,&quot;xxl&quot;:&quot;large&quot;}}\"><\/div><div data-bb-version=\"4.8.8\"  class=\"bt_bb_text\" ><ul>\n<li>Die f\u00fcnf Phasen des Trennungsprozesses kennen<\/li>\n<li>Fr\u00fchzeitige Erkennung von Symptomen, die zu einer Trennung f\u00fchren k\u00f6nnen<\/li>\n<li>Die wichtigsten HR-Tools und ihre Anwendungen kennen<\/li>\n<li>Gewinnen Sie Selbstvertrauen durch praktische Arbeit an anspruchsvollen Interviewsituationen und Simulations\u00fcbungen<\/li>\n<li>Den Wert des gegenseitigen Nutzens aus der Gelegenheit zum Austausch erkennen<\/li>\n<li>Sch\u00e4rfung des Bewusstseins und der Sensibilit\u00e4t im Trennungsprozess und Erweiterung der F\u00e4higkeit zur Selbstreflexion<\/li>\n<\/ul>\n<\/div><\/div><\/div><\/div><\/div><\/div><\/div><!-- cell_inner --><\/div><!-- cell --><\/div><!-- port --><\/section><section id=\"bt_bb_section6a093dc60189c\" class=\"bt_bb_section bt_bb_color_scheme_2 bt_bb_layout_boxed_1200 bt_bb_vertical_align_middle bt_bb_background_overlay_light_solid bt_bb_top_spacing_extra_large bt_bb_bottom_spacing_extra_large bt_bb_highlighted_no\" style=\"; --section-primary-color:#000000; --section-secondary-color:#ffffff;;background-color:#ffffff;\" data-bt-override-class=\"null\"><div class=\"bt_bb_background_image_holder_wrapper\"><div class=\"bt_bb_background_image_holder\"  data-parallax-zoom-start=\"1\" data-parallax-zoom-end=\"1\" data-parallax-blur-start=\"0\" data-parallax-blur-end=\"0\" data-parallax-opacity-start=\"1\" data-parallax-opacity-end=\"1\" style=\" background-image:url(&#039;https:\/\/grass.10dxgroup.com\/wp-content\/uploads\/2024\/04\/leadership-scaled.jpg&#039;);\"><\/div><\/div><div class=\"bt_bb_port\"><div class=\"bt_bb_cell\"><div class=\"bt_bb_cell_inner\"><div class=\"bt_bb_row_wrapper\"><div  class=\"bt_bb_row\"  data-bt-override-class=\"{}\"><div  class=\"bt_bb_column col-xxl-12 col-xl-12 bt_bb_vertical_align_top bt_bb_align_center bt_bb_padding_normal bt_bb_animation_fade_in bt_bb_animation_zoom_out animate bt_bb_highlighted_no\"  data-width=\"12\" data-bt-override-class=\"{}\"><div class=\"bt_bb_column_content\"><div class=\"bt_bb_column_content_inner\"><div class=\"bt_bb_image bt_bb_shape_square bt_bb_target_self bt_bb_align_inherit bt_bb_hover_style_simple bt_bb_content_display_always bt_bb_content_align_middle\" data-bt-override-class=\"{}\"><span><img decoding=\"async\" width=\"62\" height=\"58\" src=\"https:\/\/grass.10dxgroup.com\/wp-content\/uploads\/2018\/01\/quote.png\" class=\"attachment-full size-full\" alt=\"https:\/\/grass.10dxgroup.com\/wp-content\/uploads\/2018\/01\/quote.png\" data-full_image_src=\"https:\/\/grass.10dxgroup.com\/wp-content\/uploads\/2018\/01\/quote.png\" title=\"quote\" \/><\/span><\/div><div class=\"bt_bb_separator bt_bb_border_style_none bt_bb_bottom_spacing_medium\" data-bt-override-class=\"null\"><\/div><header class=\"bt_bb_headline bt_bb_font_weight_light bt_bb_dash_bottom bt_bb_subheadline bt_bb_size_large bt_bb_align_inherit bt_bb_hidden_xs bt_bb_hidden_ms bt_bb_hidden_sm\" data-bt-override-class=\"null\"><h2><span class=\"bt_bb_headline_content\"><span><strong>Coaching<\/strong> bedeutet, das Potenzial einer Person freizusetzen, um ihre eigene <strong>Leistung<\/strong> zu maximieren <strong>.<\/strong> Es hilft ihnen zu lernen, anstatt sie zu belehren.<\/span><\/span><\/h2><div class=\"bt_bb_headline_subheadline\">Timothy Gallwey<\/div><\/header><header class=\"bt_bb_headline bt_bb_font_weight_light bt_bb_dash_bottom bt_bb_subheadline bt_bb_size_large bt_bb_align_inherit bt_bb_hidden_md bt_bb_hidden_lg\" data-bt-override-class=\"null\"><h2><span class=\"bt_bb_headline_content\"><span><strong>Jeder Mensch hat einzigartige Gaben<\/strong>, und diese Gaben geben ihm oder ihr die Kraft und die M\u00f6glichkeit, gro\u00dfe Dinge zu vollbringen.<\/span><\/span><\/h2><div class=\"bt_bb_headline_subheadline\">Zig Ziglar<\/div><\/header><\/div><\/div><\/div><\/div><\/div><div class=\"bt_bb_row_wrapper\"><div  class=\"bt_bb_row\"  data-bt-override-class=\"{}\"><div  class=\"bt_bb_column col-xxl-12 col-xl-12 bt_bb_vertical_align_top bt_bb_align_left bt_bb_padding_normal\"  data-width=\"12\" data-bt-override-class=\"{}\"><div class=\"bt_bb_column_content\"><div class=\"bt_bb_column_content_inner\"><div class=\"bt_bb_separator bt_bb_border_style_none bt_bb_bottom_spacing_extra_large\" data-bt-override-class=\"null\"><\/div><\/div><\/div><\/div><\/div><\/div><\/div><!-- cell_inner --><\/div><!-- cell --><\/div><!-- port --><\/section><section id=\"bt_bb_section6a093dc60805e\" class=\"bt_bb_section bt_bb_layout_boxed_left_1200 bt_bb_vertical_align_top bt_bb_top_negative_margin_extra_large bt_bb_highlighted_no\" style=\"background: linear-gradient(to right, #f71c52 0%, #b40d4a 100%); z-index: 1;\" data-bt-override-class=\"null\"><div class=\"bt_bb_port\"><div class=\"bt_bb_cell\"><div class=\"bt_bb_cell_inner\"><div class=\"bt_bb_row_wrapper\"><div  class=\"bt_bb_row\"  data-bt-override-class=\"{}\"><div  class=\"bt_bb_column col-xxl-12 col-xl-12 bt_bb_vertical_align_top bt_bb_align_left bt_bb_padding_normal\"  data-width=\"12\" data-bt-override-class=\"{}\"><div class=\"bt_bb_column_content\"><div class=\"bt_bb_column_content_inner\"><div class=\"bt_bb_separator bt_bb_border_style_none bt_bb_bottom_spacing_small\" data-bt-override-class=\"null\"><\/div><\/div><\/div><\/div><\/div><\/div><\/div><!-- cell_inner --><\/div><!-- cell --><\/div><!-- port --><\/section><section id=\"bt_bb_section6a093dc6083e7\" class=\"bt_bb_section bt_bb_layout_boxed_left_1200 bt_bb_vertical_align_top bt_bb_highlighted_no\" style=\"z-index: 2;;background-color:#ffffff;\" data-bt-override-class=\"null\"><div class=\"bt_bb_port\"><div class=\"bt_bb_cell\"><div class=\"bt_bb_cell_inner\"><div class=\"bt_bb_row_wrapper\"><div  class=\"bt_bb_row bt_bb_column_gap_20\"  data-bt-override-class=\"{}\"><div  class=\"bt_bb_column col-xxl-6 col-xl-6 bt_bb_vertical_align_middle bt_bb_align_center bt_bb_padding_double bt_bb_animation_fade_in bt_bb_animation_zoom_out animate bt_bb_highlighted_no\"  data-width=\"6\" data-bt-override-class=\"{}\"><div class=\"bt_bb_column_content\"><div class=\"bt_bb_column_content_inner\"><div class=\"bt_bb_separator bt_bb_border_style_none bt_bb_bottom_spacing_large\" data-bt-override-class=\"null\"><\/div><header class=\"bt_bb_headline bt_bb_dash_bottom bt_bb_subheadline bt_bb_size_large bt_bb_align_inherit\" data-bt-override-class=\"null\"><h3><span class=\"bt_bb_headline_content\"><span><strong>Kontaktieren Sie uns<\/strong> f\u00fcr ein individuelles Angebot<\/span><\/span><\/h3><div class=\"bt_bb_headline_subheadline\">Erfahren Sie mehr \u00fcber unsere Dienstleistungen im Bereich Leadership Coaching und wie wir Ihnen helfen k\u00f6nnen.<\/div><\/header><div class=\"bt_bb_separator bt_bb_border_style_none bt_bb_bottom_spacing_large\" data-bt-override-class=\"null\"><\/div><\/div><\/div><\/div><div  class=\"bt_bb_column col-xxl-6 col-xl-6 bt_bb_vertical_align_top bt_bb_align_left bt_bb_padding_double bt_bb_animation_fade_in bt_bb_animation_zoom_out animate bt_bb_highlighted_no\" style=\"border-left: 1px solid rgba(0,0,0,.1);\" data-width=\"6\" data-bt-override-class=\"{}\"><div class=\"bt_bb_column_content\"><div class=\"bt_bb_column_content_inner\"><div class=\"bt_bb_separator bt_bb_border_style_none bt_bb_top_spacing_normal bt_bb_bottom_spacing_large bt_bb_hidden_xs bt_bb_hidden_ms bt_bb_hidden_sm\" data-bt-override-class=\"null\"><\/div><div  class=\"bt_bb_text\" >\n<div class=\"wpcf7 no-js\" id=\"wpcf7-f5296-o1\" lang=\"de-DE\" dir=\"ltr\">\n<div class=\"screen-reader-response\"><p role=\"status\" aria-live=\"polite\" aria-atomic=\"true\"><\/p> <ul><\/ul><\/div>\n<form action=\"\/de\/wp-json\/wp\/v2\/pages\/5122#wpcf7-f5296-o1\" method=\"post\" class=\"wpcf7-form init\" aria-label=\"Kontaktformular\" novalidate=\"novalidate\" data-status=\"init\">\n<div style=\"display: none;\">\n<input type=\"hidden\" name=\"_wpcf7\" value=\"5296\" \/>\n<input type=\"hidden\" name=\"_wpcf7_version\" value=\"5.9.2\" \/>\n<input type=\"hidden\" name=\"_wpcf7_locale\" value=\"de_DE\" \/>\n<input type=\"hidden\" name=\"_wpcf7_unit_tag\" value=\"wpcf7-f5296-o1\" \/>\n<input type=\"hidden\" name=\"_wpcf7_container_post\" value=\"0\" \/>\n<input type=\"hidden\" name=\"_wpcf7_posted_data_hash\" value=\"\" \/>\n<\/div>\n<p><span class=\"wpcf7-form-control-wrap\" data-name=\"your-name\"><input size=\"40\" class=\"wpcf7-form-control wpcf7-text wpcf7-validates-as-required\" aria-required=\"true\" aria-invalid=\"false\" placeholder=\"Ihr Name *\" value=\"\" type=\"text\" name=\"your-name\" \/><\/span>\n<\/p>\n<p><span class=\"wpcf7-form-control-wrap\" data-name=\"your-email\"><input size=\"40\" class=\"wpcf7-form-control wpcf7-email wpcf7-validates-as-required wpcf7-text wpcf7-validates-as-email\" aria-required=\"true\" aria-invalid=\"false\" placeholder=\"Ihre E-Mail Adresse *\" value=\"\" type=\"email\" name=\"your-email\" \/><\/span>\n<\/p>\n<p><span class=\"wpcf7-form-control-wrap\" data-name=\"comments\"><textarea cols=\"40\" rows=\"8\" class=\"wpcf7-form-control wpcf7-textarea wpcf7-validates-as-required\" aria-required=\"true\" aria-invalid=\"false\" placeholder=\"Ihre Fragen, Zweifel, Probleme... *\" name=\"comments\"><\/textarea><\/span>\n<\/p>\n<p><input class=\"wpcf7-form-control wpcf7-submit has-spinner\" type=\"submit\" value=\"FORMULAR SCHICKEN\" \/>\n<\/p><div class=\"wpcf7-response-output\" aria-hidden=\"true\"><\/div>\n<\/form>\n<\/div>\n<\/div><div class=\"bt_bb_separator bt_bb_border_style_none bt_bb_bottom_spacing_large\" data-bt-override-class=\"null\"><\/div><\/div><\/div><\/div><\/div><\/div><\/div><!-- cell_inner --><\/div><!-- cell --><\/div><!-- port --><\/section><section data-bb-version=\"4.8.8\" id=\"bt_bb_section6a093dc60a3aa\" class=\"bt_bb_section bt_bb_layout_boxed_1200\"  data-bt-override-class=\"null\"><div class=\"bt_bb_port\"><div class=\"bt_bb_cell\"><div class=\"bt_bb_cell_inner\"><div class=\"bt_bb_row_wrapper\"><div  class=\"bt_bb_row\"  data-bt-override-class=\"{}\"><div data-bb-version=\"4.8.8\"  class=\"bt_bb_column col-xxl-12 col-xl-12 col-xs-12 col-sm-12 col-md-12 col-lg-12 bt_bb_vertical_align_top bt_bb_align_left bt_bb_padding_normal\"  data-width=\"12\" data-bt-override-class=\"{}\"><div class=\"bt_bb_column_content\"><div class=\"bt_bb_column_content_inner\"><\/div><\/div><\/div><\/div><\/div><\/div><!-- cell_inner --><\/div><!-- cell --><\/div><!-- port --><\/section>","protected":false},"excerpt":{"rendered":"<p>Setzen Sie auf ein leistungsf\u00e4higes E-Business nach benutzerfreundlichem intellektuellem Kapital.<br \/>\nAktualisieren Sie Front-End-Prozesse interaktiv mit effektiven konvergenzbasierten Methoden. <\/p>\n","protected":false},"author":1,"featured_media":4749,"parent":4949,"menu_order":0,"comment_status":"closed","ping_status":"closed","template":"","meta":{"_acf_changed":false,"footnotes":""},"class_list":["post-5122","page","type-page","status-publish","has-post-thumbnail","hentry"],"acf":[],"_links":{"self":[{"href":"https:\/\/grass.10dxgroup.com\/de\/wp-json\/wp\/v2\/pages\/5122","targetHints":{"allow":["GET"]}}],"collection":[{"href":"https:\/\/grass.10dxgroup.com\/de\/wp-json\/wp\/v2\/pages"}],"about":[{"href":"https:\/\/grass.10dxgroup.com\/de\/wp-json\/wp\/v2\/types\/page"}],"author":[{"embeddable":true,"href":"https:\/\/grass.10dxgroup.com\/de\/wp-json\/wp\/v2\/users\/1"}],"replies":[{"embeddable":true,"href":"https:\/\/grass.10dxgroup.com\/de\/wp-json\/wp\/v2\/comments?post=5122"}],"version-history":[{"count":1,"href":"https:\/\/grass.10dxgroup.com\/de\/wp-json\/wp\/v2\/pages\/5122\/revisions"}],"predecessor-version":[{"id":5127,"href":"https:\/\/grass.10dxgroup.com\/de\/wp-json\/wp\/v2\/pages\/5122\/revisions\/5127"}],"up":[{"embeddable":true,"href":"https:\/\/grass.10dxgroup.com\/de\/wp-json\/wp\/v2\/pages\/4949"}],"wp:featuredmedia":[{"embeddable":true,"href":"https:\/\/grass.10dxgroup.com\/de\/wp-json\/wp\/v2\/media\/4749"}],"wp:attachment":[{"href":"https:\/\/grass.10dxgroup.com\/de\/wp-json\/wp\/v2\/media?parent=5122"}],"curies":[{"name":"wp","href":"https:\/\/api.w.org\/{rel}","templated":true}]}}