{"id":5200,"date":"2024-05-16T14:04:28","date_gmt":"2024-05-16T14:04:28","guid":{"rendered":"https:\/\/grass.10dxgroup.com\/standorte-team\/team\/corinne-sigrist\/"},"modified":"2024-08-13T09:23:56","modified_gmt":"2024-08-13T09:23:56","slug":"corinne-sigrist","status":"publish","type":"page","link":"https:\/\/grass.10dxgroup.com\/de\/standorte-team\/team\/corinne-sigrist\/","title":{"rendered":"Corinne Sigrist"},"content":{"rendered":"<section id=\"bt_bb_section6a093faa8346f\" class=\"bt_bb_section bt_bb_layout_wide bt_bb_vertical_align_top bt_bb_highlighted_no\"  data-bt-override-class=\"null\"><div class=\"bt_bb_port\"><div class=\"bt_bb_cell\"><div class=\"bt_bb_cell_inner\"><div class=\"bt_bb_row_wrapper\"><div  class=\"bt_bb_row\"  data-bt-override-class=\"{}\"><div data-bb-version=\"4.8.8\"  class=\"bt_bb_column col-xxl-6 col-xl-6 col-xs-12 col-sm-6 col-md-6 col-lg-6 bt_bb_vertical_align_top bt_bb_align_center bt_bb_padding_none bt_bb_highlighted_no\"  data-width=\"6\" data-bt-override-class=\"{&quot;bt_bb_align_&quot;:{&quot;current_class&quot;:&quot;bt_bb_align_center&quot;,&quot;xxl&quot;:&quot;center&quot;},&quot;bt_bb_padding_&quot;:{&quot;current_class&quot;:&quot;bt_bb_padding_none&quot;,&quot;xxl&quot;:&quot;none&quot;}}\"><div class=\"bt_bb_column_content\"><div class=\"bt_bb_column_content_inner\"><div data-bb-version=\"4.8.8\" class=\"bt_bb_separator bt_bb_border_style_none bt_bb_top_spacing_none bt_bb_bottom_spacing_medium\" data-bt-override-class=\"{&quot;bt_bb_top_spacing_&quot;:{&quot;current_class&quot;:&quot;bt_bb_top_spacing_none&quot;,&quot;xxl&quot;:&quot;none&quot;},&quot;bt_bb_bottom_spacing_&quot;:{&quot;current_class&quot;:&quot;bt_bb_bottom_spacing_medium&quot;,&quot;xxl&quot;:&quot;medium&quot;}}\"><\/div><div data-bb-version=\"4.8.8\" class=\"bt_bb_image bt_bb_shape_soft-rounded bt_bb_target_self bt_bb_align_inherit bt_bb_hover_style_simple bt_bb_content_display_always bt_bb_content_align_middle\" data-bt-override-class=\"{&quot;bt_bb_align_&quot;:{&quot;current_class&quot;:&quot;bt_bb_align_inherit&quot;,&quot;xxl&quot;:&quot;inherit&quot;},&quot;bt_bb_content_display_&quot;:{&quot;current_class&quot;:&quot;bt_bb_content_display_always&quot;,&quot;xxl&quot;:&quot;always&quot;}}\"><span><img fetchpriority=\"high\" decoding=\"async\" width=\"640\" height=\"723\" src=\"https:\/\/grass.10dxgroup.com\/wp-content\/uploads\/2024\/05\/Portrait_hoch_Corinne_Web_CF848324-640x723.jpg\" class=\"attachment-medium size-medium\" alt=\"https:\/\/grass.10dxgroup.com\/wp-content\/uploads\/2024\/05\/Portrait_hoch_Corinne_Web_CF848324-640x723.jpg\" data-full_image_src=\"https:\/\/grass.10dxgroup.com\/wp-content\/uploads\/2024\/05\/Portrait_hoch_Corinne_Web_CF848324.jpg\" title=\"Portrait_hoch_Corinne_Web_CF848324\" srcset=\"https:\/\/grass.10dxgroup.com\/wp-content\/uploads\/2024\/05\/Portrait_hoch_Corinne_Web_CF848324-640x723.jpg 640w, https:\/\/grass.10dxgroup.com\/wp-content\/uploads\/2024\/05\/Portrait_hoch_Corinne_Web_CF848324-768x868.jpg 768w, https:\/\/grass.10dxgroup.com\/wp-content\/uploads\/2024\/05\/Portrait_hoch_Corinne_Web_CF848324-320x362.jpg 320w, https:\/\/grass.10dxgroup.com\/wp-content\/uploads\/2024\/05\/Portrait_hoch_Corinne_Web_CF848324.jpg 900w\" sizes=\"(max-width: 640px) 100vw, 640px\" \/><\/span><\/div><div data-bb-version=\"4.8.8\" class=\"bt_bb_separator bt_bb_border_style_none bt_bb_top_spacing_none bt_bb_bottom_spacing_medium\" data-bt-override-class=\"{&quot;bt_bb_top_spacing_&quot;:{&quot;current_class&quot;:&quot;bt_bb_top_spacing_none&quot;,&quot;xxl&quot;:&quot;none&quot;},&quot;bt_bb_bottom_spacing_&quot;:{&quot;current_class&quot;:&quot;bt_bb_bottom_spacing_medium&quot;,&quot;xxl&quot;:&quot;medium&quot;}}\"><\/div><div class=\"bt_bb_image bt_bb_shape_square bt_bb_target_self bt_bb_align_inherit bt_bb_hover_style_simple bt_bb_content_display_always bt_bb_content_align_middle\" data-bt-override-class=\"{}\"><span><img decoding=\"async\" width=\"62\" height=\"58\" src=\"https:\/\/grass.10dxgroup.com\/wp-content\/uploads\/2018\/01\/quote.png\" class=\"attachment-full size-full\" alt=\"https:\/\/grass.10dxgroup.com\/wp-content\/uploads\/2018\/01\/quote.png\" data-full_image_src=\"https:\/\/grass.10dxgroup.com\/wp-content\/uploads\/2018\/01\/quote.png\" title=\"quote\" \/><\/span><\/div><header data-bb-version=\"4.8.8\" class=\"bt_bb_headline team-member-image bt_bb_font_weight_light bt_bb_dash_bottom bt_bb_subheadline bt_bb_size_large bt_bb_align_inherit\" data-bt-override-class=\"{&quot;bt_bb_size_&quot;:{&quot;current_class&quot;:&quot;bt_bb_size_large&quot;,&quot;xxl&quot;:&quot;large&quot;},&quot;bt_bb_align_&quot;:{&quot;current_class&quot;:&quot;bt_bb_align_inherit&quot;,&quot;xxl&quot;:&quot;inherit&quot;}}\"><h3><span class=\"bt_bb_headline_content\"><span>Sie k\u00f6nnen nicht in die Zukunft schauen, aber Sie k\u00f6nnen den Grundstein f\u00fcr die Zukunft legen - denn die Zukunft kann gebaut werden.<\/span><\/span><\/h3><div class=\"bt_bb_headline_subheadline\">Antoine de Saint-Exup\u00e9ry (1900-1944)<\/div><\/header><div data-bb-version=\"4.8.8\" class=\"bt_bb_separator bt_bb_border_style_none bt_bb_top_spacing_none bt_bb_bottom_spacing_medium\" data-bt-override-class=\"{&quot;bt_bb_top_spacing_&quot;:{&quot;current_class&quot;:&quot;bt_bb_top_spacing_none&quot;,&quot;xxl&quot;:&quot;none&quot;},&quot;bt_bb_bottom_spacing_&quot;:{&quot;current_class&quot;:&quot;bt_bb_bottom_spacing_medium&quot;,&quot;xxl&quot;:&quot;medium&quot;}}\"><\/div><\/div><\/div><\/div><div data-bb-version=\"4.8.8\"  class=\"bt_bb_column col-xxl-6 col-xl-6 col-xs-12 col-sm-6 col-md-6 col-lg-6 bt_bb_vertical_align_middle bt_bb_align_left bt_bb_padding_none bt_bb_animation_fade_in animate bt_bb_highlighted_no\"  data-width=\"6\" data-bt-override-class=\"{&quot;bt_bb_align_&quot;:{&quot;current_class&quot;:&quot;bt_bb_align_left&quot;,&quot;xxl&quot;:&quot;left&quot;},&quot;bt_bb_padding_&quot;:{&quot;current_class&quot;:&quot;bt_bb_padding_none&quot;,&quot;xxl&quot;:&quot;none&quot;}}\"><div class=\"bt_bb_column_content\"><div class=\"bt_bb_column_content_inner\"><div data-bb-version=\"4.8.8\" class=\"bt_bb_separator bt_bb_border_style_none bt_bb_top_spacing_none bt_bb_bottom_spacing_medium\" data-bt-override-class=\"{&quot;bt_bb_top_spacing_&quot;:{&quot;current_class&quot;:&quot;bt_bb_top_spacing_none&quot;,&quot;xxl&quot;:&quot;none&quot;},&quot;bt_bb_bottom_spacing_&quot;:{&quot;current_class&quot;:&quot;bt_bb_bottom_spacing_medium&quot;,&quot;xxl&quot;:&quot;medium&quot;}}\"><\/div><header data-bb-version=\"4.8.8\" class=\"bt_bb_headline team-member-profile bt_bb_dash_bottom bt_bb_subheadline bt_bb_size_normal bt_bb_align_inherit\" data-bt-override-class=\"{&quot;bt_bb_size_&quot;:{&quot;current_class&quot;:&quot;bt_bb_size_normal&quot;,&quot;xxl&quot;:&quot;normal&quot;},&quot;bt_bb_align_&quot;:{&quot;current_class&quot;:&quot;bt_bb_align_inherit&quot;,&quot;xxl&quot;:&quot;inherit&quot;}}\"><h1><span class=\"bt_bb_headline_content\"><span>Corinne Sigrist<\/span><\/span><\/h1><div class=\"bt_bb_headline_subheadline\">B\u00fcroleiter<\/div><\/header><div data-bb-version=\"4.8.8\" class=\"bt_bb_separator bt_bb_border_style_none bt_bb_top_spacing_none bt_bb_bottom_spacing_medium\" data-bt-override-class=\"{&quot;bt_bb_top_spacing_&quot;:{&quot;current_class&quot;:&quot;bt_bb_top_spacing_none&quot;,&quot;xxl&quot;:&quot;none&quot;},&quot;bt_bb_bottom_spacing_&quot;:{&quot;current_class&quot;:&quot;bt_bb_bottom_spacing_medium&quot;,&quot;xxl&quot;:&quot;medium&quot;}}\"><\/div><div data-bb-version=\"4.8.8\"  class=\"bt_bb_text team-member-profile\" ><p>Die Dinge in der Gesch\u00e4ftswelt auf die n\u00e4chste Stufe zu heben, ist mit dem Reisen vergleichbar.<br \/>\nMeine Zeit in der Tourismusbranche hat mich sehr gepr\u00e4gt: Angefangen mit meiner Ausbildung zur Reiseexpertin bin ich der Branche 27 Jahre lang treu geblieben und habe dabei verschiedene Rollen \u00fcbernommen.<br \/>\nAndere Kulturen, fremde L\u00e4nder und ihre Menschen kennenzulernen, hat mich von Anfang an fasziniert.<br \/>\nSchon als Kind habe ich mit Vorliebe Reisef\u00fchrer gelesen.<br \/>\nZus\u00e4tzlich zu meiner pers\u00f6nlichen Leidenschaft profitierte ich von meiner Weiterentwicklung, nachdem ich begonnen hatte, f\u00fcr Reiseb\u00fcros zu arbeiten: Entsprechend meiner breit gef\u00e4cherten Interessen reichten die Themen von F\u00fchrung und Marketing bis hin zu Kommunikation und Konfliktmediation.<br \/>\nAufbauend auf meinen praktischen Erfahrungen halfen mir diese F\u00e4higkeiten, &#8222;meinen&#8220; Kunden den bestm\u00f6glichen Service zu bieten, sie zu beraten und schlie\u00dflich gemeinsam individuelle Reisen von &#8222;A bis Z&#8220; zu gestalten.<br \/>\nDas ist mir w\u00e4hrend meiner gesamten Karriere eine Herzensangelegenheit geblieben.<br \/>\nBis heute liebe ich das Reisen und alle damit verbundenen Erfahrungen.<br \/>\nIch bin der festen \u00dcberzeugung, dass Reisen lehrreich ist, vor allem, wenn es um soziale Interaktion geht: Die Begegnung und Interaktion mit Menschen unterschiedlicher Herkunft erweitert den eigenen Horizont.<br \/>\nDaher sch\u00e4tze ich den Kontakt mit Kunden, Kandidaten und Kollegen gleicherma\u00dfen.<br \/>\nEs ist mir wichtig, anderen Menschen zu Diensten zu sein, und ich werde nicht eher ruhen, bis jeder zu seiner Zufriedenheit bedient wurde.<br \/>\nJetzt habe ich beschlossen, meine Erfahrung zu nutzen und sie auf eine neue Ebene zu bringen: Coaching.<br \/>\nBei Grass &amp; Partner treffen wir oft Menschen in einer Phase ihres Lebens, in der sie ihre pers\u00f6nliche Komfortzone verlassen, in der man Ver\u00e4nderungen im Leben meistern muss.<br \/>\nNeue Herausforderungen anzunehmen erfordert Mut, und ich freue mich, Teil eines Teams zu sein, das professionelle Unterst\u00fctzung beim \u00dcbergang bietet.<br \/>\nIch freue mich darauf, eine einladende Atmosph\u00e4re f\u00fcr unsere Kunden und Kandidaten zu schaffen.<\/p>\n<\/div><div data-bb-version=\"4.8.8\" class=\"bt_bb_separator bt_bb_border_style_none bt_bb_top_spacing_none bt_bb_bottom_spacing_medium\" data-bt-override-class=\"{&quot;bt_bb_top_spacing_&quot;:{&quot;current_class&quot;:&quot;bt_bb_top_spacing_none&quot;,&quot;xxl&quot;:&quot;none&quot;},&quot;bt_bb_bottom_spacing_&quot;:{&quot;current_class&quot;:&quot;bt_bb_bottom_spacing_medium&quot;,&quot;xxl&quot;:&quot;medium&quot;}}\"><\/div><\/div><\/div><\/div><\/div><\/div><\/div><!-- cell_inner --><\/div><!-- cell --><\/div><!-- port --><\/section>","protected":false},"excerpt":{"rendered":"<p>Setzen Sie auf ein leistungsf\u00e4higes E-Business nach benutzerfreundlichem intellektuellem Kapital.<br \/>\nAktualisieren Sie Front-End-Prozesse interaktiv mit effektiven konvergenzbasierten Methoden. <\/p>\n","protected":false},"author":1,"featured_media":0,"parent":5031,"menu_order":0,"comment_status":"closed","ping_status":"closed","template":"","meta":{"_acf_changed":false,"footnotes":""},"class_list":["post-5200","page","type-page","status-publish","hentry"],"acf":[],"_links":{"self":[{"href":"https:\/\/grass.10dxgroup.com\/de\/wp-json\/wp\/v2\/pages\/5200","targetHints":{"allow":["GET"]}}],"collection":[{"href":"https:\/\/grass.10dxgroup.com\/de\/wp-json\/wp\/v2\/pages"}],"about":[{"href":"https:\/\/grass.10dxgroup.com\/de\/wp-json\/wp\/v2\/types\/page"}],"author":[{"embeddable":true,"href":"https:\/\/grass.10dxgroup.com\/de\/wp-json\/wp\/v2\/users\/1"}],"replies":[{"embeddable":true,"href":"https:\/\/grass.10dxgroup.com\/de\/wp-json\/wp\/v2\/comments?post=5200"}],"version-history":[{"count":10,"href":"https:\/\/grass.10dxgroup.com\/de\/wp-json\/wp\/v2\/pages\/5200\/revisions"}],"predecessor-version":[{"id":5239,"href":"https:\/\/grass.10dxgroup.com\/de\/wp-json\/wp\/v2\/pages\/5200\/revisions\/5239"}],"up":[{"embeddable":true,"href":"https:\/\/grass.10dxgroup.com\/de\/wp-json\/wp\/v2\/pages\/5031"}],"wp:attachment":[{"href":"https:\/\/grass.10dxgroup.com\/de\/wp-json\/wp\/v2\/media?parent=5200"}],"curies":[{"name":"wp","href":"https:\/\/api.w.org\/{rel}","templated":true}]}}