{"id":5208,"date":"2024-05-16T14:10:51","date_gmt":"2024-05-16T14:10:51","guid":{"rendered":"https:\/\/grass.10dxgroup.com\/standorte-team\/team\/chantal-guess\/"},"modified":"2024-08-13T09:23:56","modified_gmt":"2024-08-13T09:23:56","slug":"chantal-guess","status":"publish","type":"page","link":"https:\/\/grass.10dxgroup.com\/de\/standorte-team\/team\/chantal-guess\/","title":{"rendered":"Chantal G\u00fcss"},"content":{"rendered":"<section id=\"bt_bb_section6a093faf92b60\" class=\"bt_bb_section bt_bb_layout_wide bt_bb_vertical_align_top bt_bb_highlighted_no\"  data-bt-override-class=\"null\"><div class=\"bt_bb_port\"><div class=\"bt_bb_cell\"><div class=\"bt_bb_cell_inner\"><div class=\"bt_bb_row_wrapper\"><div  class=\"bt_bb_row\"  data-bt-override-class=\"{}\"><div data-bb-version=\"4.8.8\"  class=\"bt_bb_column col-xxl-6 col-xl-6 col-xs-12 col-sm-6 col-md-6 col-lg-6 bt_bb_vertical_align_top bt_bb_align_center bt_bb_padding_none bt_bb_highlighted_no\"  data-width=\"6\" data-bt-override-class=\"{&quot;bt_bb_align_&quot;:{&quot;current_class&quot;:&quot;bt_bb_align_center&quot;,&quot;xxl&quot;:&quot;center&quot;},&quot;bt_bb_padding_&quot;:{&quot;current_class&quot;:&quot;bt_bb_padding_none&quot;,&quot;xxl&quot;:&quot;none&quot;}}\"><div class=\"bt_bb_column_content\"><div class=\"bt_bb_column_content_inner\"><div data-bb-version=\"4.8.8\" class=\"bt_bb_separator bt_bb_border_style_none bt_bb_top_spacing_none bt_bb_bottom_spacing_medium\" data-bt-override-class=\"{&quot;bt_bb_top_spacing_&quot;:{&quot;current_class&quot;:&quot;bt_bb_top_spacing_none&quot;,&quot;xxl&quot;:&quot;none&quot;},&quot;bt_bb_bottom_spacing_&quot;:{&quot;current_class&quot;:&quot;bt_bb_bottom_spacing_medium&quot;,&quot;xxl&quot;:&quot;medium&quot;}}\"><\/div><div data-bb-version=\"4.8.8\" class=\"bt_bb_image bt_bb_shape_soft-rounded bt_bb_target_self bt_bb_align_inherit bt_bb_hover_style_simple bt_bb_content_display_always bt_bb_content_align_middle\" data-bt-override-class=\"{&quot;bt_bb_align_&quot;:{&quot;current_class&quot;:&quot;bt_bb_align_inherit&quot;,&quot;xxl&quot;:&quot;inherit&quot;},&quot;bt_bb_content_display_&quot;:{&quot;current_class&quot;:&quot;bt_bb_content_display_always&quot;,&quot;xxl&quot;:&quot;always&quot;}}\"><span><img fetchpriority=\"high\" decoding=\"async\" width=\"354\" height=\"400\" src=\"https:\/\/grass.10dxgroup.com\/wp-content\/uploads\/2024\/05\/Portrait_Guess_Chantal_CF583386.jpg\" class=\"attachment-full size-full\" alt=\"https:\/\/grass.10dxgroup.com\/wp-content\/uploads\/2024\/05\/Portrait_Guess_Chantal_CF583386.jpg\" data-full_image_src=\"https:\/\/grass.10dxgroup.com\/wp-content\/uploads\/2024\/05\/Portrait_Guess_Chantal_CF583386.jpg\" title=\"Portrait_Guess_Chantal_CF583386\" srcset=\"https:\/\/grass.10dxgroup.com\/wp-content\/uploads\/2024\/05\/Portrait_Guess_Chantal_CF583386.jpg 354w, https:\/\/grass.10dxgroup.com\/wp-content\/uploads\/2024\/05\/Portrait_Guess_Chantal_CF583386-320x362.jpg 320w\" sizes=\"(max-width: 354px) 100vw, 354px\" \/><\/span><\/div><div data-bb-version=\"4.8.8\" class=\"bt_bb_separator bt_bb_border_style_none bt_bb_top_spacing_none bt_bb_bottom_spacing_medium\" data-bt-override-class=\"{&quot;bt_bb_top_spacing_&quot;:{&quot;current_class&quot;:&quot;bt_bb_top_spacing_none&quot;,&quot;xxl&quot;:&quot;none&quot;},&quot;bt_bb_bottom_spacing_&quot;:{&quot;current_class&quot;:&quot;bt_bb_bottom_spacing_medium&quot;,&quot;xxl&quot;:&quot;medium&quot;}}\"><\/div><div class=\"bt_bb_image bt_bb_shape_square bt_bb_target_self bt_bb_align_inherit bt_bb_hover_style_simple bt_bb_content_display_always bt_bb_content_align_middle\" data-bt-override-class=\"{}\"><span><img decoding=\"async\" width=\"62\" height=\"58\" src=\"https:\/\/grass.10dxgroup.com\/wp-content\/uploads\/2018\/01\/quote.png\" class=\"attachment-full size-full\" alt=\"https:\/\/grass.10dxgroup.com\/wp-content\/uploads\/2018\/01\/quote.png\" data-full_image_src=\"https:\/\/grass.10dxgroup.com\/wp-content\/uploads\/2018\/01\/quote.png\" title=\"quote\" \/><\/span><\/div><header data-bb-version=\"4.8.8\" class=\"bt_bb_headline team-member-image bt_bb_font_weight_light bt_bb_dash_bottom bt_bb_subheadline bt_bb_size_large bt_bb_align_inherit\" data-bt-override-class=\"{&quot;bt_bb_size_&quot;:{&quot;current_class&quot;:&quot;bt_bb_size_large&quot;,&quot;xxl&quot;:&quot;large&quot;},&quot;bt_bb_align_&quot;:{&quot;current_class&quot;:&quot;bt_bb_align_inherit&quot;,&quot;xxl&quot;:&quot;inherit&quot;}}\"><h3><span class=\"bt_bb_headline_content\"><span>Die kleinste Bewegung ist f\u00fcr die gesamte Natur von gr\u00f6\u00dfter Bedeutung; ein ganzer Ozean ver\u00e4ndert sich, wenn ein Kieselstein hineingeworfen wird.<\/span><\/span><\/h3><div class=\"bt_bb_headline_subheadline\">Blaise Pascal - franz\u00f6sischer Philosoph und Naturwissenschaftler (1623 - 1662)<\/div><\/header><div data-bb-version=\"4.8.8\" class=\"bt_bb_separator bt_bb_border_style_none bt_bb_top_spacing_none bt_bb_bottom_spacing_medium\" data-bt-override-class=\"{&quot;bt_bb_top_spacing_&quot;:{&quot;current_class&quot;:&quot;bt_bb_top_spacing_none&quot;,&quot;xxl&quot;:&quot;none&quot;},&quot;bt_bb_bottom_spacing_&quot;:{&quot;current_class&quot;:&quot;bt_bb_bottom_spacing_medium&quot;,&quot;xxl&quot;:&quot;medium&quot;}}\"><\/div><\/div><\/div><\/div><div data-bb-version=\"4.8.8\"  class=\"bt_bb_column col-xxl-6 col-xl-6 col-xs-12 col-sm-6 col-md-6 col-lg-6 bt_bb_vertical_align_middle bt_bb_align_left bt_bb_padding_none bt_bb_animation_fade_in animate bt_bb_highlighted_no\"  data-width=\"6\" data-bt-override-class=\"{&quot;bt_bb_align_&quot;:{&quot;current_class&quot;:&quot;bt_bb_align_left&quot;,&quot;xxl&quot;:&quot;left&quot;},&quot;bt_bb_padding_&quot;:{&quot;current_class&quot;:&quot;bt_bb_padding_none&quot;,&quot;xxl&quot;:&quot;none&quot;}}\"><div class=\"bt_bb_column_content\"><div class=\"bt_bb_column_content_inner\"><div data-bb-version=\"4.8.8\" class=\"bt_bb_separator bt_bb_border_style_none bt_bb_top_spacing_none bt_bb_bottom_spacing_medium\" data-bt-override-class=\"{&quot;bt_bb_top_spacing_&quot;:{&quot;current_class&quot;:&quot;bt_bb_top_spacing_none&quot;,&quot;xxl&quot;:&quot;none&quot;},&quot;bt_bb_bottom_spacing_&quot;:{&quot;current_class&quot;:&quot;bt_bb_bottom_spacing_medium&quot;,&quot;xxl&quot;:&quot;medium&quot;}}\"><\/div><header data-bb-version=\"4.8.8\" class=\"bt_bb_headline team-member-profile bt_bb_dash_bottom bt_bb_subheadline bt_bb_size_normal bt_bb_align_inherit\" data-bt-override-class=\"{&quot;bt_bb_size_&quot;:{&quot;current_class&quot;:&quot;bt_bb_size_normal&quot;,&quot;xxl&quot;:&quot;normal&quot;},&quot;bt_bb_align_&quot;:{&quot;current_class&quot;:&quot;bt_bb_align_inherit&quot;,&quot;xxl&quot;:&quot;inherit&quot;}}\"><h1><span class=\"bt_bb_headline_content\"><span>Chantal G\u00fcss<\/span><\/span><\/h1><div class=\"bt_bb_headline_subheadline\">B\u00fcroleiter<\/div><\/header><div data-bb-version=\"4.8.8\" class=\"bt_bb_separator bt_bb_border_style_none bt_bb_top_spacing_none bt_bb_bottom_spacing_medium\" data-bt-override-class=\"{&quot;bt_bb_top_spacing_&quot;:{&quot;current_class&quot;:&quot;bt_bb_top_spacing_none&quot;,&quot;xxl&quot;:&quot;none&quot;},&quot;bt_bb_bottom_spacing_&quot;:{&quot;current_class&quot;:&quot;bt_bb_bottom_spacing_medium&quot;,&quot;xxl&quot;:&quot;medium&quot;}}\"><\/div><div data-bb-version=\"4.8.8\"  class=\"bt_bb_text team-member-profile\" ><p>Meine berufliche Laufbahn begann nach meinem Abschluss an der Handelsschule in Basel, aber bevor ich in die Gesch\u00e4ftswelt eintrat, erkundete ich die geografische Welt.<br \/>\nAls Kind war ich oft mit meiner Familie an weit entfernte Orte gereist, um andere Philosophien und Lebensweisen kennenzulernen, und das habe ich auch jetzt wieder getan.<br \/>\nDie Begegnung mit so vielen interessanten Menschen mit ihren einzigartigen Pers\u00f6nlichkeiten war immer sehr faszinierend.<br \/>\nEine meiner Reisen f\u00fchrte mich nach Neuseeland, wo ich Englisch studierte.<br \/>\nEine andere Reise f\u00fchrte mich nach Thailand, wo ich meinen ersten Tauchschein erwarb.<br \/>\nDies war ein wichtiger Meilenstein f\u00fcr mich &#8211; das Tauchen hat mich seitdem durch mein Leben begleitet.<br \/>\nJeder Tauchgang ist eine neue Herausforderung.<br \/>\nMan wei\u00df nie, was einen in den Tiefen des Meeres erwartet.<br \/>\nBesonders beeindruckt bin ich von den zahllosen wunderbaren, manchmal bizarren Formen der Natur.<br \/>\nHier, wie auch an Land, \u00fcberleben nur diejenigen, die sich am besten anpassen.<br \/>\nNach Anstellungen in verschiedenen Unternehmen, in denen ich wiederum viele verschiedene Menschen und Philosophien kennenlernte, kam ich 1994 zu einem gro\u00dfen internationalen Unternehmen, in dessen Tochtergesellschaft in M\u00fcnchen ich zus\u00e4tzlich wertvolle Erfahrungen sammelte.<br \/>\nIch erwarb ein Diplom in Management am Institut f\u00fcr Managementausbildung ifks Basel und sammelte 18 Jahre Berufserfahrung in den Bereichen Werbung\/Print &amp; Online, die letzten Jahre davon in einer leitenden Position mit Budgetverantwortung.<br \/>\nDann war es Zeit f\u00fcr eine neue Herausforderung: 2011 kam ein kleiner &#8222;Kieselstein&#8220; in Form meiner Tochter und ver\u00e4nderte und beeinflusste meinen pers\u00f6nlichen Ozean.<br \/>\nEs war und ist mir wichtig, so viel Zeit wie m\u00f6glich mit ihr zu verbringen und gleichzeitig mit der Berufswelt in Kontakt zu bleiben. Da kam die Gelegenheit, bei Grass &amp; Partner in Basel einzusteigen, genau zum richtigen Zeitpunkt.<br \/>\nAls Teil des Basler Teams freue ich mich, meine F\u00e4higkeiten in den Dienst und die Betreuung unserer Kandidaten und Kunden mit h\u00f6chstem Engagement zu stellen.<\/p>\n<\/div><div data-bb-version=\"4.8.8\" class=\"bt_bb_separator bt_bb_border_style_none bt_bb_top_spacing_none bt_bb_bottom_spacing_medium\" data-bt-override-class=\"{&quot;bt_bb_top_spacing_&quot;:{&quot;current_class&quot;:&quot;bt_bb_top_spacing_none&quot;,&quot;xxl&quot;:&quot;none&quot;},&quot;bt_bb_bottom_spacing_&quot;:{&quot;current_class&quot;:&quot;bt_bb_bottom_spacing_medium&quot;,&quot;xxl&quot;:&quot;medium&quot;}}\"><\/div><\/div><\/div><\/div><\/div><\/div><\/div><!-- cell_inner --><\/div><!-- cell --><\/div><!-- port --><\/section>","protected":false},"excerpt":{"rendered":"<p>Setzen Sie auf ein leistungsf\u00e4higes E-Business nach benutzerfreundlichem intellektuellem Kapital.<br \/>\nAktualisieren Sie Front-End-Prozesse interaktiv mit effektiven konvergenzbasierten Methoden. <\/p>\n","protected":false},"author":1,"featured_media":0,"parent":5031,"menu_order":0,"comment_status":"closed","ping_status":"closed","template":"","meta":{"_acf_changed":false,"footnotes":""},"class_list":["post-5208","page","type-page","status-publish","hentry"],"acf":[],"_links":{"self":[{"href":"https:\/\/grass.10dxgroup.com\/de\/wp-json\/wp\/v2\/pages\/5208","targetHints":{"allow":["GET"]}}],"collection":[{"href":"https:\/\/grass.10dxgroup.com\/de\/wp-json\/wp\/v2\/pages"}],"about":[{"href":"https:\/\/grass.10dxgroup.com\/de\/wp-json\/wp\/v2\/types\/page"}],"author":[{"embeddable":true,"href":"https:\/\/grass.10dxgroup.com\/de\/wp-json\/wp\/v2\/users\/1"}],"replies":[{"embeddable":true,"href":"https:\/\/grass.10dxgroup.com\/de\/wp-json\/wp\/v2\/comments?post=5208"}],"version-history":[{"count":8,"href":"https:\/\/grass.10dxgroup.com\/de\/wp-json\/wp\/v2\/pages\/5208\/revisions"}],"predecessor-version":[{"id":5242,"href":"https:\/\/grass.10dxgroup.com\/de\/wp-json\/wp\/v2\/pages\/5208\/revisions\/5242"}],"up":[{"embeddable":true,"href":"https:\/\/grass.10dxgroup.com\/de\/wp-json\/wp\/v2\/pages\/5031"}],"wp:attachment":[{"href":"https:\/\/grass.10dxgroup.com\/de\/wp-json\/wp\/v2\/media?parent=5208"}],"curies":[{"name":"wp","href":"https:\/\/api.w.org\/{rel}","templated":true}]}}