{"id":5259,"date":"2024-05-16T13:49:52","date_gmt":"2024-05-16T13:49:52","guid":{"rendered":"https:\/\/grass.10dxgroup.com\/standorte-team\/team\/peter-luethi\/"},"modified":"2024-08-13T09:24:02","modified_gmt":"2024-08-13T09:24:02","slug":"peter-luethi","status":"publish","type":"page","link":"https:\/\/grass.10dxgroup.com\/de\/standorte-team\/team\/peter-luethi\/","title":{"rendered":"Peter L\u00fcthi"},"content":{"rendered":"<section id=\"bt_bb_section6a09384fa26bf\" class=\"bt_bb_section bt_bb_layout_wide bt_bb_vertical_align_top bt_bb_highlighted_no\"  data-bt-override-class=\"null\"><div class=\"bt_bb_port\"><div class=\"bt_bb_cell\"><div class=\"bt_bb_cell_inner\"><div class=\"bt_bb_row_wrapper\"><div  class=\"bt_bb_row\"  data-bt-override-class=\"{}\"><div data-bb-version=\"4.8.8\"  class=\"bt_bb_column col-xxl-6 col-xl-6 col-xs-12 col-sm-6 col-md-6 col-lg-6 bt_bb_vertical_align_top bt_bb_align_center bt_bb_padding_none bt_bb_highlighted_no\"  data-width=\"6\" data-bt-override-class=\"{&quot;bt_bb_align_&quot;:{&quot;current_class&quot;:&quot;bt_bb_align_center&quot;,&quot;xxl&quot;:&quot;center&quot;},&quot;bt_bb_padding_&quot;:{&quot;current_class&quot;:&quot;bt_bb_padding_none&quot;,&quot;xxl&quot;:&quot;none&quot;}}\"><div class=\"bt_bb_column_content\"><div class=\"bt_bb_column_content_inner\"><div data-bb-version=\"4.8.8\" class=\"bt_bb_separator bt_bb_border_style_none bt_bb_top_spacing_none bt_bb_bottom_spacing_medium\" data-bt-override-class=\"{&quot;bt_bb_top_spacing_&quot;:{&quot;current_class&quot;:&quot;bt_bb_top_spacing_none&quot;,&quot;xxl&quot;:&quot;none&quot;},&quot;bt_bb_bottom_spacing_&quot;:{&quot;current_class&quot;:&quot;bt_bb_bottom_spacing_medium&quot;,&quot;xxl&quot;:&quot;medium&quot;}}\"><\/div><div data-bb-version=\"4.8.8\" class=\"bt_bb_image bt_bb_shape_soft-rounded bt_bb_target_self bt_bb_align_inherit bt_bb_hover_style_simple bt_bb_content_display_always bt_bb_content_align_middle\" data-bt-override-class=\"{&quot;bt_bb_align_&quot;:{&quot;current_class&quot;:&quot;bt_bb_align_inherit&quot;,&quot;xxl&quot;:&quot;inherit&quot;},&quot;bt_bb_content_display_&quot;:{&quot;current_class&quot;:&quot;bt_bb_content_display_always&quot;,&quot;xxl&quot;:&quot;always&quot;}}\"><span><img fetchpriority=\"high\" decoding=\"async\" width=\"354\" height=\"400\" src=\"https:\/\/grass.10dxgroup.com\/wp-content\/uploads\/2024\/05\/Portrait_Luethi_Peter_CF591810.jpg\" class=\"attachment-full size-full\" alt=\"https:\/\/grass.10dxgroup.com\/wp-content\/uploads\/2024\/05\/Portrait_Luethi_Peter_CF591810.jpg\" data-full_image_src=\"https:\/\/grass.10dxgroup.com\/wp-content\/uploads\/2024\/05\/Portrait_Luethi_Peter_CF591810.jpg\" title=\"Portrait_Luethi_Peter_CF591810\" srcset=\"https:\/\/grass.10dxgroup.com\/wp-content\/uploads\/2024\/05\/Portrait_Luethi_Peter_CF591810.jpg 354w, https:\/\/grass.10dxgroup.com\/wp-content\/uploads\/2024\/05\/Portrait_Luethi_Peter_CF591810-320x362.jpg 320w\" sizes=\"(max-width: 354px) 100vw, 354px\" \/><\/span><\/div><div data-bb-version=\"4.8.8\" class=\"bt_bb_separator bt_bb_border_style_none bt_bb_top_spacing_none bt_bb_bottom_spacing_medium\" data-bt-override-class=\"{&quot;bt_bb_top_spacing_&quot;:{&quot;current_class&quot;:&quot;bt_bb_top_spacing_none&quot;,&quot;xxl&quot;:&quot;none&quot;},&quot;bt_bb_bottom_spacing_&quot;:{&quot;current_class&quot;:&quot;bt_bb_bottom_spacing_medium&quot;,&quot;xxl&quot;:&quot;medium&quot;}}\"><\/div><div data-bb-version=\"4.8.8\" class=\"bt_bb_icon bt_bb_style_outline bt_bb_size_xsmall bt_bb_shape_circle bt_bb_align_inherit\" data-bt-override-class=\"{&quot;bt_bb_size_&quot;:{&quot;current_class&quot;:&quot;bt_bb_size_xsmall&quot;,&quot;xxl&quot;:&quot;xsmall&quot;},&quot;bt_bb_align_&quot;:{&quot;current_class&quot;:&quot;bt_bb_align_inherit&quot;,&quot;xxl&quot;:&quot;inherit&quot;}}\"><a href=\"https:\/\/www.linkedin.com\/in\/peter-luethi-5005251\/\"  target=\"_self\" data-ico-fontawesome=\"&#xf0e1;\" class=\"bt_bb_icon_holder\"><\/a><\/div><div data-bb-version=\"4.8.8\" class=\"bt_bb_icon bt_bb_style_outline bt_bb_size_xsmall bt_bb_shape_circle bt_bb_align_inherit\" data-bt-override-class=\"{&quot;bt_bb_size_&quot;:{&quot;current_class&quot;:&quot;bt_bb_size_xsmall&quot;,&quot;xxl&quot;:&quot;xsmall&quot;},&quot;bt_bb_align_&quot;:{&quot;current_class&quot;:&quot;bt_bb_align_inherit&quot;,&quot;xxl&quot;:&quot;inherit&quot;}}\"><a href=\"https:\/\/www.xing.com\/profile\/Peter_Luethi?sc_o=ps2867\"  target=\"_self\" data-ico-fontawesome=\"&#xf168;\" class=\"bt_bb_icon_holder\"><\/a><\/div><div data-bb-version=\"4.8.8\" class=\"bt_bb_separator bt_bb_border_style_none bt_bb_top_spacing_none bt_bb_bottom_spacing_medium\" data-bt-override-class=\"{&quot;bt_bb_top_spacing_&quot;:{&quot;current_class&quot;:&quot;bt_bb_top_spacing_none&quot;,&quot;xxl&quot;:&quot;none&quot;},&quot;bt_bb_bottom_spacing_&quot;:{&quot;current_class&quot;:&quot;bt_bb_bottom_spacing_medium&quot;,&quot;xxl&quot;:&quot;medium&quot;}}\"><\/div><div class=\"bt_bb_image bt_bb_shape_square bt_bb_target_self bt_bb_align_inherit bt_bb_hover_style_simple bt_bb_content_display_always bt_bb_content_align_middle\" data-bt-override-class=\"{}\"><span><img decoding=\"async\" width=\"62\" height=\"58\" src=\"https:\/\/grass.10dxgroup.com\/wp-content\/uploads\/2018\/01\/quote.png\" class=\"attachment-full size-full\" alt=\"https:\/\/grass.10dxgroup.com\/wp-content\/uploads\/2018\/01\/quote.png\" data-full_image_src=\"https:\/\/grass.10dxgroup.com\/wp-content\/uploads\/2018\/01\/quote.png\" title=\"quote\" \/><\/span><\/div><header data-bb-version=\"4.8.8\" class=\"bt_bb_headline team-member-image bt_bb_font_weight_light bt_bb_dash_bottom bt_bb_subheadline bt_bb_size_large bt_bb_align_inherit\" data-bt-override-class=\"{&quot;bt_bb_size_&quot;:{&quot;current_class&quot;:&quot;bt_bb_size_large&quot;,&quot;xxl&quot;:&quot;large&quot;},&quot;bt_bb_align_&quot;:{&quot;current_class&quot;:&quot;bt_bb_align_inherit&quot;,&quot;xxl&quot;:&quot;inherit&quot;}}\"><h3><span class=\"bt_bb_headline_content\"><span>Das wichtigste Ergebnis aller Bildung ist die Selbsterkenntnis.<\/span><\/span><\/h3><div class=\"bt_bb_headline_subheadline\">Ernst Freiherr von Feuchtersleben<\/div><\/header><div data-bb-version=\"4.8.8\" class=\"bt_bb_separator bt_bb_border_style_none bt_bb_top_spacing_none bt_bb_bottom_spacing_medium\" data-bt-override-class=\"{&quot;bt_bb_top_spacing_&quot;:{&quot;current_class&quot;:&quot;bt_bb_top_spacing_none&quot;,&quot;xxl&quot;:&quot;none&quot;},&quot;bt_bb_bottom_spacing_&quot;:{&quot;current_class&quot;:&quot;bt_bb_bottom_spacing_medium&quot;,&quot;xxl&quot;:&quot;medium&quot;}}\"><\/div><\/div><\/div><\/div><div data-bb-version=\"4.8.8\"  class=\"bt_bb_column col-xxl-6 col-xl-6 col-xs-12 col-sm-6 col-md-6 col-lg-6 bt_bb_vertical_align_middle bt_bb_align_left bt_bb_padding_none bt_bb_animation_fade_in animate bt_bb_highlighted_no\"  data-width=\"6\" data-bt-override-class=\"{&quot;bt_bb_align_&quot;:{&quot;current_class&quot;:&quot;bt_bb_align_left&quot;,&quot;xxl&quot;:&quot;left&quot;},&quot;bt_bb_padding_&quot;:{&quot;current_class&quot;:&quot;bt_bb_padding_none&quot;,&quot;xxl&quot;:&quot;none&quot;}}\"><div class=\"bt_bb_column_content\"><div class=\"bt_bb_column_content_inner\"><div data-bb-version=\"4.8.8\" class=\"bt_bb_separator bt_bb_border_style_none bt_bb_top_spacing_none bt_bb_bottom_spacing_medium\" data-bt-override-class=\"{&quot;bt_bb_top_spacing_&quot;:{&quot;current_class&quot;:&quot;bt_bb_top_spacing_none&quot;,&quot;xxl&quot;:&quot;none&quot;},&quot;bt_bb_bottom_spacing_&quot;:{&quot;current_class&quot;:&quot;bt_bb_bottom_spacing_medium&quot;,&quot;xxl&quot;:&quot;medium&quot;}}\"><\/div><header data-bb-version=\"4.8.8\" class=\"bt_bb_headline team-member-profile bt_bb_dash_bottom bt_bb_subheadline bt_bb_size_normal bt_bb_align_inherit\" data-bt-override-class=\"{&quot;bt_bb_size_&quot;:{&quot;current_class&quot;:&quot;bt_bb_size_normal&quot;,&quot;xxl&quot;:&quot;normal&quot;},&quot;bt_bb_align_&quot;:{&quot;current_class&quot;:&quot;bt_bb_align_inherit&quot;,&quot;xxl&quot;:&quot;inherit&quot;}}\"><h1><span class=\"bt_bb_headline_content\"><span>Peter L\u00fcthi<\/span><\/span><\/h1><div class=\"bt_bb_headline_subheadline\">Niederlassungsleiter Bern\/Partner<\/div><\/header><div data-bb-version=\"4.8.8\" class=\"bt_bb_separator bt_bb_border_style_none bt_bb_top_spacing_none bt_bb_bottom_spacing_medium\" data-bt-override-class=\"{&quot;bt_bb_top_spacing_&quot;:{&quot;current_class&quot;:&quot;bt_bb_top_spacing_none&quot;,&quot;xxl&quot;:&quot;none&quot;},&quot;bt_bb_bottom_spacing_&quot;:{&quot;current_class&quot;:&quot;bt_bb_bottom_spacing_medium&quot;,&quot;xxl&quot;:&quot;medium&quot;}}\"><\/div><div data-bb-version=\"4.8.8\"  class=\"bt_bb_text team-member-profile\" ><p>Selbsterkenntnis, oder Selbstklarheit, ist eine unverzichtbare Grundlage f\u00fcr viele Dinge in unserem Leben.<br \/>\nSie kann z.B. bessere F\u00fchrungsqualit\u00e4ten, eine geeignetere Berufswahl und eine effektivere Zielsetzung erm\u00f6glichen und so den Erfolg und die Zufriedenheit insgesamt steigern.<br \/>\nIn meinem Leben hat es solche Wendepunkte gegeben.<br \/>\nNach meiner technischen Ausbildung und meinem Abschluss in Informatik begann ich in der faszinierenden und vielseitigen Welt des Projektmanagements und der Planung.<br \/>\nMein Erfahrungsschatz aus einer F\u00fclle von spannenden IT-Projekten sowie mein Aufbaustudium in Betriebswirtschaft waren mir bei meinem n\u00e4chsten beruflichen Schritt von Nutzen.<br \/>\nAls Leiter der IT-Abteilung war ich f\u00fcr die Leitung der IT-Abteilung von zwei verschiedenen Industrieunternehmen verantwortlich.<br \/>\nBei der Rekrutierung und dem Aufbau eines ganzen IT-Teams habe ich wertvolle Erfahrungen gesammelt.<br \/>\nDas Gleiche galt f\u00fcr die Zeit, als ich den Schweizer Standort in das Mutterunternehmen in Gro\u00dfbritannien integrierte.<br \/>\nDiese und andere Meilensteine meiner Karriere haben mir eines deutlich vor Augen gef\u00fchrt: meine Faszination f\u00fcr Menschen, ihre Talente und F\u00e4higkeiten.<br \/>\nAls logische Konsequenz habe ich mich daher zum Coach (MAS Coaching FHNW) ausbilden lassen.<br \/>\nDanach arbeitete ich f\u00fcr den gr\u00f6\u00dften Schweizer Telekommunikationsanbieter als Leiterin des Projektmanagements, wo ich f\u00fcr das Management, die Entwicklung, die Rekrutierung und das Coaching von bis zu 120 Mitarbeitern verantwortlich war.<br \/>\nZusammen mit meiner Familie lebe ich in Bern-Bremgarten.<br \/>\nEinen Gro\u00dfteil meiner Freizeit widme ich meiner Leidenschaft f\u00fcr Musik und Sport, insbesondere Wassersport.<br \/>\nInvestieren Sie in Ihre eigene Zukunft.<br \/>\nBei Grass &amp; Partner bieten wir Ihnen eine professionelle und proaktive Beratung in einem Dialog auf Augenh\u00f6he, der von Vertrauen und Transparenz gepr\u00e4gt ist.<br \/>\nIch freue mich darauf, Sie kennenzulernen.                 <\/p>\n<div><strong>Brauchen Sie als F\u00fchrungskraft mehr Verhandlungsmacht?<\/strong><\/div>\n<p>  W\u00fcrden Sie gerne in einem Vorstand sitzen?<br \/>\nM\u00f6chten Sie wissen, wie Sie ein Unternehmen finden, das Sie kaufen und ein Unternehmer werden k\u00f6nnen?<br \/>\nPlanen Sie, Ihre Karriere neu auszurichten?    <\/p>\n<div><strong>Sind Sie ein Manager oder verantwortlich f\u00fcr die Personalentwicklung?<\/strong><\/div>\n<p>  M\u00f6chten Sie Ihre F\u00fchrungskr\u00e4fte gezielt und nachhaltig entwickeln?<br \/>\nWir begleiten und unterst\u00fctzen Ihre F\u00fchrungskr\u00e4fte in einem transparenten und hochindividuellen Prozess.<br \/>\nDer Prozess ist so angelegt, dass er gezielt und nachhaltig wirkt.<br \/>\nPers\u00f6nliche Entwicklung und verbesserte soziale Kompetenz in der F\u00fchrung haben Vorbildcharakter f\u00fcr andere, was zu mehr Erfolg f\u00fchrt.     <\/p>\n<div><strong>Sind Sie ein Personalleiter, zu dessen Aufgaben Entlassungen geh\u00f6ren?<\/strong><\/div>\n<p>  Wir sind Ihre Experten f\u00fcr Trennungsmanagement und k\u00f6nnen ein ma\u00dfgeschneidertes Programm f\u00fcr die berufliche Neuorientierung nach der Entlassung entwickeln.  <\/p>\n<div><strong>M\u00f6chten Sie als Personalleiter die Mitarbeiter, die Sie einstellen, an sich binden?<\/strong><\/div>\n<p>  Wir begleiten den Onboarding-Prozess und unterst\u00fctzen Ehepartner bei ihrer Karrieresuche w\u00e4hrend des Umzugsprozesses.<br \/>\nWir sind auch Experten f\u00fcr &#8222;sp\u00e4te Karrieren&#8220; und unterst\u00fctzen Kunden \u00fcber 50 dabei, die beste Karriere f\u00fcr diesen Lebensabschnitt zu finden.<br \/>\nWenn Sie sich in einer dieser Situationen befinden, nehmen Sie Kontakt mit mir auf und vereinbaren Sie einen unverbindlichen Termin, um herauszufinden, ob unsere Dienstleistungen f\u00fcr Sie geeignet sind.<br \/>\nUnd wenn Sie bereits ein Kunde von uns sind, freue ich mich darauf, mit Ihnen bei einer unserer n\u00e4chsten Networking-Veranstaltungen \u00fcber diese Themen zu sprechen.<\/p>\n<\/div><div data-bb-version=\"4.8.8\" class=\"bt_bb_separator bt_bb_border_style_none bt_bb_top_spacing_none bt_bb_bottom_spacing_medium\" data-bt-override-class=\"{&quot;bt_bb_top_spacing_&quot;:{&quot;current_class&quot;:&quot;bt_bb_top_spacing_none&quot;,&quot;xxl&quot;:&quot;none&quot;},&quot;bt_bb_bottom_spacing_&quot;:{&quot;current_class&quot;:&quot;bt_bb_bottom_spacing_medium&quot;,&quot;xxl&quot;:&quot;medium&quot;}}\"><\/div><\/div><\/div><\/div><\/div><\/div><\/div><!-- cell_inner --><\/div><!-- cell --><\/div><!-- port --><\/section>","protected":false},"excerpt":{"rendered":"<p>Setzen Sie auf ein leistungsf\u00e4higes E-Business nach benutzerfreundlichem intellektuellem Kapital.<br \/>\nAktualisieren Sie Front-End-Prozesse interaktiv mit effektiven konvergenzbasierten Methoden. <\/p>\n","protected":false},"author":1,"featured_media":0,"parent":5031,"menu_order":0,"comment_status":"closed","ping_status":"closed","template":"","meta":{"_acf_changed":false,"footnotes":""},"class_list":["post-5259","page","type-page","status-publish","hentry"],"acf":[],"_links":{"self":[{"href":"https:\/\/grass.10dxgroup.com\/de\/wp-json\/wp\/v2\/pages\/5259","targetHints":{"allow":["GET"]}}],"collection":[{"href":"https:\/\/grass.10dxgroup.com\/de\/wp-json\/wp\/v2\/pages"}],"about":[{"href":"https:\/\/grass.10dxgroup.com\/de\/wp-json\/wp\/v2\/types\/page"}],"author":[{"embeddable":true,"href":"https:\/\/grass.10dxgroup.com\/de\/wp-json\/wp\/v2\/users\/1"}],"replies":[{"embeddable":true,"href":"https:\/\/grass.10dxgroup.com\/de\/wp-json\/wp\/v2\/comments?post=5259"}],"version-history":[{"count":1,"href":"https:\/\/grass.10dxgroup.com\/de\/wp-json\/wp\/v2\/pages\/5259\/revisions"}],"predecessor-version":[{"id":5264,"href":"https:\/\/grass.10dxgroup.com\/de\/wp-json\/wp\/v2\/pages\/5259\/revisions\/5264"}],"up":[{"embeddable":true,"href":"https:\/\/grass.10dxgroup.com\/de\/wp-json\/wp\/v2\/pages\/5031"}],"wp:attachment":[{"href":"https:\/\/grass.10dxgroup.com\/de\/wp-json\/wp\/v2\/media?parent=5259"}],"curies":[{"name":"wp","href":"https:\/\/api.w.org\/{rel}","templated":true}]}}