{"id":4972,"date":"2024-05-16T13:41:01","date_gmt":"2024-05-16T13:41:01","guid":{"rendered":"https:\/\/grass.10dxgroup.com\/anneke-ludwig-bakker\/"},"modified":"2024-08-13T09:19:15","modified_gmt":"2024-08-13T09:19:15","slug":"anneke-ludwig-bakker","status":"publish","type":"page","link":"https:\/\/grass.10dxgroup.com\/fr\/sites-et-equipe\/lequipe\/anneke-ludwig-bakker\/","title":{"rendered":"Anneke Ludwig-Bakker"},"content":{"rendered":"<section id=\"bt_bb_section6a093ab464b93\" class=\"bt_bb_section bt_bb_layout_wide bt_bb_vertical_align_top bt_bb_highlighted_no\"  data-bt-override-class=\"null\"><div class=\"bt_bb_port\"><div class=\"bt_bb_cell\"><div class=\"bt_bb_cell_inner\"><div class=\"bt_bb_row_wrapper\"><div  class=\"bt_bb_row\"  data-bt-override-class=\"{}\"><div data-bb-version=\"4.8.8\"  class=\"bt_bb_column col-xxl-6 col-xl-6 col-xs-12 col-sm-6 col-md-6 col-lg-6 bt_bb_vertical_align_top bt_bb_align_center bt_bb_padding_none bt_bb_highlighted_no\"  data-width=\"6\" data-bt-override-class=\"{&quot;bt_bb_align_&quot;:{&quot;current_class&quot;:&quot;bt_bb_align_center&quot;,&quot;xxl&quot;:&quot;center&quot;},&quot;bt_bb_padding_&quot;:{&quot;current_class&quot;:&quot;bt_bb_padding_none&quot;,&quot;xxl&quot;:&quot;none&quot;}}\"><div class=\"bt_bb_column_content\"><div class=\"bt_bb_column_content_inner\"><div data-bb-version=\"4.8.8\" class=\"bt_bb_separator bt_bb_border_style_none bt_bb_top_spacing_none bt_bb_bottom_spacing_medium\" data-bt-override-class=\"{&quot;bt_bb_top_spacing_&quot;:{&quot;current_class&quot;:&quot;bt_bb_top_spacing_none&quot;,&quot;xxl&quot;:&quot;none&quot;},&quot;bt_bb_bottom_spacing_&quot;:{&quot;current_class&quot;:&quot;bt_bb_bottom_spacing_medium&quot;,&quot;xxl&quot;:&quot;medium&quot;}}\"><\/div><div data-bb-version=\"4.8.8\" class=\"bt_bb_image bt_bb_shape_soft-rounded bt_bb_target_self bt_bb_align_inherit bt_bb_hover_style_simple bt_bb_content_display_always bt_bb_content_align_middle\" data-bt-override-class=\"{&quot;bt_bb_align_&quot;:{&quot;current_class&quot;:&quot;bt_bb_align_inherit&quot;,&quot;xxl&quot;:&quot;inherit&quot;},&quot;bt_bb_content_display_&quot;:{&quot;current_class&quot;:&quot;bt_bb_content_display_always&quot;,&quot;xxl&quot;:&quot;always&quot;}}\"><span><img fetchpriority=\"high\" decoding=\"async\" width=\"354\" height=\"400\" src=\"https:\/\/grass.10dxgroup.com\/wp-content\/uploads\/2024\/05\/Portrait_hoch_Anneke_Web_CF857470.jpg\" class=\"attachment-full size-full\" alt=\"https:\/\/grass.10dxgroup.com\/wp-content\/uploads\/2024\/05\/Portrait_hoch_Anneke_Web_CF857470.jpg\" data-full_image_src=\"https:\/\/grass.10dxgroup.com\/wp-content\/uploads\/2024\/05\/Portrait_hoch_Anneke_Web_CF857470.jpg\" title=\"Portrait_hoch_Anneke_Web_CF857470\" srcset=\"https:\/\/grass.10dxgroup.com\/wp-content\/uploads\/2024\/05\/Portrait_hoch_Anneke_Web_CF857470.jpg 354w, https:\/\/grass.10dxgroup.com\/wp-content\/uploads\/2024\/05\/Portrait_hoch_Anneke_Web_CF857470-320x362.jpg 320w\" sizes=\"(max-width: 354px) 100vw, 354px\" \/><\/span><\/div><div data-bb-version=\"4.8.8\" class=\"bt_bb_separator bt_bb_border_style_none bt_bb_top_spacing_none bt_bb_bottom_spacing_medium\" data-bt-override-class=\"{&quot;bt_bb_top_spacing_&quot;:{&quot;current_class&quot;:&quot;bt_bb_top_spacing_none&quot;,&quot;xxl&quot;:&quot;none&quot;},&quot;bt_bb_bottom_spacing_&quot;:{&quot;current_class&quot;:&quot;bt_bb_bottom_spacing_medium&quot;,&quot;xxl&quot;:&quot;medium&quot;}}\"><\/div><div data-bb-version=\"4.8.8\" class=\"bt_bb_icon bt_bb_style_outline bt_bb_size_xsmall bt_bb_shape_circle bt_bb_align_inherit\" data-bt-override-class=\"{&quot;bt_bb_size_&quot;:{&quot;current_class&quot;:&quot;bt_bb_size_xsmall&quot;,&quot;xxl&quot;:&quot;xsmall&quot;},&quot;bt_bb_align_&quot;:{&quot;current_class&quot;:&quot;bt_bb_align_inherit&quot;,&quot;xxl&quot;:&quot;inherit&quot;}}\"><a href=\"https:\/\/www.linkedin.com\/in\/anneke-ludwig-bakker\/\"  target=\"_self\" data-ico-fontawesome=\"&#xf0e1;\" class=\"bt_bb_icon_holder\"><\/a><\/div><div data-bb-version=\"4.8.8\" class=\"bt_bb_icon bt_bb_style_outline bt_bb_size_xsmall bt_bb_shape_circle bt_bb_align_inherit\" data-bt-override-class=\"{&quot;bt_bb_size_&quot;:{&quot;current_class&quot;:&quot;bt_bb_size_xsmall&quot;,&quot;xxl&quot;:&quot;xsmall&quot;},&quot;bt_bb_align_&quot;:{&quot;current_class&quot;:&quot;bt_bb_align_inherit&quot;,&quot;xxl&quot;:&quot;inherit&quot;}}\"><a href=\"https:\/\/www.xing.com\/profile\/Anneke_LudwigBakker\/web_profiles\"  target=\"_self\" data-ico-fontawesome=\"&#xf168;\" class=\"bt_bb_icon_holder\"><\/a><\/div><div data-bb-version=\"4.8.8\" class=\"bt_bb_separator bt_bb_border_style_none bt_bb_top_spacing_none bt_bb_bottom_spacing_medium\" data-bt-override-class=\"{&quot;bt_bb_top_spacing_&quot;:{&quot;current_class&quot;:&quot;bt_bb_top_spacing_none&quot;,&quot;xxl&quot;:&quot;none&quot;},&quot;bt_bb_bottom_spacing_&quot;:{&quot;current_class&quot;:&quot;bt_bb_bottom_spacing_medium&quot;,&quot;xxl&quot;:&quot;medium&quot;}}\"><\/div><div class=\"bt_bb_image bt_bb_shape_square bt_bb_target_self bt_bb_align_inherit bt_bb_hover_style_simple bt_bb_content_display_always bt_bb_content_align_middle\" data-bt-override-class=\"{}\"><span><img decoding=\"async\" width=\"62\" height=\"58\" src=\"https:\/\/grass.10dxgroup.com\/wp-content\/uploads\/2018\/01\/quote.png\" class=\"attachment-full size-full\" alt=\"https:\/\/grass.10dxgroup.com\/wp-content\/uploads\/2018\/01\/quote.png\" data-full_image_src=\"https:\/\/grass.10dxgroup.com\/wp-content\/uploads\/2018\/01\/quote.png\" title=\"quote\" \/><\/span><\/div><header data-bb-version=\"4.8.8\" class=\"bt_bb_headline team-member-image bt_bb_font_weight_light bt_bb_dash_bottom bt_bb_subheadline bt_bb_size_large bt_bb_align_inherit\" data-bt-override-class=\"{&quot;bt_bb_size_&quot;:{&quot;current_class&quot;:&quot;bt_bb_size_large&quot;,&quot;xxl&quot;:&quot;large&quot;},&quot;bt_bb_align_&quot;:{&quot;current_class&quot;:&quot;bt_bb_align_inherit&quot;,&quot;xxl&quot;:&quot;inherit&quot;}}\"><h3><span class=\"bt_bb_headline_content\"><span>Les opportunit\u00e9s ne se pr\u00e9sentent pas d&apos;elles-m\u00eames.<br \/>\nC&apos;est vous qui les cr\u00e9ez. <\/span><\/span><\/h3><div class=\"bt_bb_headline_subheadline\">Chris Grosser<\/div><\/header><div data-bb-version=\"4.8.8\" class=\"bt_bb_separator bt_bb_border_style_none bt_bb_top_spacing_none bt_bb_bottom_spacing_medium\" data-bt-override-class=\"{&quot;bt_bb_top_spacing_&quot;:{&quot;current_class&quot;:&quot;bt_bb_top_spacing_none&quot;,&quot;xxl&quot;:&quot;none&quot;},&quot;bt_bb_bottom_spacing_&quot;:{&quot;current_class&quot;:&quot;bt_bb_bottom_spacing_medium&quot;,&quot;xxl&quot;:&quot;medium&quot;}}\"><\/div><\/div><\/div><\/div><div data-bb-version=\"4.8.8\"  class=\"bt_bb_column col-xxl-6 col-xl-6 col-xs-12 col-sm-6 col-md-6 col-lg-6 bt_bb_vertical_align_middle bt_bb_align_left bt_bb_padding_none bt_bb_animation_fade_in animate bt_bb_highlighted_no\"  data-width=\"6\" data-bt-override-class=\"{&quot;bt_bb_align_&quot;:{&quot;current_class&quot;:&quot;bt_bb_align_left&quot;,&quot;xxl&quot;:&quot;left&quot;},&quot;bt_bb_padding_&quot;:{&quot;current_class&quot;:&quot;bt_bb_padding_none&quot;,&quot;xxl&quot;:&quot;none&quot;}}\"><div class=\"bt_bb_column_content\"><div class=\"bt_bb_column_content_inner\"><div data-bb-version=\"4.8.8\" class=\"bt_bb_separator bt_bb_border_style_none bt_bb_top_spacing_none bt_bb_bottom_spacing_medium\" data-bt-override-class=\"{&quot;bt_bb_top_spacing_&quot;:{&quot;current_class&quot;:&quot;bt_bb_top_spacing_none&quot;,&quot;xxl&quot;:&quot;none&quot;},&quot;bt_bb_bottom_spacing_&quot;:{&quot;current_class&quot;:&quot;bt_bb_bottom_spacing_medium&quot;,&quot;xxl&quot;:&quot;medium&quot;}}\"><\/div><header data-bb-version=\"4.8.8\" class=\"bt_bb_headline team-member-profile bt_bb_dash_bottom bt_bb_subheadline bt_bb_size_normal bt_bb_align_inherit\" data-bt-override-class=\"{&quot;bt_bb_size_&quot;:{&quot;current_class&quot;:&quot;bt_bb_size_normal&quot;,&quot;xxl&quot;:&quot;normal&quot;},&quot;bt_bb_align_&quot;:{&quot;current_class&quot;:&quot;bt_bb_align_inherit&quot;,&quot;xxl&quot;:&quot;inherit&quot;}}\"><h1><span class=\"bt_bb_headline_content\"><span>Hannes Haueis<\/span><\/span><\/h1><div class=\"bt_bb_headline_subheadline\">Consultant principal\/associ\u00e9<\/div><\/header><div data-bb-version=\"4.8.8\" class=\"bt_bb_separator bt_bb_border_style_none bt_bb_top_spacing_none bt_bb_bottom_spacing_medium\" data-bt-override-class=\"{&quot;bt_bb_top_spacing_&quot;:{&quot;current_class&quot;:&quot;bt_bb_top_spacing_none&quot;,&quot;xxl&quot;:&quot;none&quot;},&quot;bt_bb_bottom_spacing_&quot;:{&quot;current_class&quot;:&quot;bt_bb_bottom_spacing_medium&quot;,&quot;xxl&quot;:&quot;medium&quot;}}\"><\/div><div data-bb-version=\"4.8.8\"  class=\"bt_bb_text team-member-profile\" ><p class=\"compact\"><strong>Construire des ponts entre les \u00e9tudiants universitaires et le monde professionnel.<\/strong><\/p>\n<p class=\"compact\">Pendant mon MBA \u00e0 l&rsquo;universit\u00e9 de Zurich (lic.oec.publ. en 2001), j&rsquo;ai \u00e9t\u00e9 membre du conseil d&rsquo;administration d&rsquo;AIESEC Zurich.<br \/>\nJ&rsquo;ai facilit\u00e9 les stages pour les \u00e9tudiants du monde entier.<br \/>\nDans ce r\u00f4le, j&rsquo;ai promu les qualit\u00e9s et les comp\u00e9tences de leadership parmi les jeunes talents au niveau international.  <\/p>\n<p class=\"compact\"><strong>Faciliter les processus de transformation europ\u00e9ens.<\/strong><\/p>\n<p class=\"compact\">Apr\u00e8s avoir obtenu mon MBA, j&rsquo;ai entam\u00e9 ma carri\u00e8re dans le domaine du d\u00e9veloppement organisationnel chez Zurich Insurance.<br \/>\nPendant de nombreuses ann\u00e9es, j&rsquo;ai dirig\u00e9 des \u00e9quipes europ\u00e9ennes charg\u00e9es de rationaliser les processus de l&rsquo;entreprise, en int\u00e9grant SAP et une solution d&rsquo;assurance en ligne paneurop\u00e9enne.<br \/>\nL&rsquo;\u00e9tablissement de concepts et la pr\u00e9sidence d&rsquo;ateliers de niveau C ont \u00e9t\u00e9 des \u00e9l\u00e9ments cl\u00e9s de la facilitation de ces processus de transformation.  <\/p>\n<p class=\"compact\"><strong>Me permettre d&rsquo;approfondir mes connaissances en mati\u00e8re de communication.<\/strong><\/p>\n<p class=\"compact\">J&rsquo;ai d\u00e9cid\u00e9 de me concentrer davantage sur ma passion et mes points forts et j&rsquo;ai rejoint un CAS en communication au MAZ en 2001, l&rsquo;\u00e9cole suisse de journalisme, afin d&rsquo;approfondir mes connaissances dans les domaines de la rh\u00e9torique et de la pr\u00e9sence.<\/p>\n<p class=\"compact\"><strong>Faire le lien entre ma passion et ma comp\u00e9tence.<\/strong><\/p>\n<p class=\"compact\">Depuis, en tant qu&rsquo;ind\u00e9pendant, j&rsquo;organise des formations en communication sur mesure pour la pr\u00e9sence, les techniques de pr\u00e9sentation et la mod\u00e9ration &#8211; pour les individus, les groupes et les \u00e9quipes.<br \/>\nMes clients vont des jeunes talents aux cadres dirigeants. <\/p>\n<p class=\"compact\"><strong>Permettre aux individus de s&rsquo;\u00e9panouir.<\/strong><\/p>\n<p class=\"compact\">En 2018, j&rsquo;ai rejoint l&rsquo;Executive School de l&rsquo;Universit\u00e9 de Saint-Gall (ES-HSG) en tant que responsable du CAS en management.<br \/>\nDirigeant ce programme avec toutes ses factettes, j&rsquo;ai particuli\u00e8rement appr\u00e9ci\u00e9 d&rsquo;offrir \u00e0 nos participants l&rsquo;environnement de confiance pour apprendre, grandir et \u00eatre \u00e9quip\u00e9 pour passer \u00e0 la prochaine \u00e9tape de carri\u00e8re souhait\u00e9e. <\/p>\n<p class=\"compact\">Tous ces \u00e9l\u00e9ments, y compris mon parcours dans le cadre de l&rsquo;International Executive Coaching Certificate de l&rsquo;IMD, ont fa\u00e7onn\u00e9 ma personnalit\u00e9 et renforc\u00e9 ma volont\u00e9 d&rsquo;aider les individus et les \u00e9quipes \u00e0 d\u00e9velopper leur plein potentiel.<\/p>\n<p>  Par ailleurs, je m\u00e8ne une vie active avec ma famille et je suis passionn\u00e9e par le groupe Souljam en tant que chanteuse et pr\u00e9sentatrice.  <\/p>\n<p class=\"compact\"><strong>Comment, chez Grass &amp; Partner, vais-je cr\u00e9er des opportunit\u00e9s pour vous ?<\/strong><\/p>\n<p class=\"compact\">&#8211; <strong>Faire le lien entre <\/strong>vos objectifs professionnels et vos comp\u00e9tences, votre personnalit\u00e9 et vos talents.<\/p>\n<p class=\"compact\">&#8211; <strong>Faciliter <\/strong>vos prochaines \u00e9tapes de carri\u00e8re en fonction de votre exp\u00e9rience et de vos comp\u00e9tences.<\/p>\n<p class=\"compact\">&#8211; <strong>Permettre \u00e0 <\/strong>votre carri\u00e8re de se d\u00e9rouler dans une perspective dynamique et nouvelle.<\/p>\n<p class=\"compact\">C\u00f4te \u00e0 c\u00f4te et pas \u00e0 pas, nous cr\u00e9ons vos opportunit\u00e9s de carri\u00e8re !<br \/>\nVous voulez en savoir plus ? <\/p>\n<\/div><div data-bb-version=\"4.8.8\" class=\"bt_bb_separator bt_bb_border_style_none bt_bb_top_spacing_none bt_bb_bottom_spacing_medium\" data-bt-override-class=\"{&quot;bt_bb_top_spacing_&quot;:{&quot;current_class&quot;:&quot;bt_bb_top_spacing_none&quot;,&quot;xxl&quot;:&quot;none&quot;},&quot;bt_bb_bottom_spacing_&quot;:{&quot;current_class&quot;:&quot;bt_bb_bottom_spacing_medium&quot;,&quot;xxl&quot;:&quot;medium&quot;}}\"><\/div><\/div><\/div><\/div><\/div><\/div><\/div><!-- cell_inner --><\/div><!-- cell --><\/div><!-- port --><\/section>","protected":false},"excerpt":{"rendered":"<p>Adopter de mani\u00e8re convaincante l&rsquo;e-business gr\u00e2ce \u00e0 un capital intellectuel convivial.<br \/>\nActualiser de mani\u00e8re interactive les processus frontaux gr\u00e2ce \u00e0 des m\u00e9thodes efficaces bas\u00e9es sur la convergence. <\/p>\n","protected":false},"author":1,"featured_media":0,"parent":5014,"menu_order":0,"comment_status":"closed","ping_status":"closed","template":"","meta":{"_acf_changed":false,"footnotes":""},"class_list":["post-4972","page","type-page","status-publish","hentry"],"acf":[],"_links":{"self":[{"href":"https:\/\/grass.10dxgroup.com\/fr\/wp-json\/wp\/v2\/pages\/4972","targetHints":{"allow":["GET"]}}],"collection":[{"href":"https:\/\/grass.10dxgroup.com\/fr\/wp-json\/wp\/v2\/pages"}],"about":[{"href":"https:\/\/grass.10dxgroup.com\/fr\/wp-json\/wp\/v2\/types\/page"}],"author":[{"embeddable":true,"href":"https:\/\/grass.10dxgroup.com\/fr\/wp-json\/wp\/v2\/users\/1"}],"replies":[{"embeddable":true,"href":"https:\/\/grass.10dxgroup.com\/fr\/wp-json\/wp\/v2\/comments?post=4972"}],"version-history":[{"count":10,"href":"https:\/\/grass.10dxgroup.com\/fr\/wp-json\/wp\/v2\/pages\/4972\/revisions"}],"predecessor-version":[{"id":5007,"href":"https:\/\/grass.10dxgroup.com\/fr\/wp-json\/wp\/v2\/pages\/4972\/revisions\/5007"}],"up":[{"embeddable":true,"href":"https:\/\/grass.10dxgroup.com\/fr\/wp-json\/wp\/v2\/pages\/5014"}],"wp:attachment":[{"href":"https:\/\/grass.10dxgroup.com\/fr\/wp-json\/wp\/v2\/media?parent=4972"}],"curies":[{"name":"wp","href":"https:\/\/api.w.org\/{rel}","templated":true}]}}