{"id":4987,"date":"2024-05-16T13:33:12","date_gmt":"2024-05-16T13:33:12","guid":{"rendered":"https:\/\/grass.10dxgroup.com\/hannes-haueis\/"},"modified":"2024-08-13T09:19:15","modified_gmt":"2024-08-13T09:19:15","slug":"hannes-haueis","status":"publish","type":"page","link":"https:\/\/grass.10dxgroup.com\/fr\/sites-et-equipe\/lequipe\/hannes-haueis\/","title":{"rendered":"Hannes Haueis"},"content":{"rendered":"<section id=\"bt_bb_section6a093ee6380e3\" class=\"bt_bb_section bt_bb_layout_wide bt_bb_vertical_align_top bt_bb_highlighted_no\"  data-bt-override-class=\"null\"><div class=\"bt_bb_port\"><div class=\"bt_bb_cell\"><div class=\"bt_bb_cell_inner\"><div class=\"bt_bb_row_wrapper\"><div  class=\"bt_bb_row\"  data-bt-override-class=\"{}\"><div data-bb-version=\"4.8.8\"  class=\"bt_bb_column col-xxl-6 col-xl-6 col-xs-12 col-sm-6 col-md-6 col-lg-6 bt_bb_vertical_align_top bt_bb_align_center bt_bb_padding_none bt_bb_highlighted_no\"  data-width=\"6\" data-bt-override-class=\"{&quot;bt_bb_align_&quot;:{&quot;current_class&quot;:&quot;bt_bb_align_center&quot;,&quot;xxl&quot;:&quot;center&quot;},&quot;bt_bb_padding_&quot;:{&quot;current_class&quot;:&quot;bt_bb_padding_none&quot;,&quot;xxl&quot;:&quot;none&quot;}}\"><div class=\"bt_bb_column_content\"><div class=\"bt_bb_column_content_inner\"><div data-bb-version=\"4.8.8\" class=\"bt_bb_separator bt_bb_border_style_none bt_bb_top_spacing_none bt_bb_bottom_spacing_medium\" data-bt-override-class=\"{&quot;bt_bb_top_spacing_&quot;:{&quot;current_class&quot;:&quot;bt_bb_top_spacing_none&quot;,&quot;xxl&quot;:&quot;none&quot;},&quot;bt_bb_bottom_spacing_&quot;:{&quot;current_class&quot;:&quot;bt_bb_bottom_spacing_medium&quot;,&quot;xxl&quot;:&quot;medium&quot;}}\"><\/div><div data-bb-version=\"4.8.8\" class=\"bt_bb_image bt_bb_shape_soft-rounded bt_bb_target_self bt_bb_align_inherit bt_bb_hover_style_simple bt_bb_content_display_always bt_bb_content_align_middle\" data-bt-override-class=\"{&quot;bt_bb_align_&quot;:{&quot;current_class&quot;:&quot;bt_bb_align_inherit&quot;,&quot;xxl&quot;:&quot;inherit&quot;},&quot;bt_bb_content_display_&quot;:{&quot;current_class&quot;:&quot;bt_bb_content_display_always&quot;,&quot;xxl&quot;:&quot;always&quot;}}\"><span><img fetchpriority=\"high\" decoding=\"async\" width=\"354\" height=\"400\" src=\"https:\/\/grass.10dxgroup.com\/wp-content\/uploads\/2024\/05\/Portrait_hoch_Hannes_Web_CF857404.jpg\" class=\"attachment-full size-full\" alt=\"https:\/\/grass.10dxgroup.com\/wp-content\/uploads\/2024\/05\/Portrait_hoch_Hannes_Web_CF857404.jpg\" data-full_image_src=\"https:\/\/grass.10dxgroup.com\/wp-content\/uploads\/2024\/05\/Portrait_hoch_Hannes_Web_CF857404.jpg\" title=\"Portrait_hoch_Hannes_Web_CF857404\" srcset=\"https:\/\/grass.10dxgroup.com\/wp-content\/uploads\/2024\/05\/Portrait_hoch_Hannes_Web_CF857404.jpg 354w, https:\/\/grass.10dxgroup.com\/wp-content\/uploads\/2024\/05\/Portrait_hoch_Hannes_Web_CF857404-320x362.jpg 320w\" sizes=\"(max-width: 354px) 100vw, 354px\" \/><\/span><\/div><div data-bb-version=\"4.8.8\" class=\"bt_bb_separator bt_bb_border_style_none bt_bb_top_spacing_none bt_bb_bottom_spacing_medium\" data-bt-override-class=\"{&quot;bt_bb_top_spacing_&quot;:{&quot;current_class&quot;:&quot;bt_bb_top_spacing_none&quot;,&quot;xxl&quot;:&quot;none&quot;},&quot;bt_bb_bottom_spacing_&quot;:{&quot;current_class&quot;:&quot;bt_bb_bottom_spacing_medium&quot;,&quot;xxl&quot;:&quot;medium&quot;}}\"><\/div><div data-bb-version=\"4.8.8\" class=\"bt_bb_icon bt_bb_style_outline bt_bb_size_xsmall bt_bb_shape_circle bt_bb_align_inherit\" data-bt-override-class=\"{&quot;bt_bb_size_&quot;:{&quot;current_class&quot;:&quot;bt_bb_size_xsmall&quot;,&quot;xxl&quot;:&quot;xsmall&quot;},&quot;bt_bb_align_&quot;:{&quot;current_class&quot;:&quot;bt_bb_align_inherit&quot;,&quot;xxl&quot;:&quot;inherit&quot;}}\"><a href=\"https:\/\/www.linkedin.com\/in\/hannes-haueis-08aaa839\/?originalSubdomain=ch\"  target=\"_self\" data-ico-fontawesome=\"&#xf0e1;\" class=\"bt_bb_icon_holder\"><\/a><\/div><div data-bb-version=\"4.8.8\" class=\"bt_bb_separator bt_bb_border_style_none bt_bb_top_spacing_none bt_bb_bottom_spacing_medium\" data-bt-override-class=\"{&quot;bt_bb_top_spacing_&quot;:{&quot;current_class&quot;:&quot;bt_bb_top_spacing_none&quot;,&quot;xxl&quot;:&quot;none&quot;},&quot;bt_bb_bottom_spacing_&quot;:{&quot;current_class&quot;:&quot;bt_bb_bottom_spacing_medium&quot;,&quot;xxl&quot;:&quot;medium&quot;}}\"><\/div><div class=\"bt_bb_image bt_bb_shape_square bt_bb_target_self bt_bb_align_inherit bt_bb_hover_style_simple bt_bb_content_display_always bt_bb_content_align_middle\" data-bt-override-class=\"{}\"><span><img decoding=\"async\" width=\"62\" height=\"58\" src=\"https:\/\/grass.10dxgroup.com\/wp-content\/uploads\/2018\/01\/quote.png\" class=\"attachment-full size-full\" alt=\"https:\/\/grass.10dxgroup.com\/wp-content\/uploads\/2018\/01\/quote.png\" data-full_image_src=\"https:\/\/grass.10dxgroup.com\/wp-content\/uploads\/2018\/01\/quote.png\" title=\"quote\" \/><\/span><\/div><header data-bb-version=\"4.8.8\" class=\"bt_bb_headline team-member-image bt_bb_font_weight_light bt_bb_dash_bottom bt_bb_subheadline bt_bb_size_large bt_bb_align_inherit\" data-bt-override-class=\"{&quot;bt_bb_size_&quot;:{&quot;current_class&quot;:&quot;bt_bb_size_large&quot;,&quot;xxl&quot;:&quot;large&quot;},&quot;bt_bb_align_&quot;:{&quot;current_class&quot;:&quot;bt_bb_align_inherit&quot;,&quot;xxl&quot;:&quot;inherit&quot;}}\"><h3><span class=\"bt_bb_headline_content\"><span>Soyez le changement que vous voulez voir dans ce monde.<\/span><\/span><\/h3><div class=\"bt_bb_headline_subheadline\">Mohand\u0101s Karamchand G\u0101ndh\u012b - connu sous le nom de Mahatma Gandhi (1869 - 1948)<\/div><\/header><div data-bb-version=\"4.8.8\" class=\"bt_bb_separator bt_bb_border_style_none bt_bb_top_spacing_none bt_bb_bottom_spacing_medium\" data-bt-override-class=\"{&quot;bt_bb_top_spacing_&quot;:{&quot;current_class&quot;:&quot;bt_bb_top_spacing_none&quot;,&quot;xxl&quot;:&quot;none&quot;},&quot;bt_bb_bottom_spacing_&quot;:{&quot;current_class&quot;:&quot;bt_bb_bottom_spacing_medium&quot;,&quot;xxl&quot;:&quot;medium&quot;}}\"><\/div><\/div><\/div><\/div><div data-bb-version=\"4.8.8\"  class=\"bt_bb_column col-xxl-6 col-xl-6 col-xs-12 col-sm-6 col-md-6 col-lg-6 bt_bb_vertical_align_middle bt_bb_align_left bt_bb_padding_none bt_bb_animation_fade_in animate bt_bb_highlighted_no\"  data-width=\"6\" data-bt-override-class=\"{&quot;bt_bb_align_&quot;:{&quot;current_class&quot;:&quot;bt_bb_align_left&quot;,&quot;xxl&quot;:&quot;left&quot;},&quot;bt_bb_padding_&quot;:{&quot;current_class&quot;:&quot;bt_bb_padding_none&quot;,&quot;xxl&quot;:&quot;none&quot;}}\"><div class=\"bt_bb_column_content\"><div class=\"bt_bb_column_content_inner\"><div data-bb-version=\"4.8.8\" class=\"bt_bb_separator bt_bb_border_style_none bt_bb_top_spacing_none bt_bb_bottom_spacing_medium\" data-bt-override-class=\"{&quot;bt_bb_top_spacing_&quot;:{&quot;current_class&quot;:&quot;bt_bb_top_spacing_none&quot;,&quot;xxl&quot;:&quot;none&quot;},&quot;bt_bb_bottom_spacing_&quot;:{&quot;current_class&quot;:&quot;bt_bb_bottom_spacing_medium&quot;,&quot;xxl&quot;:&quot;medium&quot;}}\"><\/div><header data-bb-version=\"4.8.8\" class=\"bt_bb_headline team-member-profile bt_bb_dash_bottom bt_bb_subheadline bt_bb_size_normal bt_bb_align_inherit\" data-bt-override-class=\"{&quot;bt_bb_size_&quot;:{&quot;current_class&quot;:&quot;bt_bb_size_normal&quot;,&quot;xxl&quot;:&quot;normal&quot;},&quot;bt_bb_align_&quot;:{&quot;current_class&quot;:&quot;bt_bb_align_inherit&quot;,&quot;xxl&quot;:&quot;inherit&quot;}}\"><h1><span class=\"bt_bb_headline_content\"><span>Hannes Haueis<\/span><\/span><\/h1><div class=\"bt_bb_headline_subheadline\">Directeur de succursale Berne\/Partenaire<\/div><\/header><div data-bb-version=\"4.8.8\" class=\"bt_bb_separator bt_bb_border_style_none bt_bb_top_spacing_none bt_bb_bottom_spacing_medium\" data-bt-override-class=\"{&quot;bt_bb_top_spacing_&quot;:{&quot;current_class&quot;:&quot;bt_bb_top_spacing_none&quot;,&quot;xxl&quot;:&quot;none&quot;},&quot;bt_bb_bottom_spacing_&quot;:{&quot;current_class&quot;:&quot;bt_bb_bottom_spacing_medium&quot;,&quot;xxl&quot;:&quot;medium&quot;}}\"><\/div><div data-bb-version=\"4.8.8\"  class=\"bt_bb_text team-member-profile\" ><p>C&rsquo;est surtout en p\u00e9riode de grands changements que les gens deviennent souvent tr\u00e8s inquiets.<br \/>\nAu cours de mes 30 ann\u00e9es d&rsquo;exp\u00e9rience professionnelle \u00e0 des postes de direction dans des PME et dans la gestion d&rsquo;entreprises industrielles internationales, j&rsquo;ai pu constater que chaque personne rec\u00e8le un potentiel et des ressources pr\u00e9cieux qui ne demandent qu&rsquo;\u00e0 \u00eatre lib\u00e9r\u00e9s.<br \/>\nSeules quelques personnes trouvent l&rsquo;acc\u00e8s \u00e0 cette trace et peuvent reconna\u00eetre ce dont elles ont besoin pour d\u00e9velopper leurs capacit\u00e9s.<br \/>\nCela m&rsquo;inspire chaque jour de soutenir les gens dans leur parcours personnel et professionnel afin de promouvoir leur d\u00e9veloppement personnel.<br \/>\nApr\u00e8s ma formation dans le domaine de l&rsquo;ing\u00e9nierie \u00e9lectrique, j&rsquo;ai travaill\u00e9 pour une entreprise internationale dans l&rsquo;industrie des semi-conducteurs o\u00f9 j&rsquo;ai fait l&rsquo;exp\u00e9rience de la symbiose entre les personnes et la technologie.<br \/>\nEn tant que technicien de maintenance, formateur et expert, j&rsquo;ai tr\u00e8s vite compris que la mani\u00e8re et la forme sous laquelle je transmettais mes connaissances \u00e0 mes employ\u00e9s et \u00e0 mes clients \u00e9taient d\u00e9terminantes pour la suite.<br \/>\nApr\u00e8s plusieurs ann\u00e9es pass\u00e9es dans de grandes entreprises, j&rsquo;ai voulu conna\u00eetre la dynamique des PME.<br \/>\nEn tant que directeur de l&rsquo;exploitation et membre du conseil d&rsquo;administration, j&rsquo;ai \u00e9t\u00e9 charg\u00e9 de mettre en place une start-up pour une entreprise qui fabrique des \u00e9quipements techniques pour l&rsquo;industrie alimentaire.<br \/>\nJ&rsquo;ai tr\u00e8s vite compris \u00e0 quel point il est important de rallier les collaborateurs \u00e0 une vision et de les faire adh\u00e9rer \u00e0 une cause.<br \/>\nL&rsquo;appel de l&rsquo;industrie et la prise de conscience qu&rsquo;un succ\u00e8s durable ne peut \u00eatre atteint qu&rsquo;en harmonie avec la strat\u00e9gie, la structure et les employ\u00e9s, la gestion des personnes, la strat\u00e9gie, le d\u00e9veloppement organisationnel et culturel sont devenus ma passion.<br \/>\nGr\u00e2ce \u00e0 mon exp\u00e9rience pratique et \u00e0 ma formation approfondie en mati\u00e8re de leadership, de coaching et de gestion du changement, j&rsquo;ai travaill\u00e9 pendant plus de 30 ans \u00e0 des postes de direction et en tant que membre du conseil d&rsquo;administration dans un large \u00e9ventail d&rsquo;industries telles que l&rsquo;aviation, l&rsquo;automobile, les semi-conducteurs et l&rsquo;optique, les produits chimiques et le secteur des \u00e9nergies renouvelables.<br \/>\nCette p\u00e9riode a \u00e9t\u00e9 caract\u00e9ris\u00e9e par une vari\u00e9t\u00e9 de projets internationaux de r\u00e9organisation et de changement, que j&rsquo;ai pu diriger et soutenir.<br \/>\nGr\u00e2ce \u00e0 ma vaste exp\u00e9rience bas\u00e9e sur l&#8217;empathie et l&rsquo;appr\u00e9ciation, j&rsquo;ai accompagn\u00e9 la direction de l&rsquo;entreprise, mais aussi des experts et des managers \u00e0 tous les niveaux de gestion, en tant que sparring partner et coach.<br \/>\nJe peux comprendre \u00e0 quel point on peut se sentir \u00ab\u00a0seul\u00a0\u00bb \u00e0 la t\u00eate d&rsquo;une entreprise, quelles questions et incertitudes peuvent surgir et je connais les nombreuses perspectives diff\u00e9rentes qui peuvent \u00eatre adopt\u00e9es pour aborder un sujet apparemment insoluble et reconna\u00eetre les solutions possibles &#8211; en particulier pour les questions qui concernent la situation de vie tr\u00e8s personnelle dans le contexte actuel.<br \/>\nLa fusion de mes nombreuses ann\u00e9es d&rsquo;exp\u00e9rience professionnelle et de vie avec l&rsquo;id\u00e9ologie de Grass &amp; Partner, actif dans l&rsquo;outplacement et le conseil en carri\u00e8re depuis plus de 25 ans, est inestimable, et je suis tr\u00e8s heureux de pouvoir vous accompagner dans vos questions personnelles et professionnelles.<br \/>\nTraduit avec DeepL.com (version gratuite)<\/p>\n<\/div><div data-bb-version=\"4.8.8\" class=\"bt_bb_separator bt_bb_border_style_none bt_bb_top_spacing_none bt_bb_bottom_spacing_medium\" data-bt-override-class=\"{&quot;bt_bb_top_spacing_&quot;:{&quot;current_class&quot;:&quot;bt_bb_top_spacing_none&quot;,&quot;xxl&quot;:&quot;none&quot;},&quot;bt_bb_bottom_spacing_&quot;:{&quot;current_class&quot;:&quot;bt_bb_bottom_spacing_medium&quot;,&quot;xxl&quot;:&quot;medium&quot;}}\"><\/div><\/div><\/div><\/div><\/div><\/div><\/div><!-- cell_inner --><\/div><!-- cell --><\/div><!-- port --><\/section>","protected":false},"excerpt":{"rendered":"<p>Adopter de mani\u00e8re convaincante l&rsquo;e-business gr\u00e2ce \u00e0 un capital intellectuel convivial.<br \/>\nActualiser de mani\u00e8re interactive les processus frontaux gr\u00e2ce \u00e0 des m\u00e9thodes efficaces bas\u00e9es sur la convergence. <\/p>\n","protected":false},"author":1,"featured_media":0,"parent":5014,"menu_order":0,"comment_status":"closed","ping_status":"closed","template":"","meta":{"_acf_changed":false,"footnotes":""},"class_list":["post-4987","page","type-page","status-publish","hentry"],"acf":[],"_links":{"self":[{"href":"https:\/\/grass.10dxgroup.com\/fr\/wp-json\/wp\/v2\/pages\/4987","targetHints":{"allow":["GET"]}}],"collection":[{"href":"https:\/\/grass.10dxgroup.com\/fr\/wp-json\/wp\/v2\/pages"}],"about":[{"href":"https:\/\/grass.10dxgroup.com\/fr\/wp-json\/wp\/v2\/types\/page"}],"author":[{"embeddable":true,"href":"https:\/\/grass.10dxgroup.com\/fr\/wp-json\/wp\/v2\/users\/1"}],"replies":[{"embeddable":true,"href":"https:\/\/grass.10dxgroup.com\/fr\/wp-json\/wp\/v2\/comments?post=4987"}],"version-history":[{"count":1,"href":"https:\/\/grass.10dxgroup.com\/fr\/wp-json\/wp\/v2\/pages\/4987\/revisions"}],"predecessor-version":[{"id":4992,"href":"https:\/\/grass.10dxgroup.com\/fr\/wp-json\/wp\/v2\/pages\/4987\/revisions\/4992"}],"up":[{"embeddable":true,"href":"https:\/\/grass.10dxgroup.com\/fr\/wp-json\/wp\/v2\/pages\/5014"}],"wp:attachment":[{"href":"https:\/\/grass.10dxgroup.com\/fr\/wp-json\/wp\/v2\/media?parent=4987"}],"curies":[{"name":"wp","href":"https:\/\/api.w.org\/{rel}","templated":true}]}}