{"id":4993,"date":"2024-05-16T13:43:57","date_gmt":"2024-05-16T13:43:57","guid":{"rendered":"https:\/\/grass.10dxgroup.com\/giovanni-adornetto\/"},"modified":"2024-08-13T09:19:15","modified_gmt":"2024-08-13T09:19:15","slug":"giovanni-adornetto","status":"publish","type":"page","link":"https:\/\/grass.10dxgroup.com\/fr\/sites-et-equipe\/lequipe\/giovanni-adornetto\/","title":{"rendered":"Giovanni Adornetto"},"content":{"rendered":"<section id=\"bt_bb_section6a0939101875b\" class=\"bt_bb_section bt_bb_layout_wide bt_bb_vertical_align_top bt_bb_highlighted_no\"  data-bt-override-class=\"null\"><div class=\"bt_bb_port\"><div class=\"bt_bb_cell\"><div class=\"bt_bb_cell_inner\"><div class=\"bt_bb_row_wrapper\"><div  class=\"bt_bb_row\"  data-bt-override-class=\"{}\"><div data-bb-version=\"4.8.8\"  class=\"bt_bb_column col-xxl-6 col-xl-6 col-xs-12 col-sm-6 col-md-6 col-lg-6 bt_bb_vertical_align_top bt_bb_align_center bt_bb_padding_none bt_bb_highlighted_no\"  data-width=\"6\" data-bt-override-class=\"{&quot;bt_bb_align_&quot;:{&quot;current_class&quot;:&quot;bt_bb_align_center&quot;,&quot;xxl&quot;:&quot;center&quot;},&quot;bt_bb_padding_&quot;:{&quot;current_class&quot;:&quot;bt_bb_padding_none&quot;,&quot;xxl&quot;:&quot;none&quot;}}\"><div class=\"bt_bb_column_content\"><div class=\"bt_bb_column_content_inner\"><div data-bb-version=\"4.8.8\" class=\"bt_bb_separator bt_bb_border_style_none bt_bb_top_spacing_none bt_bb_bottom_spacing_medium\" data-bt-override-class=\"{&quot;bt_bb_top_spacing_&quot;:{&quot;current_class&quot;:&quot;bt_bb_top_spacing_none&quot;,&quot;xxl&quot;:&quot;none&quot;},&quot;bt_bb_bottom_spacing_&quot;:{&quot;current_class&quot;:&quot;bt_bb_bottom_spacing_medium&quot;,&quot;xxl&quot;:&quot;medium&quot;}}\"><\/div><div data-bb-version=\"4.8.8\" class=\"bt_bb_image bt_bb_shape_soft-rounded bt_bb_target_self bt_bb_align_inherit bt_bb_hover_style_simple bt_bb_content_display_always bt_bb_content_align_middle\" data-bt-override-class=\"{&quot;bt_bb_align_&quot;:{&quot;current_class&quot;:&quot;bt_bb_align_inherit&quot;,&quot;xxl&quot;:&quot;inherit&quot;},&quot;bt_bb_content_display_&quot;:{&quot;current_class&quot;:&quot;bt_bb_content_display_always&quot;,&quot;xxl&quot;:&quot;always&quot;}}\"><span><img fetchpriority=\"high\" decoding=\"async\" width=\"354\" height=\"400\" src=\"https:\/\/grass.10dxgroup.com\/wp-content\/uploads\/2024\/05\/Portrait_hoch_Adornetto_Web_CF710625.jpg\" class=\"attachment-full size-full\" alt=\"https:\/\/grass.10dxgroup.com\/wp-content\/uploads\/2024\/05\/Portrait_hoch_Adornetto_Web_CF710625.jpg\" data-full_image_src=\"https:\/\/grass.10dxgroup.com\/wp-content\/uploads\/2024\/05\/Portrait_hoch_Adornetto_Web_CF710625.jpg\" title=\"Portrait_hoch_Adornetto_Web_CF710625\" srcset=\"https:\/\/grass.10dxgroup.com\/wp-content\/uploads\/2024\/05\/Portrait_hoch_Adornetto_Web_CF710625.jpg 354w, https:\/\/grass.10dxgroup.com\/wp-content\/uploads\/2024\/05\/Portrait_hoch_Adornetto_Web_CF710625-320x362.jpg 320w\" sizes=\"(max-width: 354px) 100vw, 354px\" \/><\/span><\/div><div data-bb-version=\"4.8.8\" class=\"bt_bb_separator bt_bb_border_style_none bt_bb_top_spacing_none bt_bb_bottom_spacing_medium\" data-bt-override-class=\"{&quot;bt_bb_top_spacing_&quot;:{&quot;current_class&quot;:&quot;bt_bb_top_spacing_none&quot;,&quot;xxl&quot;:&quot;none&quot;},&quot;bt_bb_bottom_spacing_&quot;:{&quot;current_class&quot;:&quot;bt_bb_bottom_spacing_medium&quot;,&quot;xxl&quot;:&quot;medium&quot;}}\"><\/div><div data-bb-version=\"4.8.8\" class=\"bt_bb_icon bt_bb_style_outline bt_bb_size_xsmall bt_bb_shape_circle bt_bb_align_inherit\" data-bt-override-class=\"{&quot;bt_bb_size_&quot;:{&quot;current_class&quot;:&quot;bt_bb_size_xsmall&quot;,&quot;xxl&quot;:&quot;xsmall&quot;},&quot;bt_bb_align_&quot;:{&quot;current_class&quot;:&quot;bt_bb_align_inherit&quot;,&quot;xxl&quot;:&quot;inherit&quot;}}\"><a href=\"https:\/\/ch.linkedin.com\/in\/giovanni-adornetto\"  target=\"_self\" data-ico-fontawesome=\"&#xf0e1;\" class=\"bt_bb_icon_holder\"><\/a><\/div><div data-bb-version=\"4.8.8\" class=\"bt_bb_icon bt_bb_style_outline bt_bb_size_xsmall bt_bb_shape_circle bt_bb_align_inherit\" data-bt-override-class=\"{&quot;bt_bb_size_&quot;:{&quot;current_class&quot;:&quot;bt_bb_size_xsmall&quot;,&quot;xxl&quot;:&quot;xsmall&quot;},&quot;bt_bb_align_&quot;:{&quot;current_class&quot;:&quot;bt_bb_align_inherit&quot;,&quot;xxl&quot;:&quot;inherit&quot;}}\"><a href=\"https:\/\/www.xing.com\/profile\/Giovanni_Adornetto\"  target=\"_self\" data-ico-fontawesome=\"&#xf168;\" class=\"bt_bb_icon_holder\"><\/a><\/div><div data-bb-version=\"4.8.8\" class=\"bt_bb_separator bt_bb_border_style_none bt_bb_top_spacing_none bt_bb_bottom_spacing_medium\" data-bt-override-class=\"{&quot;bt_bb_top_spacing_&quot;:{&quot;current_class&quot;:&quot;bt_bb_top_spacing_none&quot;,&quot;xxl&quot;:&quot;none&quot;},&quot;bt_bb_bottom_spacing_&quot;:{&quot;current_class&quot;:&quot;bt_bb_bottom_spacing_medium&quot;,&quot;xxl&quot;:&quot;medium&quot;}}\"><\/div><div class=\"bt_bb_image bt_bb_shape_square bt_bb_target_self bt_bb_align_inherit bt_bb_hover_style_simple bt_bb_content_display_always bt_bb_content_align_middle\" data-bt-override-class=\"{}\"><span><img decoding=\"async\" width=\"62\" height=\"58\" src=\"https:\/\/grass.10dxgroup.com\/wp-content\/uploads\/2018\/01\/quote.png\" class=\"attachment-full size-full\" alt=\"https:\/\/grass.10dxgroup.com\/wp-content\/uploads\/2018\/01\/quote.png\" data-full_image_src=\"https:\/\/grass.10dxgroup.com\/wp-content\/uploads\/2018\/01\/quote.png\" title=\"quote\" \/><\/span><\/div><header data-bb-version=\"4.8.8\" class=\"bt_bb_headline team-member-image bt_bb_font_weight_light bt_bb_dash_bottom bt_bb_subheadline bt_bb_size_large bt_bb_align_inherit\" data-bt-override-class=\"{&quot;bt_bb_size_&quot;:{&quot;current_class&quot;:&quot;bt_bb_size_large&quot;,&quot;xxl&quot;:&quot;large&quot;},&quot;bt_bb_align_&quot;:{&quot;current_class&quot;:&quot;bt_bb_align_inherit&quot;,&quot;xxl&quot;:&quot;inherit&quot;}}\"><h3><span class=\"bt_bb_headline_content\"><span>Cogito, ergo sum<\/span><\/span><\/h3><div class=\"bt_bb_headline_subheadline\">Ren\u00e9 Descartes, 1644, *1596 ; \u20201650<\/div><\/header><div data-bb-version=\"4.8.8\" class=\"bt_bb_separator bt_bb_border_style_none bt_bb_top_spacing_none bt_bb_bottom_spacing_medium\" data-bt-override-class=\"{&quot;bt_bb_top_spacing_&quot;:{&quot;current_class&quot;:&quot;bt_bb_top_spacing_none&quot;,&quot;xxl&quot;:&quot;none&quot;},&quot;bt_bb_bottom_spacing_&quot;:{&quot;current_class&quot;:&quot;bt_bb_bottom_spacing_medium&quot;,&quot;xxl&quot;:&quot;medium&quot;}}\"><\/div><\/div><\/div><\/div><div data-bb-version=\"4.8.8\"  class=\"bt_bb_column col-xxl-6 col-xl-6 col-xs-12 col-sm-6 col-md-6 col-lg-6 bt_bb_vertical_align_middle bt_bb_align_left bt_bb_padding_none bt_bb_animation_fade_in animate bt_bb_highlighted_no\"  data-width=\"6\" data-bt-override-class=\"{&quot;bt_bb_align_&quot;:{&quot;current_class&quot;:&quot;bt_bb_align_left&quot;,&quot;xxl&quot;:&quot;left&quot;},&quot;bt_bb_padding_&quot;:{&quot;current_class&quot;:&quot;bt_bb_padding_none&quot;,&quot;xxl&quot;:&quot;none&quot;}}\"><div class=\"bt_bb_column_content\"><div class=\"bt_bb_column_content_inner\"><div data-bb-version=\"4.8.8\" class=\"bt_bb_separator bt_bb_border_style_none bt_bb_top_spacing_none bt_bb_bottom_spacing_medium\" data-bt-override-class=\"{&quot;bt_bb_top_spacing_&quot;:{&quot;current_class&quot;:&quot;bt_bb_top_spacing_none&quot;,&quot;xxl&quot;:&quot;none&quot;},&quot;bt_bb_bottom_spacing_&quot;:{&quot;current_class&quot;:&quot;bt_bb_bottom_spacing_medium&quot;,&quot;xxl&quot;:&quot;medium&quot;}}\"><\/div><header data-bb-version=\"4.8.8\" class=\"bt_bb_headline team-member-profile bt_bb_dash_bottom bt_bb_subheadline bt_bb_size_normal bt_bb_align_inherit\" data-bt-override-class=\"{&quot;bt_bb_size_&quot;:{&quot;current_class&quot;:&quot;bt_bb_size_normal&quot;,&quot;xxl&quot;:&quot;normal&quot;},&quot;bt_bb_align_&quot;:{&quot;current_class&quot;:&quot;bt_bb_align_inherit&quot;,&quot;xxl&quot;:&quot;inherit&quot;}}\"><h1><span class=\"bt_bb_headline_content\"><span>Giovanni Adornetto<\/span><\/span><\/h1><div class=\"bt_bb_headline_subheadline\">Directeur de succursale B\u00e2le\/Partenaire<\/div><\/header><div data-bb-version=\"4.8.8\" class=\"bt_bb_separator bt_bb_border_style_none bt_bb_top_spacing_none bt_bb_bottom_spacing_medium\" data-bt-override-class=\"{&quot;bt_bb_top_spacing_&quot;:{&quot;current_class&quot;:&quot;bt_bb_top_spacing_none&quot;,&quot;xxl&quot;:&quot;none&quot;},&quot;bt_bb_bottom_spacing_&quot;:{&quot;current_class&quot;:&quot;bt_bb_bottom_spacing_medium&quot;,&quot;xxl&quot;:&quot;medium&quot;}}\"><\/div><div data-bb-version=\"4.8.8\"  class=\"bt_bb_text team-member-profile\" ><p>Mon exp\u00e9rience internationale en mati\u00e8re de gestion des ressources humaines, de strat\u00e9gie de n\u00e9gociation, de leadership et de coaching est mise \u00e0 la disposition de nos clients pour les aider \u00e0 dynamiser leur carri\u00e8re.<br \/>\nJ&rsquo;\u00e9tais loin de me douter, en grandissant, que cette devise et son puissant rayonnement sur le si\u00e8cle des Lumi\u00e8res en Europe centrale auraient une influence aussi forte sur mon caract\u00e8re et mon d\u00e9veloppement.<br \/>\nD\u00e8s mon plus jeune \u00e2ge, j&rsquo;ai eu des confrontations r\u00e9guli\u00e8res avec les enfants et surtout avec les adultes, plus pr\u00e9cis\u00e9ment avec mes parents italiens patriarcaux.<br \/>\nGr\u00e2ce \u00e0 mon fr\u00e8re de sept ans mon a\u00een\u00e9 et un mod\u00e8le important, j&rsquo;ai appris tr\u00e8s t\u00f4t \u00e0 exprimer mon opinion.<br \/>\n\u00ab\u00a0Il faut toujours que tu discutes de tout et que tu d\u00e9fendes ton opinion avec v\u00e9h\u00e9mence\u00a0\u00bb, \u00e9taient des exclamations exasp\u00e9r\u00e9es que j&rsquo;entendais r\u00e9guli\u00e8rement.<br \/>\nC&rsquo;est au lyc\u00e9e que j&rsquo;ai eu le d\u00e9clic.<br \/>\nC&rsquo;est mon exemplaire professeur d&rsquo;histoire qui m&rsquo;a appris le sens de cette phrase pr\u00e9tendument simple : \u00ab\u00a0Je pense, donc je suis\u00a0\u00bb.<br \/>\nNon seulement \u00ab\u00a0je suis\u00a0\u00bb, mais je suis \u00ab\u00a0le timonier\u00a0\u00bb de mes pens\u00e9es, de mes actions et, en fin de compte, de ma vie !<br \/>\nInspir\u00e9 par cette prise de conscience \u00e9clair\u00e9e, je n&rsquo;ai plus cherch\u00e9 \u00e0 devenir \u00ab\u00a0Dr\u00e4mmeler\u00a0\u00bb ni p\u00e9diatre.<br \/>\nJe voulais plut\u00f4t comprendre pourquoi l&rsquo;individu &#8211; comme on peut parfois l&rsquo;observer &#8211; se comporte de mani\u00e8re pr\u00e9tendument irrationnelle.<br \/>\nCe faisant, je voulais \u00e9clairer les gens dans leur r\u00f4le d&#8217;employ\u00e9s et surtout dans leur r\u00f4le de dirigeants, tout en les soutenant dans le d\u00e9veloppement d&rsquo;un ordre \u00e9conomique lib\u00e9ral.<br \/>\nC&rsquo;est pour cette raison que j&rsquo;ai commenc\u00e9 \u00e0 \u00e9tudier la psychologie comme mati\u00e8re principale et l&rsquo;\u00e9conomie\/la gestion des ressources humaines comme mati\u00e8re secondaire, ce qui m&rsquo;a permis d&rsquo;obtenir un master en psychologie \u00e9conomique et sociale \u00e0 l&rsquo;universit\u00e9 de B\u00e2le.<br \/>\n\u00c0 cette \u00e9poque, je travaillais d\u00e9j\u00e0 comme archiviste \u00e0 temps partiel dans une grande banque suisse, puis comme support\/consultant en informatique et comme formateur en communication.<br \/>\nPar la suite, mon parcours professionnel s&rsquo;est d\u00e9roul\u00e9 en tant que consultant informatique SAP et en tant que gestionnaire des ressources humaines dans un grand groupe pharmaceutique et dans une grande entreprise de produits de grande consommation.<br \/>\nPendant quinze ans, en occupant diff\u00e9rentes fonctions, j&rsquo;ai pu apprendre et appliquer tous les aspects des ressources humaines, de l&rsquo;activit\u00e9 op\u00e9rationnelle \u00e0 la strat\u00e9gie.<br \/>\nDans ces r\u00f4les exigeants, qui consistaient \u00e0 superviser et \u00e0 conseiller le top management, j&rsquo;ai appris \u00e0 conna\u00eetre le monde passionnant et int\u00e9ressant, mais aussi parfois complexe, de la direction et de l&rsquo;accompagnement des individus.<br \/>\nGr\u00e2ce \u00e0 mon Master in Advanced Studies in Human Resource Management, je dispose aujourd&rsquo;hui de connaissances et de comp\u00e9tences solides sur l&rsquo;ensemble de la cha\u00eene de valeur de la gestion moderne des ressources humaines, en particulier dans les domaines du conseil et du travail de projet, y compris les fusions, les r\u00e9organisations, le d\u00e9veloppement organisationnel ainsi que la gestion du changement et des talents.<br \/>\nAyant grandi dans la ville multiculturelle de Klein-Basel avec des origines siciliennes, j&rsquo;ai \u00e9t\u00e9 tr\u00e8s t\u00f4t guid\u00e9e par des valeurs telles que l&rsquo;honn\u00eatet\u00e9, l&rsquo;ouverture, l&rsquo;optimisme et l&rsquo;appr\u00e9ciation, qui ont toutes eu une influence d\u00e9cisive sur le d\u00e9veloppement de ma personnalit\u00e9 et qui influencent encore aujourd&rsquo;hui mes pens\u00e9es et mes actions.<br \/>\nLe \u00ab\u00a0Cogito, ergo sum\u00a0\u00bb contribuera \u00e9galement \u00e0 fa\u00e7onner votre carri\u00e8re professionnelle.<br \/>\nC&rsquo;est avec plaisir que je vous accompagnerai, vous ou vos collaborateurs, dans cette t\u00e2che exigeante mais tr\u00e8s gratifiante qui consiste \u00e0 apprendre \u00e0 se conna\u00eetre honn\u00eatement et \u00e0 \u00eatre le ma\u00eetre de son d\u00e9veloppement professionnel.<br \/>\nGrass &amp; Partner AG est actif depuis plus de 25 ans dans le domaine de l&rsquo;outplacement et de l&rsquo;orientation professionnelle.                     Au cours de ces ann\u00e9es, nous avons construit un vaste r\u00e9seau qui nous permet de trouver rapidement des opportunit\u00e9s de carri\u00e8re et des entreprises passionnantes pour nos clients.  <strong>Vous souhaitez disposer d&rsquo;un plus grand pouvoir de n\u00e9gociation dans votre r\u00f4le de cadre ?<\/strong>  Vous voulez devenir membre du conseil d&rsquo;administration d&rsquo;une entreprise ?<br \/>\nVous souhaitez acqu\u00e9rir une entreprise et devenir entrepreneur ?<br \/>\nOu vous envisagez simplement de changer de cap dans votre carri\u00e8re ?    <strong>Vous \u00eates un responsable des ressources humaines et vous devez licencier des employ\u00e9s ?<\/strong>  Nous nous occuperons d&rsquo;eux et, dans le cadre de ce processus, nous \u00e9laborerons un programme sur mesure qui d\u00e9bouchera sur une nouvelle activit\u00e9 professionnelle pour le candidat.  <strong>En tant que responsable RH, vous cherchez \u00e0 embaucher des collaborateurs et souhaitez les fid\u00e9liser ?<\/strong>  Nous accompagnerons le processus d&rsquo;int\u00e9gration.<br \/>\nEn outre, nous nous occupons de leur conjoint si le nouvel emploi implique un d\u00e9m\u00e9nagement.<br \/>\nEn outre, nous sommes des experts en mati\u00e8re de \u00ab\u00a0Late Careers\u00a0\u00bb et de conception de carri\u00e8res pour les clients de plus de 50 ans.<br \/>\nN&rsquo;h\u00e9sitez pas \u00e0 me contacter pour convenir d&rsquo;un rendez-vous sans engagement.<br \/>\nCe serait un plaisir d&#8217;emprunter un chemin commun pendant une courte p\u00e9riode de notre vie.<br \/>\nJe me r\u00e9jouis de vous rencontrer.       <strong>Vous \u00eates l&rsquo;un de nos clients ?<br \/>\nOu l&rsquo;avez-vous d\u00e9j\u00e0 \u00e9t\u00e9 ? <\/strong>  Je me r\u00e9jouis de vous rencontrer lors de l&rsquo;un de nos prochains \u00e9v\u00e9nements de r\u00e9seau.<\/p>\n<\/div><div data-bb-version=\"4.8.8\" class=\"bt_bb_separator bt_bb_border_style_none bt_bb_top_spacing_none bt_bb_bottom_spacing_medium\" data-bt-override-class=\"{&quot;bt_bb_top_spacing_&quot;:{&quot;current_class&quot;:&quot;bt_bb_top_spacing_none&quot;,&quot;xxl&quot;:&quot;none&quot;},&quot;bt_bb_bottom_spacing_&quot;:{&quot;current_class&quot;:&quot;bt_bb_bottom_spacing_medium&quot;,&quot;xxl&quot;:&quot;medium&quot;}}\"><\/div><\/div><\/div><\/div><\/div><\/div><\/div><!-- cell_inner --><\/div><!-- cell --><\/div><!-- port --><\/section>","protected":false},"excerpt":{"rendered":"<p>Adopter de mani\u00e8re convaincante l&rsquo;e-business gr\u00e2ce \u00e0 un capital intellectuel convivial.<br \/>\nActualiser de mani\u00e8re interactive les processus frontaux gr\u00e2ce \u00e0 des m\u00e9thodes efficaces bas\u00e9es sur la convergence. <\/p>\n","protected":false},"author":1,"featured_media":0,"parent":5014,"menu_order":0,"comment_status":"closed","ping_status":"closed","template":"","meta":{"_acf_changed":false,"footnotes":""},"class_list":["post-4993","page","type-page","status-publish","hentry"],"acf":[],"_links":{"self":[{"href":"https:\/\/grass.10dxgroup.com\/fr\/wp-json\/wp\/v2\/pages\/4993","targetHints":{"allow":["GET"]}}],"collection":[{"href":"https:\/\/grass.10dxgroup.com\/fr\/wp-json\/wp\/v2\/pages"}],"about":[{"href":"https:\/\/grass.10dxgroup.com\/fr\/wp-json\/wp\/v2\/types\/page"}],"author":[{"embeddable":true,"href":"https:\/\/grass.10dxgroup.com\/fr\/wp-json\/wp\/v2\/users\/1"}],"replies":[{"embeddable":true,"href":"https:\/\/grass.10dxgroup.com\/fr\/wp-json\/wp\/v2\/comments?post=4993"}],"version-history":[{"count":1,"href":"https:\/\/grass.10dxgroup.com\/fr\/wp-json\/wp\/v2\/pages\/4993\/revisions"}],"predecessor-version":[{"id":4997,"href":"https:\/\/grass.10dxgroup.com\/fr\/wp-json\/wp\/v2\/pages\/4993\/revisions\/4997"}],"up":[{"embeddable":true,"href":"https:\/\/grass.10dxgroup.com\/fr\/wp-json\/wp\/v2\/pages\/5014"}],"wp:attachment":[{"href":"https:\/\/grass.10dxgroup.com\/fr\/wp-json\/wp\/v2\/media?parent=4993"}],"curies":[{"name":"wp","href":"https:\/\/api.w.org\/{rel}","templated":true}]}}