{"id":5003,"date":"2024-05-16T13:28:44","date_gmt":"2024-05-16T13:28:44","guid":{"rendered":"https:\/\/grass.10dxgroup.com\/martin-kuppers\/"},"modified":"2024-08-13T09:19:15","modified_gmt":"2024-08-13T09:19:15","slug":"martin-kuppers","status":"publish","type":"page","link":"https:\/\/grass.10dxgroup.com\/fr\/sites-et-equipe\/lequipe\/martin-kuppers\/","title":{"rendered":"Martin K\u00fcppers"},"content":{"rendered":"<section id=\"bt_bb_section6a093a04d5109\" class=\"bt_bb_section bt_bb_layout_wide bt_bb_vertical_align_top bt_bb_highlighted_no\"  data-bt-override-class=\"null\"><div class=\"bt_bb_port\"><div class=\"bt_bb_cell\"><div class=\"bt_bb_cell_inner\"><div class=\"bt_bb_row_wrapper\"><div  class=\"bt_bb_row\"  data-bt-override-class=\"{}\"><div data-bb-version=\"4.8.8\"  class=\"bt_bb_column col-xxl-6 col-xl-6 col-xs-12 col-sm-6 col-md-6 col-lg-6 bt_bb_vertical_align_top bt_bb_align_center bt_bb_padding_none bt_bb_highlighted_no\"  data-width=\"6\" data-bt-override-class=\"{&quot;bt_bb_align_&quot;:{&quot;current_class&quot;:&quot;bt_bb_align_center&quot;,&quot;xxl&quot;:&quot;center&quot;},&quot;bt_bb_padding_&quot;:{&quot;current_class&quot;:&quot;bt_bb_padding_none&quot;,&quot;xxl&quot;:&quot;none&quot;}}\"><div class=\"bt_bb_column_content\"><div class=\"bt_bb_column_content_inner\"><div data-bb-version=\"4.8.8\" class=\"bt_bb_separator bt_bb_border_style_none bt_bb_top_spacing_none bt_bb_bottom_spacing_medium\" data-bt-override-class=\"{&quot;bt_bb_top_spacing_&quot;:{&quot;current_class&quot;:&quot;bt_bb_top_spacing_none&quot;,&quot;xxl&quot;:&quot;none&quot;},&quot;bt_bb_bottom_spacing_&quot;:{&quot;current_class&quot;:&quot;bt_bb_bottom_spacing_medium&quot;,&quot;xxl&quot;:&quot;medium&quot;}}\"><\/div><div data-bb-version=\"4.8.8\" class=\"bt_bb_image bt_bb_shape_soft-rounded bt_bb_target_self bt_bb_align_inherit bt_bb_hover_style_simple bt_bb_content_display_always bt_bb_content_align_middle\" data-bt-override-class=\"{&quot;bt_bb_align_&quot;:{&quot;current_class&quot;:&quot;bt_bb_align_inherit&quot;,&quot;xxl&quot;:&quot;inherit&quot;},&quot;bt_bb_content_display_&quot;:{&quot;current_class&quot;:&quot;bt_bb_content_display_always&quot;,&quot;xxl&quot;:&quot;always&quot;}}\"><span><img fetchpriority=\"high\" decoding=\"async\" width=\"354\" height=\"400\" src=\"https:\/\/grass.10dxgroup.com\/wp-content\/uploads\/2024\/03\/koeppers_lautenschlager_004b_hoch_web-2.jpg\" class=\"attachment-full size-full\" alt=\"https:\/\/grass.10dxgroup.com\/wp-content\/uploads\/2024\/03\/koeppers_lautenschlager_004b_hoch_web-2.jpg\" data-full_image_src=\"https:\/\/grass.10dxgroup.com\/wp-content\/uploads\/2024\/03\/koeppers_lautenschlager_004b_hoch_web-2.jpg\" title=\"koeppers_lautenschlager_004b_hoch_web (2)\" srcset=\"https:\/\/grass.10dxgroup.com\/wp-content\/uploads\/2024\/03\/koeppers_lautenschlager_004b_hoch_web-2.jpg 354w, https:\/\/grass.10dxgroup.com\/wp-content\/uploads\/2024\/03\/koeppers_lautenschlager_004b_hoch_web-2-320x362.jpg 320w\" sizes=\"(max-width: 354px) 100vw, 354px\" \/><\/span><\/div><div data-bb-version=\"4.8.8\" class=\"bt_bb_separator bt_bb_border_style_none bt_bb_top_spacing_none bt_bb_bottom_spacing_medium\" data-bt-override-class=\"{&quot;bt_bb_top_spacing_&quot;:{&quot;current_class&quot;:&quot;bt_bb_top_spacing_none&quot;,&quot;xxl&quot;:&quot;none&quot;},&quot;bt_bb_bottom_spacing_&quot;:{&quot;current_class&quot;:&quot;bt_bb_bottom_spacing_medium&quot;,&quot;xxl&quot;:&quot;medium&quot;}}\"><\/div><div data-bb-version=\"4.8.8\" class=\"bt_bb_icon bt_bb_style_outline bt_bb_size_xsmall bt_bb_shape_circle bt_bb_align_inherit\" data-bt-override-class=\"{&quot;bt_bb_size_&quot;:{&quot;current_class&quot;:&quot;bt_bb_size_xsmall&quot;,&quot;xxl&quot;:&quot;xsmall&quot;},&quot;bt_bb_align_&quot;:{&quot;current_class&quot;:&quot;bt_bb_align_inherit&quot;,&quot;xxl&quot;:&quot;inherit&quot;}}\"><a href=\"https:\/\/www.linkedin.com\/in\/martin-kueppers-9299b270\/\"  target=\"_self\" data-ico-fontawesome=\"&#xf0e1;\" class=\"bt_bb_icon_holder\"><\/a><\/div><div data-bb-version=\"4.8.8\" class=\"bt_bb_icon bt_bb_style_outline bt_bb_size_xsmall bt_bb_shape_circle bt_bb_align_inherit\" data-bt-override-class=\"{&quot;bt_bb_size_&quot;:{&quot;current_class&quot;:&quot;bt_bb_size_xsmall&quot;,&quot;xxl&quot;:&quot;xsmall&quot;},&quot;bt_bb_align_&quot;:{&quot;current_class&quot;:&quot;bt_bb_align_inherit&quot;,&quot;xxl&quot;:&quot;inherit&quot;}}\"><a href=\"https:\/\/www.xing.com\/profile\/Martin_Kueppers6\/cv\"  target=\"_self\" data-ico-fontawesome=\"&#xf168;\" class=\"bt_bb_icon_holder\"><\/a><\/div><div data-bb-version=\"4.8.8\" class=\"bt_bb_separator bt_bb_border_style_none bt_bb_top_spacing_none bt_bb_bottom_spacing_medium\" data-bt-override-class=\"{&quot;bt_bb_top_spacing_&quot;:{&quot;current_class&quot;:&quot;bt_bb_top_spacing_none&quot;,&quot;xxl&quot;:&quot;none&quot;},&quot;bt_bb_bottom_spacing_&quot;:{&quot;current_class&quot;:&quot;bt_bb_bottom_spacing_medium&quot;,&quot;xxl&quot;:&quot;medium&quot;}}\"><\/div><div class=\"bt_bb_image bt_bb_shape_square bt_bb_target_self bt_bb_align_inherit bt_bb_hover_style_simple bt_bb_content_display_always bt_bb_content_align_middle\" data-bt-override-class=\"{}\"><span><img decoding=\"async\" width=\"62\" height=\"58\" src=\"https:\/\/grass.10dxgroup.com\/wp-content\/uploads\/2018\/01\/quote.png\" class=\"attachment-full size-full\" alt=\"https:\/\/grass.10dxgroup.com\/wp-content\/uploads\/2018\/01\/quote.png\" data-full_image_src=\"https:\/\/grass.10dxgroup.com\/wp-content\/uploads\/2018\/01\/quote.png\" title=\"quote\" \/><\/span><\/div><header data-bb-version=\"4.8.8\" class=\"bt_bb_headline team-member-image bt_bb_font_weight_light bt_bb_dash_bottom bt_bb_subheadline bt_bb_size_large bt_bb_align_inherit\" data-bt-override-class=\"{&quot;bt_bb_size_&quot;:{&quot;current_class&quot;:&quot;bt_bb_size_large&quot;,&quot;xxl&quot;:&quot;large&quot;},&quot;bt_bb_align_&quot;:{&quot;current_class&quot;:&quot;bt_bb_align_inherit&quot;,&quot;xxl&quot;:&quot;inherit&quot;}}\"><h3><span class=\"bt_bb_headline_content\"><span>Les chemins sont trac\u00e9s en marchant.<\/span><\/span><\/h3><div class=\"bt_bb_headline_subheadline\">Franz Kafka - Auteur allemand (1883-1924)<\/div><\/header><div data-bb-version=\"4.8.8\" class=\"bt_bb_separator bt_bb_border_style_none bt_bb_top_spacing_none bt_bb_bottom_spacing_medium\" data-bt-override-class=\"{&quot;bt_bb_top_spacing_&quot;:{&quot;current_class&quot;:&quot;bt_bb_top_spacing_none&quot;,&quot;xxl&quot;:&quot;none&quot;},&quot;bt_bb_bottom_spacing_&quot;:{&quot;current_class&quot;:&quot;bt_bb_bottom_spacing_medium&quot;,&quot;xxl&quot;:&quot;medium&quot;}}\"><\/div><\/div><\/div><\/div><div data-bb-version=\"4.8.8\"  class=\"bt_bb_column col-xxl-6 col-xl-6 col-xs-12 col-sm-6 col-md-6 col-lg-6 bt_bb_vertical_align_middle bt_bb_align_left bt_bb_padding_none bt_bb_animation_fade_in animate bt_bb_highlighted_no\"  data-width=\"6\" data-bt-override-class=\"{&quot;bt_bb_align_&quot;:{&quot;current_class&quot;:&quot;bt_bb_align_left&quot;,&quot;xxl&quot;:&quot;left&quot;},&quot;bt_bb_padding_&quot;:{&quot;current_class&quot;:&quot;bt_bb_padding_none&quot;,&quot;xxl&quot;:&quot;none&quot;}}\"><div class=\"bt_bb_column_content\"><div class=\"bt_bb_column_content_inner\"><div data-bb-version=\"4.8.8\" class=\"bt_bb_separator bt_bb_border_style_none bt_bb_top_spacing_none bt_bb_bottom_spacing_medium\" data-bt-override-class=\"{&quot;bt_bb_top_spacing_&quot;:{&quot;current_class&quot;:&quot;bt_bb_top_spacing_none&quot;,&quot;xxl&quot;:&quot;none&quot;},&quot;bt_bb_bottom_spacing_&quot;:{&quot;current_class&quot;:&quot;bt_bb_bottom_spacing_medium&quot;,&quot;xxl&quot;:&quot;medium&quot;}}\"><\/div><header data-bb-version=\"4.8.8\" class=\"bt_bb_headline team-member-profile bt_bb_dash_bottom bt_bb_subheadline bt_bb_size_normal bt_bb_align_inherit\" data-bt-override-class=\"{&quot;bt_bb_size_&quot;:{&quot;current_class&quot;:&quot;bt_bb_size_normal&quot;,&quot;xxl&quot;:&quot;normal&quot;},&quot;bt_bb_align_&quot;:{&quot;current_class&quot;:&quot;bt_bb_align_inherit&quot;,&quot;xxl&quot;:&quot;inherit&quot;}}\"><h1><span class=\"bt_bb_headline_content\"><span>Martin K\u00fcppers<\/span><\/span><\/h1><div class=\"bt_bb_headline_subheadline\">Associ\u00e9 g\u00e9rant \/ membre du conseil d&apos;administration<\/div><\/header><div data-bb-version=\"4.8.8\" class=\"bt_bb_separator bt_bb_border_style_none bt_bb_top_spacing_none bt_bb_bottom_spacing_medium\" data-bt-override-class=\"{&quot;bt_bb_top_spacing_&quot;:{&quot;current_class&quot;:&quot;bt_bb_top_spacing_none&quot;,&quot;xxl&quot;:&quot;none&quot;},&quot;bt_bb_bottom_spacing_&quot;:{&quot;current_class&quot;:&quot;bt_bb_bottom_spacing_medium&quot;,&quot;xxl&quot;:&quot;medium&quot;}}\"><\/div><div data-bb-version=\"4.8.8\"  class=\"bt_bb_text team-member-profile\" ><p>&nbsp;<\/p>\n<div class=\"ym-wrapper\">\n<div class=\"ym-wbox\">\n<div class=\"content-wrapper\">\n<div id=\"c1801\" class=\"frame frame-default frame-type-text frame-layout-2\">  Mon exp\u00e9rience internationale dans les domaines de la distribution, de la strat\u00e9gie de n\u00e9gociation, du leadership et du coaching est mise \u00e0 la disposition de nos clients pour les aider \u00e0 progresser dans leur carri\u00e8re.<br \/>\nAyant grandi entre D\u00fcsseldorf et Cologne, \u00e0 Neuss, sur le Rhin, j&rsquo;ai h\u00e9rit\u00e9 de la joie et de l&rsquo;ouverture d&rsquo;esprit qui caract\u00e9risent la Rh\u00e9nanie.<br \/>\nApr\u00e8s avoir obtenu mon dipl\u00f4me d&rsquo;ing\u00e9nieur en m\u00e9canique, j&rsquo;ai commenc\u00e9 ma carri\u00e8re chez Saurer.<br \/>\nDix ans plus tard, j&rsquo;ai rejoint le groupe Karl Mayer, o\u00f9 j&rsquo;ai pris la responsabilit\u00e9 du d\u00e9partement de distribution des machines textiles d&rsquo;une des unit\u00e9s commerciales.<br \/>\nAuparavant, j&rsquo;avais dirig\u00e9 plusieurs \u00e9quipes internationales et visit\u00e9 de nombreux clients de machines textiles dans le monde entier.<br \/>\nLe moment \u00e9tait venu d&rsquo;\u00e9largir mes connaissances en mati\u00e8re d&rsquo;entrepreneuriat, de gestion, de finance et de leadership.<br \/>\nJe me suis donc inscrite \u00e0 l&rsquo;International Institute for Management Development (IMD) de Lausanne pour y suivre un Executive MBA.<br \/>\nApr\u00e8s l&rsquo;obtention de mon dipl\u00f4me, j&rsquo;ai entam\u00e9 un nouveau chapitre passionnant, tant sur le plan professionnel que familial.<br \/>\nSaurer m&rsquo;a nomm\u00e9e au comit\u00e9 ex\u00e9cutif.<br \/>\nUne opportunit\u00e9 qui m&rsquo;a permis d&rsquo;appliquer mes connaissances nouvellement acquises, ce qui a eu pour effet de doubler le chiffre d&rsquo;affaires et la rentabilit\u00e9 dans mon domaine de responsabilit\u00e9.<br \/>\nGr\u00e2ce \u00e0 mon travail au sein de l&rsquo;\u00e9quipe et au fait que j&rsquo;\u00e9tais responsable de 1 200 employ\u00e9s, j&rsquo;ai continu\u00e9 \u00e0 d\u00e9velopper mes comp\u00e9tences en mati\u00e8re de leadership et de coaching.<br \/>\nAu fil du temps, j&rsquo;ai \u00e9t\u00e9 nomm\u00e9 au conseil d&rsquo;administration des unit\u00e9s commerciales en Inde, au Mexique et en Turquie.<br \/>\nC&rsquo;est \u00e0 cette \u00e9poque que Saurer m&rsquo;a demand\u00e9 de me rapprocher de son si\u00e8ge en Suisse.<br \/>\nDepuis lors, ma femme, mon fils et moi-m\u00eame vivons \u00e0 Arbon \/ TG, qui est situ\u00e9 sur les magnifiques rives du lac de Constance.<br \/>\nPeu apr\u00e8s notre d\u00e9m\u00e9nagement, j&rsquo;ai eu l&rsquo;honneur de devenir membre du Rotary.<br \/>\nAyant eu la chance de conna\u00eetre le succ\u00e8s et le bonheur, il \u00e9tait essentiel pour moi de rendre un peu de ma chance \u00e0 des personnes moins fortun\u00e9es.<br \/>\nUn projet qui me tient \u00e0 c\u0153ur.<br \/>\nToutes ces exp\u00e9riences m&rsquo;ont amen\u00e9 \u00e0 franchir une \u00e9tape importante dans ma carri\u00e8re.<br \/>\nJe suis devenu entrepreneur.<br \/>\nAvec quelques partenaires commerciaux, j&rsquo;ai fond\u00e9 une soci\u00e9t\u00e9 appel\u00e9e \u00ab\u00a0Laketree Industrie AG\u00a0\u00bb, qui soutient et investit dans la croissance, la restructuration financi\u00e8re et la planification de la succession.<br \/>\nDans le cadre de la planification de la succession de Grass &amp; Partner AG, j&rsquo;ai repris avec deux partenaires l&rsquo;entreprise, active depuis plus de 25 ans dans le domaine de l&rsquo;outplacement et de l&rsquo;orientation professionnelle.<br \/>\nAu cours de ces ann\u00e9es, nous avons construit un vaste r\u00e9seau qui nous permet de trouver rapidement des opportunit\u00e9s de carri\u00e8re et des entreprises passionnantes pour nos clients.                       <strong>Vous \u00eates un responsable des ressources humaines et vous devez licencier des employ\u00e9s ?<\/strong>  Nous nous occuperons d&rsquo;eux et, dans le cadre de ce processus, nous \u00e9laborerons un programme sur mesure qui d\u00e9bouchera sur une nouvelle activit\u00e9 professionnelle pour le candidat.  <strong>En tant que responsable RH, vous cherchez \u00e0 embaucher des collaborateurs et souhaitez les fid\u00e9liser ?<\/strong>  Nous accompagnerons le processus d&rsquo;int\u00e9gration.<br \/>\nEn outre, nous nous occupons de leur conjoint si le nouvel emploi implique un d\u00e9m\u00e9nagement.<br \/>\nEn outre, nous sommes des experts en mati\u00e8re de \u00ab\u00a0Late Careers\u00a0\u00bb et de conception de carri\u00e8res pour les clients de plus de 50 ans.<br \/>\nVous souhaitez disposer d&rsquo;un plus grand pouvoir de n\u00e9gociation dans votre r\u00f4le de cadre ?<br \/>\nVous voulez devenir membre du conseil d&rsquo;administration d&rsquo;une entreprise ?<br \/>\nVous souhaitez acqu\u00e9rir une entreprise et devenir entrepreneur ?<br \/>\nOu vous envisagez simplement de changer de cap dans votre carri\u00e8re ?<br \/>\nN&rsquo;h\u00e9sitez pas \u00e0 me contacter pour convenir d&rsquo;un rendez-vous sans engagement.<br \/>\nCe serait un plaisir d&#8217;emprunter un chemin commun pendant une courte p\u00e9riode de notre vie.<br \/>\nJe me r\u00e9jouis de vous rencontrer.           <strong>Vous \u00eates l&rsquo;un de nos clients ?<br \/>\nOu l&rsquo;avez-vous d\u00e9j\u00e0 \u00e9t\u00e9 ? <\/strong>  Je me r\u00e9jouis de vous rencontrer lors de l&rsquo;un de nos prochains \u00e9v\u00e9nements de r\u00e9seau.  <\/div>\n<\/div>\n<\/div>\n<\/div>\n<p>&nbsp;<\/p>\n<div class=\"ym-wrapper\">\n<div class=\"ym-wbox\">\n<footer class=\"ym-noprint\">\n<div class=\"ym-grid\">\n<div class=\"ym-gl\">\n<div class=\"ce-bodytext\">\n<div id=\"c3\" class=\"frame frame-default frame-type-text frame-layout-0\"><\/div>\n<\/div>\n<\/div>\n<\/div>\n<\/footer>\n<\/div>\n<\/div>\n<\/div><div data-bb-version=\"4.8.8\" class=\"bt_bb_separator bt_bb_border_style_none bt_bb_top_spacing_none bt_bb_bottom_spacing_medium\" data-bt-override-class=\"{&quot;bt_bb_top_spacing_&quot;:{&quot;current_class&quot;:&quot;bt_bb_top_spacing_none&quot;,&quot;xxl&quot;:&quot;none&quot;},&quot;bt_bb_bottom_spacing_&quot;:{&quot;current_class&quot;:&quot;bt_bb_bottom_spacing_medium&quot;,&quot;xxl&quot;:&quot;medium&quot;}}\"><\/div><\/div><\/div><\/div><\/div><\/div><\/div><!-- cell_inner --><\/div><!-- cell --><\/div><!-- port --><\/section>","protected":false},"excerpt":{"rendered":"<p>Adopter de mani\u00e8re convaincante l&rsquo;e-business gr\u00e2ce \u00e0 un capital intellectuel convivial.<br \/>\nActualiser de mani\u00e8re interactive les processus frontaux gr\u00e2ce \u00e0 des m\u00e9thodes efficaces bas\u00e9es sur la convergence. <\/p>\n","protected":false},"author":1,"featured_media":0,"parent":5014,"menu_order":0,"comment_status":"closed","ping_status":"closed","template":"","meta":{"_acf_changed":false,"footnotes":""},"class_list":["post-5003","page","type-page","status-publish","hentry"],"acf":[],"_links":{"self":[{"href":"https:\/\/grass.10dxgroup.com\/fr\/wp-json\/wp\/v2\/pages\/5003","targetHints":{"allow":["GET"]}}],"collection":[{"href":"https:\/\/grass.10dxgroup.com\/fr\/wp-json\/wp\/v2\/pages"}],"about":[{"href":"https:\/\/grass.10dxgroup.com\/fr\/wp-json\/wp\/v2\/types\/page"}],"author":[{"embeddable":true,"href":"https:\/\/grass.10dxgroup.com\/fr\/wp-json\/wp\/v2\/users\/1"}],"replies":[{"embeddable":true,"href":"https:\/\/grass.10dxgroup.com\/fr\/wp-json\/wp\/v2\/comments?post=5003"}],"version-history":[{"count":1,"href":"https:\/\/grass.10dxgroup.com\/fr\/wp-json\/wp\/v2\/pages\/5003\/revisions"}],"predecessor-version":[{"id":5011,"href":"https:\/\/grass.10dxgroup.com\/fr\/wp-json\/wp\/v2\/pages\/5003\/revisions\/5011"}],"up":[{"embeddable":true,"href":"https:\/\/grass.10dxgroup.com\/fr\/wp-json\/wp\/v2\/pages\/5014"}],"wp:attachment":[{"href":"https:\/\/grass.10dxgroup.com\/fr\/wp-json\/wp\/v2\/media?parent=5003"}],"curies":[{"name":"wp","href":"https:\/\/api.w.org\/{rel}","templated":true}]}}