{"id":5087,"date":"2024-05-08T13:24:25","date_gmt":"2024-05-08T13:24:25","guid":{"rendered":"https:\/\/grass.10dxgroup.com\/temoignages-de-particuliers\/"},"modified":"2024-08-13T09:19:35","modified_gmt":"2024-08-13T09:19:35","slug":"temoignages-de-particuliers","status":"publish","type":"page","link":"https:\/\/grass.10dxgroup.com\/fr\/individus\/temoignages-de-particuliers\/","title":{"rendered":"T\u00e9moignages de particuliers"},"content":{"rendered":"<section id=\"bt_bb_section6a093919bb639\" class=\"bt_bb_section bt_bb_layout_boxed_1200 bt_bb_vertical_align_top bt_bb_top_spacing_large bt_bb_bottom_spacing_normal bt_bb_highlighted_no\"  data-bt-override-class=\"{&quot;bt_bb_top_spacing_&quot;:{&quot;current_class&quot;:&quot;bt_bb_top_spacing_large&quot;,&quot;xxl&quot;:&quot;large&quot;},&quot;bt_bb_bottom_spacing_&quot;:{&quot;current_class&quot;:&quot;bt_bb_bottom_spacing_normal&quot;,&quot;xxl&quot;:&quot;normal&quot;}}\"><div class=\"bt_bb_port\"><div class=\"bt_bb_cell\"><div class=\"bt_bb_cell_inner\"><div class=\"bt_bb_row_wrapper\"><div  class=\"bt_bb_row\"  data-bt-override-class=\"{}\"><div  class=\"bt_bb_column col-xxl-2 col-xl-2 bt_bb_vertical_align_top bt_bb_align_left bt_bb_padding_normal\"  data-width=\"2\" data-bt-override-class=\"{}\"><div class=\"bt_bb_column_content\"><div class=\"bt_bb_column_content_inner\"><\/div><\/div><\/div><div  class=\"bt_bb_column col-xxl-8 col-xl-8 bt_bb_vertical_align_top bt_bb_align_center bt_bb_padding_normal bt_bb_animation_fade_in bt_bb_animation_move_up animate bt_bb_highlighted_no\"  data-width=\"8\" data-bt-override-class=\"{}\"><div class=\"bt_bb_column_content\"><div class=\"bt_bb_column_content_inner\"><header data-bb-version=\"4.8.8\" class=\"bt_bb_headline bt_bb_dash_bottom bt_bb_subheadline bt_bb_size_large bt_bb_align_inherit\" data-bt-override-class=\"{&quot;bt_bb_size_&quot;:{&quot;current_class&quot;:&quot;bt_bb_size_large&quot;,&quot;xxl&quot;:&quot;large&quot;},&quot;bt_bb_align_&quot;:{&quot;current_class&quot;:&quot;bt_bb_align_inherit&quot;,&quot;xxl&quot;:&quot;inherit&quot;}}\"><h2><span class=\"bt_bb_headline_content\"><span><strong>Comment avons-nous aid\u00e9 des personnes dans une situation similaire ?  <\/strong><\/span><\/span><\/h2><div class=\"bt_bb_headline_subheadline\">Vous n&apos;\u00eates pas seul.<br \/>\nD\u00e9couvrez comment nous travaillons et aidons les gens \u00e0 aller de l&apos;avant. <\/div><\/header><div class=\"bt_bb_separator bt_bb_border_style_none bt_bb_bottom_spacing_large\" data-bt-override-class=\"null\"><\/div><\/div><\/div><\/div><div  class=\"bt_bb_column col-xxl-2 col-xl-2 bt_bb_vertical_align_top bt_bb_align_left bt_bb_padding_normal\"  data-width=\"2\" data-bt-override-class=\"{}\"><div class=\"bt_bb_column_content\"><div class=\"bt_bb_column_content_inner\"><\/div><\/div><\/div><\/div><\/div><div class=\"bt_bb_row_wrapper\"><div  class=\"bt_bb_row\"  data-bt-override-class=\"{}\"><div  class=\"bt_bb_column col-xxl-12 col-xl-12 col-xs-12 col-sm-12 col-md-12 col-lg-12 bt_bb_vertical_align_top bt_bb_align_left bt_bb_padding_normal\"  data-width=\"12\" data-bt-override-class=\"{}\"><div class=\"bt_bb_column_content\"><div class=\"bt_bb_column_content_inner\"><div  class=\"bt_bb_text\" >\t\t<div class=\"wpsm_testi_b_row\" id=\"wpsm_testi_b_row_3645\">\r\n\t\t\t <div class=\"wpsm_row\">  \r\n<style>\r\n\r\n#wpsm_testi_b_row_3645 .wpsm_testimonial .wpsm_testimonial-title{\r\n\tfont-size:22px !important;\r\n\tcolor:#000000 !important;\r\n\tfont-family:'Palatino Linotype';\r\n}\r\n#wpsm_testi_b_row_3645 .wpsm_testimonial > .wpsm_testimonial-review span{\r\n\tfont-size:8px !important;\r\n\tcolor:#424242 !important;\r\n\tfont-family:'Palatino Linotype';\r\n}\r\n#wpsm_testi_b_row_3645 .wpsm_testimonial .wpsm_testi_links{\r\n\tfont-size:8px !important;\r\n\tcolor:#1e73be !important;\r\n\tfont-family:'Palatino Linotype';\r\n}\r\n#wpsm_testi_b_row_3645 .wpsm_testimonial .wpsm_testi_description{\r\n\tfont-size:22px !important;\r\n\tcolor:#595959 !important;\r\n\tfont-family:'Palatino Linotype';\r\n\tpadding: 10px !important;\r\n    margin: 0px !important;\r\n\tfont-weight: 400;\r\n\tdisplay: block;\r\n}\r\n#wpsm_testi_b_row_3645 .wpsm_testimonial .wpsm_testi_content{\r\n\tbackground:#e5e5e5 !important;\r\n}\r\n#wpsm_testi_b_row_3645 .wpsm_testimonial .wpsm_testi_content:after{\r\n\t  border-top: 10px solid #e5e5e5 !important;\r\n}\r\n#wpsm_testi_b_row_3645 .wpsm_testimonial-pic > img{\r\n\t\t\tborder-radius: 0% !important;\r\n\t}\r\n#wpsm_testi_b_row_3645 .owl-dots{\r\n\t\t\tdisplay: block;\r\n\t}\r\n#wpsm_testi_b_row_3645 .owl-dots span\r\n{\r\n\tbackground:#D6D6D6;\r\n}\r\n\r\n#wpsm_testi_b_row_3645 .owl-dot.active span{\r\n\t\tbackground:#969696;\r\n}\r\n\r\n#wpsm_testi_b_row_3645 .owl-dot:hover span{\r\n\t\tbackground:#969696;\r\n}\r\n\r\n\r\n.wpsm-testi-owl-carousel .owl-item img{ display: none; }<\/style>\r\n\t<div id=\"wpsm-carousel-two-3645\" class=\"wpsm-testi-owl-carousel\">\r\n\t\t\t\t\t<div class=\"wpsm_testimonial\">\r\n\t\t\t\t\t\t\t\t<div class=\"wpsm_testi_content\">\r\n\t\t\t\t\t<p class=\"wpsm_testi_description\">\r\n\t\t\t\t\t\tYou need professional support for a successful job change, otherwise there\u2019s a big risk of hitting the rocks.\t\t\t\t\t <\/p>\r\n\t\t\t\t<\/div>\r\n\t\t\t\t\t\t\t\t<div class=\"wpsm_testimonial-pic\">\r\n\t\t\t\t\t<img decoding=\"async\" src=\"https:\/\/grass.10dxgroup.com\/wp-content\/plugins\/testimonial-builder\/assets\/images\/test.png\" alt=\"W. W. from Aarau\">\r\n\t\t\t\t<\/div>\r\n\t\t\t\t<div class=\"wpsm_testimonial-review\">\r\n\t\t\t\t\t\t\t\t\t\t\t<h3 class=\"wpsm_testimonial-title\">W. W. from Aarau<\/h3>\r\n\t\t\t\t\t\t\t\t\t\t\t\t\t\t\t\t\t\t\t<\/div>\r\n\t\t\t<\/div>\r\n\t\t\t\t\t\t<div class=\"wpsm_testimonial\">\r\n\t\t\t\t\t\t\t\t<div class=\"wpsm_testi_content\">\r\n\t\t\t\t\t<p class=\"wpsm_testi_description\">\r\n\t\t\t\t\t\tIt was the programme outline and the clear structure in particular that made me choose Grass &amp; Partner.\t\t\t\t\t <\/p>\r\n\t\t\t\t<\/div>\r\n\t\t\t\t\t\t\t\t<div class=\"wpsm_testimonial-pic\">\r\n\t\t\t\t\t<img decoding=\"async\" src=\"https:\/\/grass.10dxgroup.com\/wp-content\/plugins\/testimonial-builder\/assets\/images\/test.png\" alt=\"C. F. from Fruence\">\r\n\t\t\t\t<\/div>\r\n\t\t\t\t<div class=\"wpsm_testimonial-review\">\r\n\t\t\t\t\t\t\t\t\t\t\t<h3 class=\"wpsm_testimonial-title\">C. F. from Fruence<\/h3>\r\n\t\t\t\t\t\t\t\t\t\t\t\t\t\t\t\t\t\t\t<\/div>\r\n\t\t\t<\/div>\r\n\t\t\t\t\t\t<div class=\"wpsm_testimonial\">\r\n\t\t\t\t\t\t\t\t<div class=\"wpsm_testi_content\">\r\n\t\t\t\t\t<p class=\"wpsm_testi_description\">\r\n\t\t\t\t\t\tDuring the coaching process, I realised how rarely I have taken time in the past to reflect and decide what I really want.\t\t\t\t\t <\/p>\r\n\t\t\t\t<\/div>\r\n\t\t\t\t\t\t\t\t<div class=\"wpsm_testimonial-pic\">\r\n\t\t\t\t\t<img decoding=\"async\" src=\"https:\/\/grass.10dxgroup.com\/wp-content\/plugins\/testimonial-builder\/assets\/images\/test.png\" alt=\"P. B. from St. Gallen\">\r\n\t\t\t\t<\/div>\r\n\t\t\t\t<div class=\"wpsm_testimonial-review\">\r\n\t\t\t\t\t\t\t\t\t\t\t<h3 class=\"wpsm_testimonial-title\">P. B. from St. Gallen<\/h3>\r\n\t\t\t\t\t\t\t\t\t\t\t\t\t\t\t\t\t\t\t<\/div>\r\n\t\t\t<\/div>\r\n\t\t\t\t\t\t<div class=\"wpsm_testimonial\">\r\n\t\t\t\t\t\t\t\t<div class=\"wpsm_testi_content\">\r\n\t\t\t\t\t<p class=\"wpsm_testi_description\">\r\n\t\t\t\t\t\tI still find it fascinating what can happen to a person without them really noticing when and why\t\t\t\t\t <\/p>\r\n\t\t\t\t<\/div>\r\n\t\t\t\t\t\t\t\t<div class=\"wpsm_testimonial-pic\">\r\n\t\t\t\t\t<img decoding=\"async\" src=\"https:\/\/grass.10dxgroup.com\/wp-content\/plugins\/testimonial-builder\/assets\/images\/test.png\" alt=\"N. G. from Trogen\">\r\n\t\t\t\t<\/div>\r\n\t\t\t\t<div class=\"wpsm_testimonial-review\">\r\n\t\t\t\t\t\t\t\t\t\t\t<h3 class=\"wpsm_testimonial-title\">N. G. from Trogen<\/h3>\r\n\t\t\t\t\t\t\t\t\t\t\t\t\t\t\t\t\t\t\t<\/div>\r\n\t\t\t<\/div>\r\n\t\t\t\t\t\t<div class=\"wpsm_testimonial\">\r\n\t\t\t\t\t\t\t\t<div class=\"wpsm_testi_content\">\r\n\t\t\t\t\t<p class=\"wpsm_testi_description\">\r\n\t\t\t\t\t\tLearning how to approach finding a new direction and planning my career \u2013 that\u2019s definitely going to help me in the future as well.\t\t\t\t\t <\/p>\r\n\t\t\t\t<\/div>\r\n\t\t\t\t\t\t\t\t<div class=\"wpsm_testimonial-pic\">\r\n\t\t\t\t\t<img decoding=\"async\" src=\"https:\/\/grass.10dxgroup.com\/wp-content\/plugins\/testimonial-builder\/assets\/images\/test.png\" alt=\"L. C. from Gossau\">\r\n\t\t\t\t<\/div>\r\n\t\t\t\t<div class=\"wpsm_testimonial-review\">\r\n\t\t\t\t\t\t\t\t\t\t\t<h3 class=\"wpsm_testimonial-title\">L. C. from Gossau<\/h3>\r\n\t\t\t\t\t\t\t\t\t\t\t\t\t\t\t\t\t\t\t<\/div>\r\n\t\t\t<\/div>\r\n\t\t\t\t\t\t<div class=\"wpsm_testimonial\">\r\n\t\t\t\t\t\t\t\t<div class=\"wpsm_testi_content\">\r\n\t\t\t\t\t<p class=\"wpsm_testi_description\">\r\n\t\t\t\t\t\tIt brings clarity to the situation and takes the pressure off in your private life. That creates motivation and revives the spirit.\t\t\t\t\t <\/p>\r\n\t\t\t\t<\/div>\r\n\t\t\t\t\t\t\t\t<div class=\"wpsm_testimonial-pic\">\r\n\t\t\t\t\t<img decoding=\"async\" src=\"https:\/\/grass.10dxgroup.com\/wp-content\/plugins\/testimonial-builder\/assets\/images\/test.png\" alt=\"U. L. from Zuzwil\">\r\n\t\t\t\t<\/div>\r\n\t\t\t\t<div class=\"wpsm_testimonial-review\">\r\n\t\t\t\t\t\t\t\t\t\t\t<h3 class=\"wpsm_testimonial-title\">U. L. from Zuzwil<\/h3>\r\n\t\t\t\t\t\t\t\t\t\t\t\t\t\t\t\t\t\t\t<\/div>\r\n\t\t\t<\/div>\r\n\t\t\t\t\t\t<div class=\"wpsm_testimonial\">\r\n\t\t\t\t\t\t\t\t<div class=\"wpsm_testi_content\">\r\n\t\t\t\t\t<p class=\"wpsm_testi_description\">\r\n\t\t\t\t\t\tThe outplacement programme with Grass &amp; Partner helped me in many ways. It creates structure, provides important information, and the valuable tips I got from my consultant made the search for a new role much easier for me.\t\t\t\t\t <\/p>\r\n\t\t\t\t<\/div>\r\n\t\t\t\t\t\t\t\t<div class=\"wpsm_testimonial-pic\">\r\n\t\t\t\t\t<img decoding=\"async\" src=\"https:\/\/grass.10dxgroup.com\/wp-content\/plugins\/testimonial-builder\/assets\/images\/test.png\" alt=\"P. G. from Auslikon\">\r\n\t\t\t\t<\/div>\r\n\t\t\t\t<div class=\"wpsm_testimonial-review\">\r\n\t\t\t\t\t\t\t\t\t\t\t<h3 class=\"wpsm_testimonial-title\">P. G. from Auslikon<\/h3>\r\n\t\t\t\t\t\t\t\t\t\t\t\t\t\t\t\t\t\t\t<\/div>\r\n\t\t\t<\/div>\r\n\t\t\t\t\t\t<div class=\"wpsm_testimonial\">\r\n\t\t\t\t\t\t\t\t<div class=\"wpsm_testi_content\">\r\n\t\t\t\t\t<p class=\"wpsm_testi_description\">\r\n\t\t\t\t\t\tThrough working out what I&#039;m looking for and what I have to offer in our sessions, I gained clarity about where the future might lead me. This allowed me to optimise my CV and adapt it to the (\u2026) industry. Your advice and also the exit statement were a very useful aid for me. I\u2019d like to take this opportunity to thank you once again for the motivational and inspiring work we did together.\t\t\t\t\t <\/p>\r\n\t\t\t\t<\/div>\r\n\t\t\t\t\t\t\t\t<div class=\"wpsm_testimonial-pic\">\r\n\t\t\t\t\t<img decoding=\"async\" src=\"https:\/\/grass.10dxgroup.com\/wp-content\/plugins\/testimonial-builder\/assets\/images\/test.png\" alt=\"M. G. from Meilen\">\r\n\t\t\t\t<\/div>\r\n\t\t\t\t<div class=\"wpsm_testimonial-review\">\r\n\t\t\t\t\t\t\t\t\t\t\t<h3 class=\"wpsm_testimonial-title\">M. G. from Meilen<\/h3>\r\n\t\t\t\t\t\t\t\t\t\t\t\t\t\t\t\t\t\t\t<\/div>\r\n\t\t\t<\/div>\r\n\t\t\t\t\t\t<div class=\"wpsm_testimonial\">\r\n\t\t\t\t\t\t\t\t<div class=\"wpsm_testi_content\">\r\n\t\t\t\t\t<p class=\"wpsm_testi_description\">\r\n\t\t\t\t\t\tI worked on myself a lot and took steps to find out what I want next. It really feels good to have found\/got the next professional role that I see myself in. Many thanks for your very helpful support and guidance, for the useful exercises and discussions that I was able to have, and the important Grass workshops I was able to attend. They have all been steps on my journey to success.\t\t\t\t\t <\/p>\r\n\t\t\t\t<\/div>\r\n\t\t\t\t\t\t\t\t<div class=\"wpsm_testimonial-pic\">\r\n\t\t\t\t\t<img decoding=\"async\" src=\"https:\/\/grass.10dxgroup.com\/wp-content\/plugins\/testimonial-builder\/assets\/images\/test.png\" alt=\"R. M. from Aarau\">\r\n\t\t\t\t<\/div>\r\n\t\t\t\t<div class=\"wpsm_testimonial-review\">\r\n\t\t\t\t\t\t\t\t\t\t\t<h3 class=\"wpsm_testimonial-title\">R. M. from Aarau<\/h3>\r\n\t\t\t\t\t\t\t\t\t\t\t\t\t\t\t\t\t\t\t<\/div>\r\n\t\t\t<\/div>\r\n\t\t\t\t\t\t<div class=\"wpsm_testimonial\">\r\n\t\t\t\t\t\t\t\t<div class=\"wpsm_testi_content\">\r\n\t\t\t\t\t<p class=\"wpsm_testi_description\">\r\n\t\t\t\t\t\tVery good, professionally conducted workshops, with lots that I could take away and also apply. All very professional, and the focus is on people. Good that you also make critical statements.\t\t\t\t\t <\/p>\r\n\t\t\t\t<\/div>\r\n\t\t\t\t\t\t\t\t<div class=\"wpsm_testimonial-pic\">\r\n\t\t\t\t\t<img decoding=\"async\" src=\"https:\/\/grass.10dxgroup.com\/wp-content\/plugins\/testimonial-builder\/assets\/images\/test.png\" alt=\"B. S. from Buchs\">\r\n\t\t\t\t<\/div>\r\n\t\t\t\t<div class=\"wpsm_testimonial-review\">\r\n\t\t\t\t\t\t\t\t\t\t\t<h3 class=\"wpsm_testimonial-title\">B. S. from Buchs<\/h3>\r\n\t\t\t\t\t\t\t\t\t\t\t\t\t\t\t\t\t\t\t<\/div>\r\n\t\t\t<\/div>\r\n\t\t\t \t<\/div>\r\n<\/div>\r\n <script>\r\njQuery(document).ready(function() {\r\n\t  var owl = jQuery('#wpsm-carousel-two-3645');\r\n\t  owl.owlCarousel({\r\n\t\tresponsiveClass:true,\r\n\t\t\r\n\t\tloop: true,\r\n\t\tmargin: 20,\t\t\t\t\r\n\t\tautoplay: true,\r\n\t\trewindNav : false,\r\n\t\tautoplayTimeout: 5000,\r\n\t\t\r\n        autoplaySpeed: 500,\t\t\t\t\r\n\t\tautoplayHoverPause: true,\t\t\r\n\t\tresponsive: {\r\n\t\t  0: {\r\n\t\t\titems: 1\r\n\t\t  },\r\n\t\t  500: {\r\n\t\t\titems: 2\r\n\t\t  },\r\n\t\t  767: {\r\n\t\t\titems: 2\r\n\t\t  },\r\n\t\t  992: {\r\n\t\t\titems: 3\r\n\t\t  },\r\n\t\t  1000: {\r\n\t\t\titems:2\t\t  }\r\n\t\t}\r\n\t  });\r\n\t  \r\n})\r\n<\/script>                      \t\t<\/div>\r\n\t\t<\/div><\/div><\/div><\/div><\/div><\/div><\/div><!-- cell_inner --><\/div><!-- cell --><\/div><!-- port --><\/section><section id=\"bt_bb_section6a093919bd06e\" class=\"bt_bb_section bt_bb_color_scheme_2 bt_bb_layout_boxed_1200 bt_bb_vertical_align_middle bt_bb_background_overlay_light_solid bt_bb_top_spacing_extra_large bt_bb_bottom_spacing_extra_large bt_bb_highlighted_no\" style=\"; --section-primary-color:#000000; --section-secondary-color:#ffffff;;background-color:#ffffff;\" data-bt-override-class=\"null\"><div class=\"bt_bb_background_image_holder_wrapper\"><div class=\"bt_bb_background_image_holder\"  data-parallax-zoom-start=\"1\" data-parallax-zoom-end=\"1\" data-parallax-blur-start=\"0\" data-parallax-blur-end=\"0\" data-parallax-opacity-start=\"1\" data-parallax-opacity-end=\"1\" style=\" background-image:url(&#039;https:\/\/grass.10dxgroup.com\/wp-content\/uploads\/2024\/04\/leadership-scaled.jpg&#039;);\"><\/div><\/div><div class=\"bt_bb_port\"><div class=\"bt_bb_cell\"><div class=\"bt_bb_cell_inner\"><div class=\"bt_bb_row_wrapper\"><div  class=\"bt_bb_row\"  data-bt-override-class=\"{}\"><div  class=\"bt_bb_column col-xxl-12 col-xl-12 bt_bb_vertical_align_top bt_bb_align_center bt_bb_padding_normal bt_bb_animation_fade_in bt_bb_animation_zoom_out animate bt_bb_highlighted_no\"  data-width=\"12\" data-bt-override-class=\"{}\"><div class=\"bt_bb_column_content\"><div class=\"bt_bb_column_content_inner\"><div class=\"bt_bb_image bt_bb_shape_square bt_bb_target_self bt_bb_align_inherit bt_bb_hover_style_simple bt_bb_content_display_always bt_bb_content_align_middle\" data-bt-override-class=\"{}\"><span><img decoding=\"async\" width=\"62\" height=\"58\" src=\"https:\/\/grass.10dxgroup.com\/wp-content\/uploads\/2018\/01\/quote.png\" class=\"attachment-full size-full\" alt=\"https:\/\/grass.10dxgroup.com\/wp-content\/uploads\/2018\/01\/quote.png\" data-full_image_src=\"https:\/\/grass.10dxgroup.com\/wp-content\/uploads\/2018\/01\/quote.png\" title=\"quote\" \/><\/span><\/div><div class=\"bt_bb_separator bt_bb_border_style_none bt_bb_bottom_spacing_medium\" data-bt-override-class=\"null\"><\/div><header class=\"bt_bb_headline bt_bb_font_weight_light bt_bb_dash_bottom bt_bb_subheadline bt_bb_size_large bt_bb_align_inherit bt_bb_hidden_xs bt_bb_hidden_ms bt_bb_hidden_sm\" data-bt-override-class=\"null\"><h2><span class=\"bt_bb_headline_content\"><span>Votre marque est ce que les autres disent de vous lorsque vous n&apos;\u00eates pas dans la salle.<\/span><\/span><\/h2><div class=\"bt_bb_headline_subheadline\">Jeff Bezos<\/div><\/header><header class=\"bt_bb_headline bt_bb_font_weight_light bt_bb_dash_bottom bt_bb_subheadline bt_bb_size_large bt_bb_align_inherit bt_bb_hidden_md bt_bb_hidden_lg\" data-bt-override-class=\"null\"><h2><span class=\"bt_bb_headline_content\"><span><strong>Chaque personne a des dons uniques<\/strong>, et ces dons lui donnent le pouvoir et la possibilit\u00e9 d&apos;accomplir de grandes choses.<\/span><\/span><\/h2><div class=\"bt_bb_headline_subheadline\">Zig Ziglar<\/div><\/header><\/div><\/div><\/div><\/div><\/div><div class=\"bt_bb_row_wrapper\"><div  class=\"bt_bb_row\"  data-bt-override-class=\"{}\"><div  class=\"bt_bb_column col-xxl-12 col-xl-12 bt_bb_vertical_align_top bt_bb_align_left bt_bb_padding_normal\"  data-width=\"12\" data-bt-override-class=\"{}\"><div class=\"bt_bb_column_content\"><div class=\"bt_bb_column_content_inner\"><div class=\"bt_bb_separator bt_bb_border_style_none bt_bb_bottom_spacing_extra_large\" data-bt-override-class=\"null\"><\/div><\/div><\/div><\/div><\/div><\/div><\/div><!-- cell_inner --><\/div><!-- cell --><\/div><!-- port --><\/section><section id=\"bt_bb_section6a093919bdf85\" class=\"bt_bb_section bt_bb_layout_boxed_left_1200 bt_bb_vertical_align_top bt_bb_top_negative_margin_extra_large bt_bb_highlighted_no\" style=\"background: linear-gradient(to right, #f71c52 0%, #b40d4a 100%); z-index: 1;\" data-bt-override-class=\"null\"><div class=\"bt_bb_port\"><div class=\"bt_bb_cell\"><div class=\"bt_bb_cell_inner\"><div class=\"bt_bb_row_wrapper\"><div  class=\"bt_bb_row\"  data-bt-override-class=\"{}\"><div  class=\"bt_bb_column col-xxl-12 col-xl-12 bt_bb_vertical_align_top bt_bb_align_left bt_bb_padding_normal\"  data-width=\"12\" data-bt-override-class=\"{}\"><div class=\"bt_bb_column_content\"><div class=\"bt_bb_column_content_inner\"><div class=\"bt_bb_separator bt_bb_border_style_none bt_bb_bottom_spacing_small\" data-bt-override-class=\"null\"><\/div><\/div><\/div><\/div><\/div><\/div><\/div><!-- cell_inner --><\/div><!-- cell --><\/div><!-- port --><\/section><section id=\"bt_bb_section6a093919be373\" class=\"bt_bb_section bt_bb_layout_boxed_left_1200 bt_bb_vertical_align_top bt_bb_highlighted_no\" style=\"z-index: 2;;background-color:#ffffff;\" data-bt-override-class=\"null\"><div class=\"bt_bb_port\"><div class=\"bt_bb_cell\"><div class=\"bt_bb_cell_inner\"><div class=\"bt_bb_row_wrapper\"><div  class=\"bt_bb_row bt_bb_column_gap_20\"  data-bt-override-class=\"{}\"><div  class=\"bt_bb_column col-xxl-6 col-xl-6 bt_bb_vertical_align_middle bt_bb_align_center bt_bb_padding_double bt_bb_animation_fade_in bt_bb_animation_zoom_out animate bt_bb_highlighted_no\"  data-width=\"6\" data-bt-override-class=\"{}\"><div class=\"bt_bb_column_content\"><div class=\"bt_bb_column_content_inner\"><div class=\"bt_bb_separator bt_bb_border_style_none bt_bb_bottom_spacing_large\" data-bt-override-class=\"null\"><\/div><header class=\"bt_bb_headline bt_bb_dash_bottom bt_bb_subheadline bt_bb_size_large bt_bb_align_inherit\" data-bt-override-class=\"null\"><h3><span class=\"bt_bb_headline_content\"><span><strong>Contactez-nous<\/strong> pour une offre personnalis\u00e9e<\/span><\/span><\/h3><div class=\"bt_bb_headline_subheadline\">La r\u00e9alisation de vos objectifs professionnels peut entra\u00eener des changements positifs dans tous les domaines de votre vie.<br \/>\nLe coaching vous permet de prendre en main votre carri\u00e8re et d&apos;atteindre le succ\u00e8s dont vous r\u00eavez. <\/div><\/header><div class=\"bt_bb_separator bt_bb_border_style_none bt_bb_bottom_spacing_large\" data-bt-override-class=\"null\"><\/div><\/div><\/div><\/div><div  class=\"bt_bb_column col-xxl-6 col-xl-6 bt_bb_vertical_align_top bt_bb_align_left bt_bb_padding_double bt_bb_animation_fade_in bt_bb_animation_zoom_out animate bt_bb_highlighted_no\" style=\"border-left: 1px solid rgba(0,0,0,.1);\" data-width=\"6\" data-bt-override-class=\"{}\"><div class=\"bt_bb_column_content\"><div class=\"bt_bb_column_content_inner\"><div class=\"bt_bb_separator bt_bb_border_style_none bt_bb_top_spacing_normal bt_bb_bottom_spacing_large bt_bb_hidden_xs bt_bb_hidden_ms bt_bb_hidden_sm\" data-bt-override-class=\"null\"><\/div><div  class=\"bt_bb_text\" >\n<div class=\"wpcf7 no-js\" id=\"wpcf7-f5294-o1\" lang=\"fr-FR\" dir=\"ltr\">\n<div class=\"screen-reader-response\"><p role=\"status\" aria-live=\"polite\" aria-atomic=\"true\"><\/p> <ul><\/ul><\/div>\n<form action=\"\/fr\/wp-json\/wp\/v2\/pages\/5087#wpcf7-f5294-o1\" method=\"post\" class=\"wpcf7-form init\" aria-label=\"Formulaire de contact\" novalidate=\"novalidate\" data-status=\"init\">\n<div style=\"display: none;\">\n<input type=\"hidden\" name=\"_wpcf7\" value=\"5294\" \/>\n<input type=\"hidden\" name=\"_wpcf7_version\" value=\"5.9.2\" \/>\n<input type=\"hidden\" name=\"_wpcf7_locale\" value=\"fr_FR\" \/>\n<input type=\"hidden\" name=\"_wpcf7_unit_tag\" value=\"wpcf7-f5294-o1\" \/>\n<input type=\"hidden\" name=\"_wpcf7_container_post\" value=\"0\" \/>\n<input type=\"hidden\" name=\"_wpcf7_posted_data_hash\" value=\"\" \/>\n<\/div>\n<p><span class=\"wpcf7-form-control-wrap\" data-name=\"your-name\"><input size=\"40\" class=\"wpcf7-form-control wpcf7-text wpcf7-validates-as-required\" aria-required=\"true\" aria-invalid=\"false\" placeholder=\"Votre nom *\" value=\"\" type=\"text\" name=\"your-name\" \/><\/span>\n<\/p>\n<p><span class=\"wpcf7-form-control-wrap\" data-name=\"your-email\"><input size=\"40\" class=\"wpcf7-form-control wpcf7-email wpcf7-validates-as-required wpcf7-text wpcf7-validates-as-email\" aria-required=\"true\" aria-invalid=\"false\" placeholder=\"Votre adresse \u00e9lectronique *\" value=\"\" type=\"email\" name=\"your-email\" \/><\/span>\n<\/p>\n<p><span class=\"wpcf7-form-control-wrap\" data-name=\"comments\"><textarea cols=\"40\" rows=\"8\" class=\"wpcf7-form-control wpcf7-textarea wpcf7-validates-as-required\" aria-required=\"true\" aria-invalid=\"false\" placeholder=\"Vos questions, doutes, probl\u00e8mes... *\" name=\"comments\"><\/textarea><\/span>\n<\/p>\n<p><input class=\"wpcf7-form-control wpcf7-submit has-spinner\" type=\"submit\" value=\"SOUMETTRE LE FORMULAIRE\" \/>\n<\/p><div class=\"wpcf7-response-output\" aria-hidden=\"true\"><\/div>\n<\/form>\n<\/div>\n<\/div><div class=\"bt_bb_separator bt_bb_border_style_none bt_bb_bottom_spacing_large\" data-bt-override-class=\"null\"><\/div><\/div><\/div><\/div><\/div><\/div><\/div><!-- cell_inner --><\/div><!-- cell --><\/div><!-- port --><\/section><section data-bb-version=\"4.8.8\" id=\"bt_bb_section6a093919c00e9\" class=\"bt_bb_section bt_bb_layout_boxed_1200\"  data-bt-override-class=\"null\"><div class=\"bt_bb_port\"><div class=\"bt_bb_cell\"><div class=\"bt_bb_cell_inner\"><div class=\"bt_bb_row_wrapper\"><div  class=\"bt_bb_row\"  data-bt-override-class=\"{}\"><div data-bb-version=\"4.8.8\"  class=\"bt_bb_column col-xxl-12 col-xl-12 col-xs-12 col-sm-12 col-md-12 col-lg-12 bt_bb_vertical_align_top bt_bb_align_left bt_bb_padding_normal\"  data-width=\"12\" data-bt-override-class=\"{}\"><div class=\"bt_bb_column_content\"><div class=\"bt_bb_column_content_inner\"><\/div><\/div><\/div><\/div><\/div><\/div><!-- cell_inner --><\/div><!-- cell --><\/div><!-- port --><\/section>","protected":false},"excerpt":{"rendered":"<p>Adopter de mani\u00e8re convaincante l&rsquo;e-business gr\u00e2ce \u00e0 un capital intellectuel convivial.<br \/>\nActualiser de mani\u00e8re interactive les processus frontaux gr\u00e2ce \u00e0 des m\u00e9thodes efficaces bas\u00e9es sur la convergence. <\/p>\n","protected":false},"author":1,"featured_media":4754,"parent":5094,"menu_order":0,"comment_status":"closed","ping_status":"closed","template":"","meta":{"_acf_changed":false,"footnotes":""},"class_list":["post-5087","page","type-page","status-publish","has-post-thumbnail","hentry"],"acf":[],"_links":{"self":[{"href":"https:\/\/grass.10dxgroup.com\/fr\/wp-json\/wp\/v2\/pages\/5087","targetHints":{"allow":["GET"]}}],"collection":[{"href":"https:\/\/grass.10dxgroup.com\/fr\/wp-json\/wp\/v2\/pages"}],"about":[{"href":"https:\/\/grass.10dxgroup.com\/fr\/wp-json\/wp\/v2\/types\/page"}],"author":[{"embeddable":true,"href":"https:\/\/grass.10dxgroup.com\/fr\/wp-json\/wp\/v2\/users\/1"}],"replies":[{"embeddable":true,"href":"https:\/\/grass.10dxgroup.com\/fr\/wp-json\/wp\/v2\/comments?post=5087"}],"version-history":[{"count":1,"href":"https:\/\/grass.10dxgroup.com\/fr\/wp-json\/wp\/v2\/pages\/5087\/revisions"}],"predecessor-version":[{"id":5092,"href":"https:\/\/grass.10dxgroup.com\/fr\/wp-json\/wp\/v2\/pages\/5087\/revisions\/5092"}],"up":[{"embeddable":true,"href":"https:\/\/grass.10dxgroup.com\/fr\/wp-json\/wp\/v2\/pages\/5094"}],"wp:featuredmedia":[{"embeddable":true,"href":"https:\/\/grass.10dxgroup.com\/fr\/wp-json\/wp\/v2\/media\/4754"}],"wp:attachment":[{"href":"https:\/\/grass.10dxgroup.com\/fr\/wp-json\/wp\/v2\/media?parent=5087"}],"curies":[{"name":"wp","href":"https:\/\/api.w.org\/{rel}","templated":true}]}}