{"id":5188,"date":"2024-05-16T14:14:31","date_gmt":"2024-05-16T14:14:31","guid":{"rendered":"https:\/\/grass.10dxgroup.com\/sites-et-equipe\/lequipe\/maelle-denzler\/"},"modified":"2024-08-13T09:23:49","modified_gmt":"2024-08-13T09:23:49","slug":"maelle-denzler","status":"publish","type":"page","link":"https:\/\/grass.10dxgroup.com\/fr\/sites-et-equipe\/lequipe\/maelle-denzler\/","title":{"rendered":"Ma\u00eblle Denzler"},"content":{"rendered":"\t\t<div data-elementor-type=\"wp-page\" data-elementor-id=\"5188\" class=\"elementor elementor-5188 elementor-4188\">\n\t\t\t\t<div class=\"elementor-element elementor-element-fb88fc e-flex e-con-boxed e-con e-parent\" data-id=\"fb88fc\" data-element_type=\"container\">\n\t\t\t\t\t<div class=\"e-con-inner\">\n\t\t\t\t\t<\/div>\n\t\t\t\t<\/div>\n\t\t<div class=\"elementor-element elementor-element-56bc41f e-flex e-con-boxed e-con e-parent\" data-id=\"56bc41f\" data-element_type=\"container\">\n\t\t\t\t\t<div class=\"e-con-inner\">\n\t\t\t\t\t<\/div>\n\t\t\t\t<\/div>\n\t\t\t\t<\/div>\n\t\t","protected":false},"excerpt":{"rendered":"<p>Adopter de mani\u00e8re convaincante l&rsquo;e-business gr\u00e2ce \u00e0 un capital intellectuel convivial.<br \/>\nActualiser de mani\u00e8re interactive les processus frontaux gr\u00e2ce \u00e0 des m\u00e9thodes efficaces bas\u00e9es sur la convergence. <\/p>\n","protected":false},"author":1,"featured_media":0,"parent":5014,"menu_order":0,"comment_status":"closed","ping_status":"closed","template":"","meta":{"_acf_changed":false,"footnotes":""},"class_list":["post-5188","page","type-page","status-publish","hentry"],"acf":[],"_links":{"self":[{"href":"https:\/\/grass.10dxgroup.com\/fr\/wp-json\/wp\/v2\/pages\/5188","targetHints":{"allow":["GET"]}}],"collection":[{"href":"https:\/\/grass.10dxgroup.com\/fr\/wp-json\/wp\/v2\/pages"}],"about":[{"href":"https:\/\/grass.10dxgroup.com\/fr\/wp-json\/wp\/v2\/types\/page"}],"author":[{"embeddable":true,"href":"https:\/\/grass.10dxgroup.com\/fr\/wp-json\/wp\/v2\/users\/1"}],"replies":[{"embeddable":true,"href":"https:\/\/grass.10dxgroup.com\/fr\/wp-json\/wp\/v2\/comments?post=5188"}],"version-history":[{"count":6,"href":"https:\/\/grass.10dxgroup.com\/fr\/wp-json\/wp\/v2\/pages\/5188\/revisions"}],"predecessor-version":[{"id":5198,"href":"https:\/\/grass.10dxgroup.com\/fr\/wp-json\/wp\/v2\/pages\/5188\/revisions\/5198"}],"up":[{"embeddable":true,"href":"https:\/\/grass.10dxgroup.com\/fr\/wp-json\/wp\/v2\/pages\/5014"}],"wp:attachment":[{"href":"https:\/\/grass.10dxgroup.com\/fr\/wp-json\/wp\/v2\/media?parent=5188"}],"curies":[{"name":"wp","href":"https:\/\/api.w.org\/{rel}","templated":true}]}}