{"id":5225,"date":"2024-05-16T13:57:14","date_gmt":"2024-05-16T13:57:14","guid":{"rendered":"https:\/\/grass.10dxgroup.com\/sites-et-equipe\/lequipe\/christoph-zurbrugg\/"},"modified":"2024-08-13T09:23:56","modified_gmt":"2024-08-13T09:23:56","slug":"christoph-zurbrugg","status":"publish","type":"page","link":"https:\/\/grass.10dxgroup.com\/fr\/sites-et-equipe\/lequipe\/christoph-zurbrugg\/","title":{"rendered":"Christoph Zurbr\u00fcgg"},"content":{"rendered":"<section id=\"bt_bb_section6a09408dbc84c\" class=\"bt_bb_section bt_bb_layout_wide bt_bb_vertical_align_top bt_bb_highlighted_no\"  data-bt-override-class=\"null\"><div class=\"bt_bb_port\"><div class=\"bt_bb_cell\"><div class=\"bt_bb_cell_inner\"><div class=\"bt_bb_row_wrapper\"><div  class=\"bt_bb_row\"  data-bt-override-class=\"{}\"><div data-bb-version=\"4.8.8\"  class=\"bt_bb_column col-xxl-6 col-xl-6 col-xs-12 col-sm-6 col-md-6 col-lg-6 bt_bb_vertical_align_top bt_bb_align_center bt_bb_padding_none bt_bb_highlighted_no\"  data-width=\"6\" data-bt-override-class=\"{&quot;bt_bb_align_&quot;:{&quot;current_class&quot;:&quot;bt_bb_align_center&quot;,&quot;xxl&quot;:&quot;center&quot;},&quot;bt_bb_padding_&quot;:{&quot;current_class&quot;:&quot;bt_bb_padding_none&quot;,&quot;xxl&quot;:&quot;none&quot;}}\"><div class=\"bt_bb_column_content\"><div class=\"bt_bb_column_content_inner\"><div data-bb-version=\"4.8.8\" class=\"bt_bb_separator bt_bb_border_style_none bt_bb_top_spacing_none bt_bb_bottom_spacing_medium\" data-bt-override-class=\"{&quot;bt_bb_top_spacing_&quot;:{&quot;current_class&quot;:&quot;bt_bb_top_spacing_none&quot;,&quot;xxl&quot;:&quot;none&quot;},&quot;bt_bb_bottom_spacing_&quot;:{&quot;current_class&quot;:&quot;bt_bb_bottom_spacing_medium&quot;,&quot;xxl&quot;:&quot;medium&quot;}}\"><\/div><div data-bb-version=\"4.8.8\" class=\"bt_bb_image bt_bb_shape_soft-rounded bt_bb_target_self bt_bb_align_inherit bt_bb_hover_style_simple bt_bb_content_display_always bt_bb_content_align_middle\" data-bt-override-class=\"{&quot;bt_bb_align_&quot;:{&quot;current_class&quot;:&quot;bt_bb_align_inherit&quot;,&quot;xxl&quot;:&quot;inherit&quot;},&quot;bt_bb_content_display_&quot;:{&quot;current_class&quot;:&quot;bt_bb_content_display_always&quot;,&quot;xxl&quot;:&quot;always&quot;}}\"><span><img fetchpriority=\"high\" decoding=\"async\" width=\"640\" height=\"723\" src=\"https:\/\/grass.10dxgroup.com\/wp-content\/uploads\/2024\/05\/Portrait_hoch_Christoph_Web_CF848097-640x723.jpg\" class=\"attachment-medium size-medium\" alt=\"https:\/\/grass.10dxgroup.com\/wp-content\/uploads\/2024\/05\/Portrait_hoch_Christoph_Web_CF848097-640x723.jpg\" data-full_image_src=\"https:\/\/grass.10dxgroup.com\/wp-content\/uploads\/2024\/05\/Portrait_hoch_Christoph_Web_CF848097.jpg\" title=\"Portrait_hoch_Christoph_Web_CF848097\" srcset=\"https:\/\/grass.10dxgroup.com\/wp-content\/uploads\/2024\/05\/Portrait_hoch_Christoph_Web_CF848097-640x723.jpg 640w, https:\/\/grass.10dxgroup.com\/wp-content\/uploads\/2024\/05\/Portrait_hoch_Christoph_Web_CF848097-768x868.jpg 768w, https:\/\/grass.10dxgroup.com\/wp-content\/uploads\/2024\/05\/Portrait_hoch_Christoph_Web_CF848097-320x362.jpg 320w, https:\/\/grass.10dxgroup.com\/wp-content\/uploads\/2024\/05\/Portrait_hoch_Christoph_Web_CF848097.jpg 900w\" sizes=\"(max-width: 640px) 100vw, 640px\" \/><\/span><\/div><div data-bb-version=\"4.8.8\" class=\"bt_bb_separator bt_bb_border_style_none bt_bb_top_spacing_none bt_bb_bottom_spacing_medium\" data-bt-override-class=\"{&quot;bt_bb_top_spacing_&quot;:{&quot;current_class&quot;:&quot;bt_bb_top_spacing_none&quot;,&quot;xxl&quot;:&quot;none&quot;},&quot;bt_bb_bottom_spacing_&quot;:{&quot;current_class&quot;:&quot;bt_bb_bottom_spacing_medium&quot;,&quot;xxl&quot;:&quot;medium&quot;}}\"><\/div><div data-bb-version=\"4.8.8\" class=\"bt_bb_icon bt_bb_style_outline bt_bb_size_xsmall bt_bb_shape_circle bt_bb_align_inherit\" data-bt-override-class=\"{&quot;bt_bb_size_&quot;:{&quot;current_class&quot;:&quot;bt_bb_size_xsmall&quot;,&quot;xxl&quot;:&quot;xsmall&quot;},&quot;bt_bb_align_&quot;:{&quot;current_class&quot;:&quot;bt_bb_align_inherit&quot;,&quot;xxl&quot;:&quot;inherit&quot;}}\"><a href=\"https:\/\/www.linkedin.com\/in\/christoph-samuel-zurbr%C3%BCgg-aa4522\/\"  target=\"_self\" data-ico-fontawesome=\"&#xf0e1;\" class=\"bt_bb_icon_holder\"><\/a><\/div><div data-bb-version=\"4.8.8\" class=\"bt_bb_icon bt_bb_style_outline bt_bb_size_xsmall bt_bb_shape_circle bt_bb_align_inherit\" data-bt-override-class=\"{&quot;bt_bb_size_&quot;:{&quot;current_class&quot;:&quot;bt_bb_size_xsmall&quot;,&quot;xxl&quot;:&quot;xsmall&quot;},&quot;bt_bb_align_&quot;:{&quot;current_class&quot;:&quot;bt_bb_align_inherit&quot;,&quot;xxl&quot;:&quot;inherit&quot;}}\"><a href=\"https:\/\/www.xing.com\/profile\/ChristophSamuel_Zurbruegg\/cv\"  target=\"_self\" data-ico-fontawesome=\"&#xf168;\" class=\"bt_bb_icon_holder\"><\/a><\/div><div data-bb-version=\"4.8.8\" class=\"bt_bb_separator bt_bb_border_style_none bt_bb_top_spacing_none bt_bb_bottom_spacing_medium\" data-bt-override-class=\"{&quot;bt_bb_top_spacing_&quot;:{&quot;current_class&quot;:&quot;bt_bb_top_spacing_none&quot;,&quot;xxl&quot;:&quot;none&quot;},&quot;bt_bb_bottom_spacing_&quot;:{&quot;current_class&quot;:&quot;bt_bb_bottom_spacing_medium&quot;,&quot;xxl&quot;:&quot;medium&quot;}}\"><\/div><div class=\"bt_bb_image bt_bb_shape_square bt_bb_target_self bt_bb_align_inherit bt_bb_hover_style_simple bt_bb_content_display_always bt_bb_content_align_middle\" data-bt-override-class=\"{}\"><span><img decoding=\"async\" width=\"62\" height=\"58\" src=\"https:\/\/grass.10dxgroup.com\/wp-content\/uploads\/2018\/01\/quote.png\" class=\"attachment-full size-full\" alt=\"https:\/\/grass.10dxgroup.com\/wp-content\/uploads\/2018\/01\/quote.png\" data-full_image_src=\"https:\/\/grass.10dxgroup.com\/wp-content\/uploads\/2018\/01\/quote.png\" title=\"quote\" \/><\/span><\/div><header data-bb-version=\"4.8.8\" class=\"bt_bb_headline team-member-image bt_bb_font_weight_light bt_bb_dash_bottom bt_bb_subheadline bt_bb_size_large bt_bb_align_inherit\" data-bt-override-class=\"{&quot;bt_bb_size_&quot;:{&quot;current_class&quot;:&quot;bt_bb_size_large&quot;,&quot;xxl&quot;:&quot;large&quot;},&quot;bt_bb_align_&quot;:{&quot;current_class&quot;:&quot;bt_bb_align_inherit&quot;,&quot;xxl&quot;:&quot;inherit&quot;}}\"><h3><span class=\"bt_bb_headline_content\"><span>Pour voir clair, il suffit souvent de changer la direction de son regard.<\/span><\/span><\/h3><div class=\"bt_bb_headline_subheadline\">Antoine de Saint-Exup\u00e9ry (1900-1944)<\/div><\/header><div data-bb-version=\"4.8.8\" class=\"bt_bb_separator bt_bb_border_style_none bt_bb_top_spacing_none bt_bb_bottom_spacing_medium\" data-bt-override-class=\"{&quot;bt_bb_top_spacing_&quot;:{&quot;current_class&quot;:&quot;bt_bb_top_spacing_none&quot;,&quot;xxl&quot;:&quot;none&quot;},&quot;bt_bb_bottom_spacing_&quot;:{&quot;current_class&quot;:&quot;bt_bb_bottom_spacing_medium&quot;,&quot;xxl&quot;:&quot;medium&quot;}}\"><\/div><\/div><\/div><\/div><div data-bb-version=\"4.8.8\"  class=\"bt_bb_column col-xxl-6 col-xl-6 col-xs-12 col-sm-6 col-md-6 col-lg-6 bt_bb_vertical_align_middle bt_bb_align_left bt_bb_padding_none bt_bb_animation_fade_in animate bt_bb_highlighted_no\"  data-width=\"6\" data-bt-override-class=\"{&quot;bt_bb_align_&quot;:{&quot;current_class&quot;:&quot;bt_bb_align_left&quot;,&quot;xxl&quot;:&quot;left&quot;},&quot;bt_bb_padding_&quot;:{&quot;current_class&quot;:&quot;bt_bb_padding_none&quot;,&quot;xxl&quot;:&quot;none&quot;}}\"><div class=\"bt_bb_column_content\"><div class=\"bt_bb_column_content_inner\"><div data-bb-version=\"4.8.8\" class=\"bt_bb_separator bt_bb_border_style_none bt_bb_top_spacing_none bt_bb_bottom_spacing_medium\" data-bt-override-class=\"{&quot;bt_bb_top_spacing_&quot;:{&quot;current_class&quot;:&quot;bt_bb_top_spacing_none&quot;,&quot;xxl&quot;:&quot;none&quot;},&quot;bt_bb_bottom_spacing_&quot;:{&quot;current_class&quot;:&quot;bt_bb_bottom_spacing_medium&quot;,&quot;xxl&quot;:&quot;medium&quot;}}\"><\/div><header data-bb-version=\"4.8.8\" class=\"bt_bb_headline team-member-profile bt_bb_dash_bottom bt_bb_subheadline bt_bb_size_normal bt_bb_align_inherit\" data-bt-override-class=\"{&quot;bt_bb_size_&quot;:{&quot;current_class&quot;:&quot;bt_bb_size_normal&quot;,&quot;xxl&quot;:&quot;normal&quot;},&quot;bt_bb_align_&quot;:{&quot;current_class&quot;:&quot;bt_bb_align_inherit&quot;,&quot;xxl&quot;:&quot;inherit&quot;}}\"><h1><span class=\"bt_bb_headline_content\"><span>Christoph Zurbr\u00fcgg<\/span><\/span><\/h1><div class=\"bt_bb_headline_subheadline\">Consultant principal\/associ\u00e9<\/div><\/header><div data-bb-version=\"4.8.8\" class=\"bt_bb_separator bt_bb_border_style_none bt_bb_top_spacing_none bt_bb_bottom_spacing_medium\" data-bt-override-class=\"{&quot;bt_bb_top_spacing_&quot;:{&quot;current_class&quot;:&quot;bt_bb_top_spacing_none&quot;,&quot;xxl&quot;:&quot;none&quot;},&quot;bt_bb_bottom_spacing_&quot;:{&quot;current_class&quot;:&quot;bt_bb_bottom_spacing_medium&quot;,&quot;xxl&quot;:&quot;medium&quot;}}\"><\/div><div data-bb-version=\"4.8.8\"  class=\"bt_bb_text team-member-profile\" ><p>Permettez-moi de commencer par un mot de gratitude : Tout au long de ma carri\u00e8re, j&rsquo;ai souvent eu l&rsquo;occasion de changer de perspective.<br \/>\n\u00c0 Berthoud, j&rsquo;ai fr\u00e9quent\u00e9 un lyc\u00e9e ax\u00e9 sur la linguistique et j&rsquo;ai eu l&rsquo;occasion unique de poursuivre mon int\u00e9r\u00eat pour les langues.<br \/>\nCuriosit\u00e9.<br \/>\nAu cours de mon ann\u00e9e de lyc\u00e9e en tant qu&rsquo;\u00e9tudiant \u00e9tranger \u00e0 San Francisco, j&rsquo;ai eu l&rsquo;occasion de m&rsquo;\u00e9panouir et d&rsquo;acqu\u00e9rir de pr\u00e9cieuses exp\u00e9riences de vie.<br \/>\nEn tant que jeune, j&rsquo;ai compris qu&rsquo;il y a beaucoup d&rsquo;autres endroits dans le monde o\u00f9 vivent des gens comme moi, certains avec des vies quotidiennes similaires et d&rsquo;autres avec des vies tr\u00e8s diff\u00e9rentes.<br \/>\nCette prise de conscience m&rsquo;a aid\u00e9 \u00e0 appr\u00e9cier la diversit\u00e9 des perspectives dans le monde.<br \/>\nEn outre, j&rsquo;ai compris que la vie ne se r\u00e9sume pas \u00e0 mon pays d&rsquo;origine, la Suisse.<br \/>\nDiversit\u00e9 des points de vue.<br \/>\nJ&rsquo;ai \u00e9tudi\u00e9 l&rsquo;\u00e9conomie \u00e0 l&rsquo;universit\u00e9 de Berne, puis j&rsquo;ai eu l&rsquo;occasion d&rsquo;approfondir mes connaissances en sciences politiques en \u00e9tudiant \u00e0 l&rsquo;\u00e9tranger, en France, dans le cadre du programme Erasmus.<br \/>\nCette exp\u00e9rience a \u00e9t\u00e9 enrichissante car elle m&rsquo;a permis d&rsquo;acqu\u00e9rir une nouvelle perspective sur les domaines d&rsquo;\u00e9tudes que j&rsquo;avais choisis.<br \/>\nVari\u00e9t\u00e9.<br \/>\nMon travail d&rsquo;aide-soignante, que j&rsquo;ai pu effectuer parall\u00e8lement \u00e0 mes \u00e9tudes, a satisfait mon besoin d&rsquo;interaction et de contact social, combin\u00e9 \u00e0 une activit\u00e9 utile.<br \/>\nJ&rsquo;ai \u00e9t\u00e9 impressionn\u00e9e par le personnel et les r\u00e9sidents, qui utilisaient leurs ressources pour cr\u00e9er une vie quotidienne digne et humaine.<br \/>\nJ&rsquo;ai r\u00e9alis\u00e9 que la communication, la curiosit\u00e9, l&rsquo;initiative, le soutien mutuel et le d\u00e9veloppement sont des \u00e9l\u00e9ments qui m&rsquo;animent \u00e9galement dans un environnement professionnel.<br \/>\nUne page se tourne.<br \/>\nMa carri\u00e8re m&rsquo;a permis de d\u00e9couvrir des secteurs, des entreprises, des fonctions et des pays diff\u00e9rents.<br \/>\nJ&rsquo;ai commenc\u00e9 par un poste passionnant dans la vente au d\u00e9tail, mais mon objectif a toujours \u00e9t\u00e9 d&rsquo;\u00e9voluer vers un poste dans les ressources humaines.<br \/>\nChangement de cap.<br \/>\nTout au long de ma carri\u00e8re de professionnelle des ressources humaines, j&rsquo;ai acquis une exp\u00e9rience pr\u00e9cieuse en travaillant dans diff\u00e9rents secteurs.<br \/>\nJ&rsquo;ai commenc\u00e9 dans une entreprise de fabrication industrielle, puis j&rsquo;ai travaill\u00e9 pour trois entreprises internationales diff\u00e9rentes dans le secteur de la sant\u00e9.<br \/>\nDans ces fonctions, j&rsquo;ai g\u00e9r\u00e9 et soutenu avec succ\u00e8s des projets de changement et d&rsquo;int\u00e9gration, j&rsquo;ai d\u00e9velopp\u00e9 des programmes de gestion des talents et des performances, j&rsquo;ai form\u00e9 des managers dans ces domaines et j&rsquo;ai agi en tant que sparring partner de confiance pour mes clients.<br \/>\nCoaching.<br \/>\nPendant mon s\u00e9jour au D\u00e9partement f\u00e9d\u00e9ral des affaires \u00e9trang\u00e8res (DFAE), j&rsquo;ai travaill\u00e9 \u00e0 la repr\u00e9sentation des int\u00e9r\u00eats des ambassadeurs suisses dans le r\u00e9seau suisse \u00e0 l&rsquo;\u00e9tranger, dans l&rsquo;esprit de la \u00ab\u00a0Swissness\u00a0\u00bb.<br \/>\nR\u00e9orientation.<br \/>\nDans quelle direction souhaitez-vous aller ?<br \/>\nTravaillons ensemble pour cr\u00e9er une vision claire, transparente et digne de confiance.<br \/>\nJe me r\u00e9jouis de vous rencontrer !<\/p>\n<\/div><div data-bb-version=\"4.8.8\" class=\"bt_bb_separator bt_bb_border_style_none bt_bb_top_spacing_none bt_bb_bottom_spacing_medium\" data-bt-override-class=\"{&quot;bt_bb_top_spacing_&quot;:{&quot;current_class&quot;:&quot;bt_bb_top_spacing_none&quot;,&quot;xxl&quot;:&quot;none&quot;},&quot;bt_bb_bottom_spacing_&quot;:{&quot;current_class&quot;:&quot;bt_bb_bottom_spacing_medium&quot;,&quot;xxl&quot;:&quot;medium&quot;}}\"><\/div><\/div><\/div><\/div><\/div><\/div><\/div><!-- cell_inner --><\/div><!-- cell --><\/div><!-- port --><\/section>","protected":false},"excerpt":{"rendered":"<p>Adopter de mani\u00e8re convaincante l&rsquo;e-business gr\u00e2ce \u00e0 un capital intellectuel convivial.<br \/>\nActualiser de mani\u00e8re interactive les processus frontaux gr\u00e2ce \u00e0 des m\u00e9thodes efficaces bas\u00e9es sur la convergence. <\/p>\n","protected":false},"author":1,"featured_media":0,"parent":5014,"menu_order":0,"comment_status":"closed","ping_status":"closed","template":"","meta":{"_acf_changed":false,"footnotes":""},"class_list":["post-5225","page","type-page","status-publish","hentry"],"acf":[],"_links":{"self":[{"href":"https:\/\/grass.10dxgroup.com\/fr\/wp-json\/wp\/v2\/pages\/5225","targetHints":{"allow":["GET"]}}],"collection":[{"href":"https:\/\/grass.10dxgroup.com\/fr\/wp-json\/wp\/v2\/pages"}],"about":[{"href":"https:\/\/grass.10dxgroup.com\/fr\/wp-json\/wp\/v2\/types\/page"}],"author":[{"embeddable":true,"href":"https:\/\/grass.10dxgroup.com\/fr\/wp-json\/wp\/v2\/users\/1"}],"replies":[{"embeddable":true,"href":"https:\/\/grass.10dxgroup.com\/fr\/wp-json\/wp\/v2\/comments?post=5225"}],"version-history":[{"count":1,"href":"https:\/\/grass.10dxgroup.com\/fr\/wp-json\/wp\/v2\/pages\/5225\/revisions"}],"predecessor-version":[{"id":5229,"href":"https:\/\/grass.10dxgroup.com\/fr\/wp-json\/wp\/v2\/pages\/5225\/revisions\/5229"}],"up":[{"embeddable":true,"href":"https:\/\/grass.10dxgroup.com\/fr\/wp-json\/wp\/v2\/pages\/5014"}],"wp:attachment":[{"href":"https:\/\/grass.10dxgroup.com\/fr\/wp-json\/wp\/v2\/media?parent=5225"}],"curies":[{"name":"wp","href":"https:\/\/api.w.org\/{rel}","templated":true}]}}