{"id":5253,"date":"2024-05-16T13:49:52","date_gmt":"2024-05-16T13:49:52","guid":{"rendered":"https:\/\/grass.10dxgroup.com\/sites-et-equipe\/lequipe\/peter-luthi\/"},"modified":"2024-08-13T09:24:02","modified_gmt":"2024-08-13T09:24:02","slug":"peter-luthi","status":"publish","type":"page","link":"https:\/\/grass.10dxgroup.com\/fr\/sites-et-equipe\/lequipe\/peter-luthi\/","title":{"rendered":"Peter L\u00fcthi"},"content":{"rendered":"<section id=\"bt_bb_section6a0938f59d2f9\" class=\"bt_bb_section bt_bb_layout_wide bt_bb_vertical_align_top bt_bb_highlighted_no\"  data-bt-override-class=\"null\"><div class=\"bt_bb_port\"><div class=\"bt_bb_cell\"><div class=\"bt_bb_cell_inner\"><div class=\"bt_bb_row_wrapper\"><div  class=\"bt_bb_row\"  data-bt-override-class=\"{}\"><div data-bb-version=\"4.8.8\"  class=\"bt_bb_column col-xxl-6 col-xl-6 col-xs-12 col-sm-6 col-md-6 col-lg-6 bt_bb_vertical_align_top bt_bb_align_center bt_bb_padding_none bt_bb_highlighted_no\"  data-width=\"6\" data-bt-override-class=\"{&quot;bt_bb_align_&quot;:{&quot;current_class&quot;:&quot;bt_bb_align_center&quot;,&quot;xxl&quot;:&quot;center&quot;},&quot;bt_bb_padding_&quot;:{&quot;current_class&quot;:&quot;bt_bb_padding_none&quot;,&quot;xxl&quot;:&quot;none&quot;}}\"><div class=\"bt_bb_column_content\"><div class=\"bt_bb_column_content_inner\"><div data-bb-version=\"4.8.8\" class=\"bt_bb_separator bt_bb_border_style_none bt_bb_top_spacing_none bt_bb_bottom_spacing_medium\" data-bt-override-class=\"{&quot;bt_bb_top_spacing_&quot;:{&quot;current_class&quot;:&quot;bt_bb_top_spacing_none&quot;,&quot;xxl&quot;:&quot;none&quot;},&quot;bt_bb_bottom_spacing_&quot;:{&quot;current_class&quot;:&quot;bt_bb_bottom_spacing_medium&quot;,&quot;xxl&quot;:&quot;medium&quot;}}\"><\/div><div data-bb-version=\"4.8.8\" class=\"bt_bb_image bt_bb_shape_soft-rounded bt_bb_target_self bt_bb_align_inherit bt_bb_hover_style_simple bt_bb_content_display_always bt_bb_content_align_middle\" data-bt-override-class=\"{&quot;bt_bb_align_&quot;:{&quot;current_class&quot;:&quot;bt_bb_align_inherit&quot;,&quot;xxl&quot;:&quot;inherit&quot;},&quot;bt_bb_content_display_&quot;:{&quot;current_class&quot;:&quot;bt_bb_content_display_always&quot;,&quot;xxl&quot;:&quot;always&quot;}}\"><span><img fetchpriority=\"high\" decoding=\"async\" width=\"354\" height=\"400\" src=\"https:\/\/grass.10dxgroup.com\/wp-content\/uploads\/2024\/05\/Portrait_Luethi_Peter_CF591810.jpg\" class=\"attachment-full size-full\" alt=\"https:\/\/grass.10dxgroup.com\/wp-content\/uploads\/2024\/05\/Portrait_Luethi_Peter_CF591810.jpg\" data-full_image_src=\"https:\/\/grass.10dxgroup.com\/wp-content\/uploads\/2024\/05\/Portrait_Luethi_Peter_CF591810.jpg\" title=\"Portrait_Luethi_Peter_CF591810\" srcset=\"https:\/\/grass.10dxgroup.com\/wp-content\/uploads\/2024\/05\/Portrait_Luethi_Peter_CF591810.jpg 354w, https:\/\/grass.10dxgroup.com\/wp-content\/uploads\/2024\/05\/Portrait_Luethi_Peter_CF591810-320x362.jpg 320w\" sizes=\"(max-width: 354px) 100vw, 354px\" \/><\/span><\/div><div data-bb-version=\"4.8.8\" class=\"bt_bb_separator bt_bb_border_style_none bt_bb_top_spacing_none bt_bb_bottom_spacing_medium\" data-bt-override-class=\"{&quot;bt_bb_top_spacing_&quot;:{&quot;current_class&quot;:&quot;bt_bb_top_spacing_none&quot;,&quot;xxl&quot;:&quot;none&quot;},&quot;bt_bb_bottom_spacing_&quot;:{&quot;current_class&quot;:&quot;bt_bb_bottom_spacing_medium&quot;,&quot;xxl&quot;:&quot;medium&quot;}}\"><\/div><div data-bb-version=\"4.8.8\" class=\"bt_bb_icon bt_bb_style_outline bt_bb_size_xsmall bt_bb_shape_circle bt_bb_align_inherit\" data-bt-override-class=\"{&quot;bt_bb_size_&quot;:{&quot;current_class&quot;:&quot;bt_bb_size_xsmall&quot;,&quot;xxl&quot;:&quot;xsmall&quot;},&quot;bt_bb_align_&quot;:{&quot;current_class&quot;:&quot;bt_bb_align_inherit&quot;,&quot;xxl&quot;:&quot;inherit&quot;}}\"><a href=\"https:\/\/www.linkedin.com\/in\/peter-luethi-5005251\/\"  target=\"_self\" data-ico-fontawesome=\"&#xf0e1;\" class=\"bt_bb_icon_holder\"><\/a><\/div><div data-bb-version=\"4.8.8\" class=\"bt_bb_icon bt_bb_style_outline bt_bb_size_xsmall bt_bb_shape_circle bt_bb_align_inherit\" data-bt-override-class=\"{&quot;bt_bb_size_&quot;:{&quot;current_class&quot;:&quot;bt_bb_size_xsmall&quot;,&quot;xxl&quot;:&quot;xsmall&quot;},&quot;bt_bb_align_&quot;:{&quot;current_class&quot;:&quot;bt_bb_align_inherit&quot;,&quot;xxl&quot;:&quot;inherit&quot;}}\"><a href=\"https:\/\/www.xing.com\/profile\/Peter_Luethi?sc_o=ps2867\"  target=\"_self\" data-ico-fontawesome=\"&#xf168;\" class=\"bt_bb_icon_holder\"><\/a><\/div><div data-bb-version=\"4.8.8\" class=\"bt_bb_separator bt_bb_border_style_none bt_bb_top_spacing_none bt_bb_bottom_spacing_medium\" data-bt-override-class=\"{&quot;bt_bb_top_spacing_&quot;:{&quot;current_class&quot;:&quot;bt_bb_top_spacing_none&quot;,&quot;xxl&quot;:&quot;none&quot;},&quot;bt_bb_bottom_spacing_&quot;:{&quot;current_class&quot;:&quot;bt_bb_bottom_spacing_medium&quot;,&quot;xxl&quot;:&quot;medium&quot;}}\"><\/div><div class=\"bt_bb_image bt_bb_shape_square bt_bb_target_self bt_bb_align_inherit bt_bb_hover_style_simple bt_bb_content_display_always bt_bb_content_align_middle\" data-bt-override-class=\"{}\"><span><img decoding=\"async\" width=\"62\" height=\"58\" src=\"https:\/\/grass.10dxgroup.com\/wp-content\/uploads\/2018\/01\/quote.png\" class=\"attachment-full size-full\" alt=\"https:\/\/grass.10dxgroup.com\/wp-content\/uploads\/2018\/01\/quote.png\" data-full_image_src=\"https:\/\/grass.10dxgroup.com\/wp-content\/uploads\/2018\/01\/quote.png\" title=\"quote\" \/><\/span><\/div><header data-bb-version=\"4.8.8\" class=\"bt_bb_headline team-member-image bt_bb_font_weight_light bt_bb_dash_bottom bt_bb_subheadline bt_bb_size_large bt_bb_align_inherit\" data-bt-override-class=\"{&quot;bt_bb_size_&quot;:{&quot;current_class&quot;:&quot;bt_bb_size_large&quot;,&quot;xxl&quot;:&quot;large&quot;},&quot;bt_bb_align_&quot;:{&quot;current_class&quot;:&quot;bt_bb_align_inherit&quot;,&quot;xxl&quot;:&quot;inherit&quot;}}\"><h3><span class=\"bt_bb_headline_content\"><span>Le r\u00e9sultat le plus important de toute \u00e9ducation est la connaissance de soi.<\/span><\/span><\/h3><div class=\"bt_bb_headline_subheadline\">Ernst Freiherr von Feuchtersleben<\/div><\/header><div data-bb-version=\"4.8.8\" class=\"bt_bb_separator bt_bb_border_style_none bt_bb_top_spacing_none bt_bb_bottom_spacing_medium\" data-bt-override-class=\"{&quot;bt_bb_top_spacing_&quot;:{&quot;current_class&quot;:&quot;bt_bb_top_spacing_none&quot;,&quot;xxl&quot;:&quot;none&quot;},&quot;bt_bb_bottom_spacing_&quot;:{&quot;current_class&quot;:&quot;bt_bb_bottom_spacing_medium&quot;,&quot;xxl&quot;:&quot;medium&quot;}}\"><\/div><\/div><\/div><\/div><div data-bb-version=\"4.8.8\"  class=\"bt_bb_column col-xxl-6 col-xl-6 col-xs-12 col-sm-6 col-md-6 col-lg-6 bt_bb_vertical_align_middle bt_bb_align_left bt_bb_padding_none bt_bb_animation_fade_in animate bt_bb_highlighted_no\"  data-width=\"6\" data-bt-override-class=\"{&quot;bt_bb_align_&quot;:{&quot;current_class&quot;:&quot;bt_bb_align_left&quot;,&quot;xxl&quot;:&quot;left&quot;},&quot;bt_bb_padding_&quot;:{&quot;current_class&quot;:&quot;bt_bb_padding_none&quot;,&quot;xxl&quot;:&quot;none&quot;}}\"><div class=\"bt_bb_column_content\"><div class=\"bt_bb_column_content_inner\"><div data-bb-version=\"4.8.8\" class=\"bt_bb_separator bt_bb_border_style_none bt_bb_top_spacing_none bt_bb_bottom_spacing_medium\" data-bt-override-class=\"{&quot;bt_bb_top_spacing_&quot;:{&quot;current_class&quot;:&quot;bt_bb_top_spacing_none&quot;,&quot;xxl&quot;:&quot;none&quot;},&quot;bt_bb_bottom_spacing_&quot;:{&quot;current_class&quot;:&quot;bt_bb_bottom_spacing_medium&quot;,&quot;xxl&quot;:&quot;medium&quot;}}\"><\/div><header data-bb-version=\"4.8.8\" class=\"bt_bb_headline team-member-profile bt_bb_dash_bottom bt_bb_subheadline bt_bb_size_normal bt_bb_align_inherit\" data-bt-override-class=\"{&quot;bt_bb_size_&quot;:{&quot;current_class&quot;:&quot;bt_bb_size_normal&quot;,&quot;xxl&quot;:&quot;normal&quot;},&quot;bt_bb_align_&quot;:{&quot;current_class&quot;:&quot;bt_bb_align_inherit&quot;,&quot;xxl&quot;:&quot;inherit&quot;}}\"><h1><span class=\"bt_bb_headline_content\"><span>Peter L\u00fcthi<\/span><\/span><\/h1><div class=\"bt_bb_headline_subheadline\">Directeur de succursale Berne\/Partenaire<\/div><\/header><div data-bb-version=\"4.8.8\" class=\"bt_bb_separator bt_bb_border_style_none bt_bb_top_spacing_none bt_bb_bottom_spacing_medium\" data-bt-override-class=\"{&quot;bt_bb_top_spacing_&quot;:{&quot;current_class&quot;:&quot;bt_bb_top_spacing_none&quot;,&quot;xxl&quot;:&quot;none&quot;},&quot;bt_bb_bottom_spacing_&quot;:{&quot;current_class&quot;:&quot;bt_bb_bottom_spacing_medium&quot;,&quot;xxl&quot;:&quot;medium&quot;}}\"><\/div><div data-bb-version=\"4.8.8\"  class=\"bt_bb_text team-member-profile\" ><p>La connaissance de soi, ou clart\u00e9 de soi, est une base indispensable pour beaucoup de choses dans notre vie.<br \/>\nElle peut permettre, par exemple, d&rsquo;am\u00e9liorer les comp\u00e9tences en mati\u00e8re de leadership, de choisir une carri\u00e8re plus appropri\u00e9e et de fixer des objectifs plus efficaces, am\u00e9liorant ainsi la r\u00e9ussite et la satisfaction globales.<br \/>\nIl y a eu de tels tournants dans ma vie.<br \/>\nApr\u00e8s avoir termin\u00e9 mon apprentissage technique et obtenu mon dipl\u00f4me en informatique, je me suis lanc\u00e9 dans le monde fascinant et aux multiples facettes de la gestion et de la planification de projets.<br \/>\nMa riche exp\u00e9rience, issue d&rsquo;une multitude de projets informatiques passionnants, ainsi que mes \u00e9tudes de troisi\u00e8me cycle en gestion d&rsquo;entreprise m&rsquo;ont \u00e9t\u00e9 utiles pour ma prochaine \u00e9tape professionnelle.<br \/>\nEn tant que responsable des technologies de l&rsquo;information, j&rsquo;\u00e9tais charg\u00e9 de diriger le service informatique de deux entreprises industrielles distinctes.<br \/>\nEn recrutant et en constituant une \u00e9quipe informatique compl\u00e8te, j&rsquo;ai acquis une exp\u00e9rience pr\u00e9cieuse.<br \/>\nIl en a \u00e9t\u00e9 de m\u00eame lorsque j&rsquo;ai int\u00e9gr\u00e9 le site suisse \u00e0 la soci\u00e9t\u00e9 m\u00e8re au Royaume-Uni.<br \/>\nCes \u00e9tapes et d&rsquo;autres jalons de ma carri\u00e8re m&rsquo;ont clairement montr\u00e9 une chose : ma fascination pour les gens, leurs talents et leurs comp\u00e9tences.<br \/>\nEn toute logique, j&rsquo;ai donc suivi une formation de coach (MAS Coaching FHNW).<br \/>\nEnsuite, j&rsquo;ai travaill\u00e9 pour le plus grand fournisseur suisse de t\u00e9l\u00e9communications, en tant que responsable de la gestion de projet, o\u00f9 j&rsquo;\u00e9tais responsable de la gestion, du d\u00e9veloppement, du recrutement et du coaching de jusqu&rsquo;\u00e0 120 employ\u00e9s.<br \/>\nJe vis avec ma famille \u00e0 Bern-Bremgarten.<br \/>\nJe consacre une grande partie de mon temps libre \u00e0 ma passion pour la musique et le sport, en particulier les sports nautiques.<br \/>\nInvestissez dans votre propre avenir.<br \/>\nChez Grass &amp; Partner, nous vous conseillons de mani\u00e8re professionnelle et proactive, dans le cadre d&rsquo;un dialogue \u00e0 hauteur d&rsquo;yeux, plac\u00e9 sous le signe de la confiance et de la transparence.<br \/>\nJe me r\u00e9jouis de vous rencontrer.                 <\/p>\n<div><strong>Avez-vous besoin d&rsquo;un plus grand pouvoir de n\u00e9gociation en tant que cadre ?<\/strong><\/div>\n<p>  Vous souhaitez si\u00e9ger dans un conseil d&rsquo;administration ?<br \/>\nVous voulez savoir comment trouver une entreprise \u00e0 racheter et devenir entrepreneur ?<br \/>\nVous envisagez de r\u00e9orienter votre carri\u00e8re ?    <\/p>\n<div><strong>Vous \u00eates manager ou responsable du d\u00e9veloppement du personnel ?<\/strong><\/div>\n<p>  Vous souhaitez d\u00e9velopper vos managers de mani\u00e8re cibl\u00e9e et durable ?<br \/>\nNous accompagnons et soutenons vos managers dans le cadre d&rsquo;un processus transparent et hautement individualis\u00e9.<br \/>\nCe processus est con\u00e7u pour avoir un effet cibl\u00e9 et durable.<br \/>\nLe d\u00e9veloppement personnel et l&rsquo;am\u00e9lioration de la comp\u00e9tence sociale en mati\u00e8re de leadership constituent un exemple pour les autres, ce qui se traduit par une augmentation du succ\u00e8s.     <\/p>\n<div><strong>\u00cates-vous un responsable des ressources humaines dont les responsabilit\u00e9s incluent les licenciements ?<\/strong><\/div>\n<p>  Nous sommes vos experts en mati\u00e8re de gestion des s\u00e9parations et pouvons \u00e9laborer un programme personnalis\u00e9 de r\u00e9orientation professionnelle apr\u00e8s le licenciement.  <\/p>\n<div><strong>En tant que responsable des ressources humaines, souhaitez-vous conserver les employ\u00e9s que vous embauchez ?<\/strong><\/div>\n<p>  Nous accompagnons le processus d&rsquo;int\u00e9gration et soutenons les conjoints dans leur recherche de carri\u00e8re pendant le processus de relocalisation.<br \/>\nNous sommes \u00e9galement experts en \u00ab\u00a0carri\u00e8res tardives\u00a0\u00bb et aidons les clients de plus de 50 ans \u00e0 concevoir la meilleure carri\u00e8re possible \u00e0 ce stade de leur vie.<br \/>\nSi vous vous trouvez dans l&rsquo;une de ces situations, contactez-moi pour prendre rendez-vous, sans engagement, afin de d\u00e9terminer si nos services vous conviennent.<br \/>\nEt si vous \u00eates d\u00e9j\u00e0 l&rsquo;un de nos clients, je me r\u00e9jouis de pouvoir aborder ces sujets lors de l&rsquo;un de nos prochains \u00e9v\u00e9nements de r\u00e9seautage.<\/p>\n<\/div><div data-bb-version=\"4.8.8\" class=\"bt_bb_separator bt_bb_border_style_none bt_bb_top_spacing_none bt_bb_bottom_spacing_medium\" data-bt-override-class=\"{&quot;bt_bb_top_spacing_&quot;:{&quot;current_class&quot;:&quot;bt_bb_top_spacing_none&quot;,&quot;xxl&quot;:&quot;none&quot;},&quot;bt_bb_bottom_spacing_&quot;:{&quot;current_class&quot;:&quot;bt_bb_bottom_spacing_medium&quot;,&quot;xxl&quot;:&quot;medium&quot;}}\"><\/div><\/div><\/div><\/div><\/div><\/div><\/div><!-- cell_inner --><\/div><!-- cell --><\/div><!-- port --><\/section>","protected":false},"excerpt":{"rendered":"<p>Adopter de mani\u00e8re convaincante l&rsquo;e-business gr\u00e2ce \u00e0 un capital intellectuel convivial.<br \/>\nActualiser de mani\u00e8re interactive les processus frontaux gr\u00e2ce \u00e0 des m\u00e9thodes efficaces bas\u00e9es sur la convergence. <\/p>\n","protected":false},"author":1,"featured_media":0,"parent":5014,"menu_order":0,"comment_status":"closed","ping_status":"closed","template":"","meta":{"_acf_changed":false,"footnotes":""},"class_list":["post-5253","page","type-page","status-publish","hentry"],"acf":[],"_links":{"self":[{"href":"https:\/\/grass.10dxgroup.com\/fr\/wp-json\/wp\/v2\/pages\/5253","targetHints":{"allow":["GET"]}}],"collection":[{"href":"https:\/\/grass.10dxgroup.com\/fr\/wp-json\/wp\/v2\/pages"}],"about":[{"href":"https:\/\/grass.10dxgroup.com\/fr\/wp-json\/wp\/v2\/types\/page"}],"author":[{"embeddable":true,"href":"https:\/\/grass.10dxgroup.com\/fr\/wp-json\/wp\/v2\/users\/1"}],"replies":[{"embeddable":true,"href":"https:\/\/grass.10dxgroup.com\/fr\/wp-json\/wp\/v2\/comments?post=5253"}],"version-history":[{"count":1,"href":"https:\/\/grass.10dxgroup.com\/fr\/wp-json\/wp\/v2\/pages\/5253\/revisions"}],"predecessor-version":[{"id":5258,"href":"https:\/\/grass.10dxgroup.com\/fr\/wp-json\/wp\/v2\/pages\/5253\/revisions\/5258"}],"up":[{"embeddable":true,"href":"https:\/\/grass.10dxgroup.com\/fr\/wp-json\/wp\/v2\/pages\/5014"}],"wp:attachment":[{"href":"https:\/\/grass.10dxgroup.com\/fr\/wp-json\/wp\/v2\/media?parent=5253"}],"curies":[{"name":"wp","href":"https:\/\/api.w.org\/{rel}","templated":true}]}}